{"id":15935,"date":"2024-03-14T14:16:40","date_gmt":"2024-03-14T13:16:40","guid":{"rendered":"http:\/\/delikatesy.wineport.pl\/?product=nativa-sauvignon-blanc"},"modified":"2026-04-01T18:49:57","modified_gmt":"2026-04-01T16:49:57","slug":"nativa-sauvignon-blanc","status":"publish","type":"product","link":"http:\/\/delikatesy.wineport.pl\/?product=nativa-sauvignon-blanc","title":{"rendered":"NATIVA SAUVIGNON BLANC"},"content":{"rendered":"<p style=\"color: #939393; font-size: 15px; font-family: &quot;;\"><span style=\"color: #ff0000;\">UWAGA!!! NIE WYSY\u0141AMY ALKOHOLU KURIEREM W PRZYPADKU ZAM\u00d3WIE\u0143 OD OS\u00d3B PRYWATNYCH, TYLKO ODBI\u00d3R OSOBISTY NA UL. \u015aW. STANIS\u0141AWA 12 W WARSZAWIE!!! W przypadku op\u0142acenia zam\u00f3wienia alkoholu z wysy\u0142k\u0105, przy zwrocie pieni\u0119dzy zostanie potr\u0105cona prowizja\u00a0<\/span><strong style=\"color: #ff0000;\">DOTPAY<\/strong><span style=\"color: #ff0000;\">!<\/span><\/p>\n<p style=\"color: #939393; font-size: 15px; font-family: &quot;;\">Styl winu Sauvignon Blanc nadaje zimny Pr\u0105d Humboldta z Antarktydy, kt\u00f3ry p\u0142yn\u0105c wzd\u0142u\u017c chilijskiego wybrze\u017ca och\u0142adza doliny i odpowiada za charakterystyczn\u0105 jasno-s\u0142omkow\u0105 barw\u0119\u00a0 z kwiatowo-mineralnymi aromatami. \u015awietne wino ze \u015bwie\u017cymi owocami cytrusowymi, melonem, zielonym li\u015bciem pomidora i morel\u0105. W ustach pocz\u0105tkowo wyra\u017ane i \u017cywe z czasem staje si\u0119 pe\u0142ne i soczyste. Pozostawia bardzo d\u0142ugie i trwa\u0142e zako\u0144czenie. Znakomicie pasuje do owoc\u00f3w morza (szczeg\u00f3lnie ostryg i krewetek), ryb, sa\u0142atek i bia\u0142ego mi\u0119sa. \u015awietne jako aperitif. Szczep: 100% Sauvignon Blanc.<\/p>\n<p>\u00a0<\/p>\n<p style=\"color: #939393; font-size: 15px; font-family: &quot;;\">\u00a0<\/p>\n<div class=\"sliders-content\" style=\"font-size: medium; font-family: &quot;;\">\u00a0<\/div>\n","protected":false},"excerpt":{"rendered":"<p style=\"color: #939393; font-size: 15px; font-family: &quot;;\">Styl winu Sauvignon Blanc nadaje zimny Pr\u0105d Humboldta z Antarktydy, kt\u00f3ry p\u0142yn\u0105c wzd\u0142u\u017c chilijskiego wybrze\u017ca och\u0142adza doliny i odpowiada za charakterystyczn\u0105 jasno-s\u0142omkow\u0105 barw\u0119\u00a0 z kwiatowo-mineralnymi aromatami. \u015awietne wino ze \u015bwie\u017cymi owocami cytrusowymi, melonem, zielonym li\u015bciem pomidora i morel\u0105. W ustach pocz\u0105tkowo wyra\u017ane i \u017cywe z czasem staje si\u0119 pe\u0142ne i soczyste. Pozostawia bardzo d\u0142ugie i trwa\u0142e zako\u0144czenie. Znakomicie pasuje do owoc\u00f3w morza (szczeg\u00f3lnie ostryg i krewetek), ryb, sa\u0142atek i bia\u0142ego mi\u0119sa. \u015awietne jako aperitif. Szczep: 100% Sauvignon Blanc.<\/p>\n<p>\u00a0<\/p>\n<p style=\"color: #939393; font-size: 15px; font-family: &quot;;\">\u00a0<\/p>\n<div class=\"sliders-content\" style=\"font-size: medium; font-family: &quot;;\">\u00a0<\/div>\n<div class=\"sliders-content\" style=\"font-size: medium; font-family: &quot;;\">\n<div class=\"sliders-content\" style=\"font-size: medium; font-family: &quot;;\">\u00a0<\/div>\n<\/p><\/div>\n","protected":false},"featured_media":15934,"comment_status":"open","ping_status":"closed","template":"","meta":[],"product_cat":[82,80],"product_tag":[],"class_list":{"0":"post-15935","1":"product","2":"type-product","3":"status-publish","4":"has-post-thumbnail","6":"product_cat-chile","7":"product_cat-wina-swiata","9":"first","10":"instock","11":"shipping-taxable","12":"purchasable","13":"product-type-simple"},"_links":{"self":[{"href":"http:\/\/delikatesy.wineport.pl\/index.php?rest_route=\/wp\/v2\/product\/15935","targetHints":{"allow":["GET"]}}],"collection":[{"href":"http:\/\/delikatesy.wineport.pl\/index.php?rest_route=\/wp\/v2\/product"}],"about":[{"href":"http:\/\/delikatesy.wineport.pl\/index.php?rest_route=\/wp\/v2\/types\/product"}],"replies":[{"embeddable":true,"href":"http:\/\/delikatesy.wineport.pl\/index.php?rest_route=%2Fwp%2Fv2%2Fcomments&post=15935"}],"wp:featuredmedia":[{"embeddable":true,"href":"http:\/\/delikatesy.wineport.pl\/index.php?rest_route=\/wp\/v2\/media\/15934"}],"wp:attachment":[{"href":"http:\/\/delikatesy.wineport.pl\/index.php?rest_route=%2Fwp%2Fv2%2Fmedia&parent=15935"}],"wp:term":[{"taxonomy":"product_cat","embeddable":true,"href":"http:\/\/delikatesy.wineport.pl\/index.php?rest_route=%2Fwp%2Fv2%2Fproduct_cat&post=15935"},{"taxonomy":"product_tag","embeddable":true,"href":"http:\/\/delikatesy.wineport.pl\/index.php?rest_route=%2Fwp%2Fv2%2Fproduct_tag&post=15935"}],"curies":[{"name":"wp","href":"https:\/\/api.w.org\/{rel}","templated":true}]}}