{"id":15971,"date":"2024-03-14T14:16:46","date_gmt":"2024-03-14T13:16:46","guid":{"rendered":"http:\/\/delikatesy.wineport.pl\/?product=lagosta-rose"},"modified":"2026-05-10T19:39:12","modified_gmt":"2026-05-10T17:39:12","slug":"lagosta-rose","status":"publish","type":"product","link":"http:\/\/delikatesy.wineport.pl\/?product=lagosta-rose","title":{"rendered":"Lagosta Rose"},"content":{"rendered":"<p style=\"color: #939393; font-size: 15px; font-family: &quot;;\"><span style=\"color: #ff0000;\">UWAGA!!! NIE WYSY\u0141AMY ALKOHOLU KURIEREM W PRZYPADKU ZAM\u00d3WIE\u0143 OD OS\u00d3B PRYWATNYCH, TYLKO ODBI\u00d3R OSOBISTY NA UL. \u015aW. STANIS\u0141AWA 12 W WARSZAWIE!!! W przypadku op\u0142acenia zam\u00f3wienia alkoholu z wysy\u0142k\u0105, przy zwrocie pieni\u0119dzy zostanie potr\u0105cona prowizja\u00a0<\/span><strong style=\"color: #ff0000;\">DOTPAY<\/strong><span style=\"color: #ff0000;\">!<\/span><\/p>\n<p style=\"color: #939393; font-size: 15px; font-family: &quot;;\">R\u00f3\u017cowe Vinho Verde. Bardzo przyjemne, rze\u015bkie z delikatn\u0105 nut\u0105 kwiatow\u0105 i mocno zaakcentowanymi dojrza\u0142ymi truskawkami. \u015awietny aperitif oraz do da\u0144 kuchnii \u015br\u00f3dziemnomorskiej, chi\u0144skiej i w\u0142oskiej. Podawa\u0107 mocno sch\u0142odzone w temperaturze 5-6C Kompozycja: 50% Espadeiro, 30% Borracal, 20% Padeiro (kwasowo\u015b\u0107 10,5% \/ cukier resztkowy 20g\/l).<\/p>\n<p>\u00a0<\/p>\n","protected":false},"excerpt":{"rendered":"<p style=\"color: #939393; font-size: 15px; font-family: &quot;;\">R\u00f3\u017cowe Vinho Verde. Bardzo przyjemne, rze\u015bkie z delikatn\u0105 nut\u0105 kwiatow\u0105 i mocno zaakcentowanymi dojrza\u0142ymi truskawkami. \u015awietny aperitif oraz do da\u0144 kuchnii \u015br\u00f3dziemnomorskiej, chi\u0144skiej i w\u0142oskiej. Podawa\u0107 mocno sch\u0142odzone w temperaturze 5-6C Kompozycja: 50% Espadeiro, 30% Borracal, 20% Padeiro (kwasowo\u015b\u0107 10,5% \/ cukier resztkowy 20g\/l).<\/p>\n<p>\u00a0<\/p>\n","protected":false},"featured_media":15970,"comment_status":"open","ping_status":"closed","template":"","meta":[],"product_cat":[94,80],"product_tag":[],"class_list":{"0":"post-15971","1":"product","2":"type-product","3":"status-publish","4":"has-post-thumbnail","6":"product_cat-portugalia","7":"product_cat-wina-swiata","9":"first","10":"instock","11":"shipping-taxable","12":"purchasable","13":"product-type-simple"},"_links":{"self":[{"href":"http:\/\/delikatesy.wineport.pl\/index.php?rest_route=\/wp\/v2\/product\/15971","targetHints":{"allow":["GET"]}}],"collection":[{"href":"http:\/\/delikatesy.wineport.pl\/index.php?rest_route=\/wp\/v2\/product"}],"about":[{"href":"http:\/\/delikatesy.wineport.pl\/index.php?rest_route=\/wp\/v2\/types\/product"}],"replies":[{"embeddable":true,"href":"http:\/\/delikatesy.wineport.pl\/index.php?rest_route=%2Fwp%2Fv2%2Fcomments&post=15971"}],"wp:featuredmedia":[{"embeddable":true,"href":"http:\/\/delikatesy.wineport.pl\/index.php?rest_route=\/wp\/v2\/media\/15970"}],"wp:attachment":[{"href":"http:\/\/delikatesy.wineport.pl\/index.php?rest_route=%2Fwp%2Fv2%2Fmedia&parent=15971"}],"wp:term":[{"taxonomy":"product_cat","embeddable":true,"href":"http:\/\/delikatesy.wineport.pl\/index.php?rest_route=%2Fwp%2Fv2%2Fproduct_cat&post=15971"},{"taxonomy":"product_tag","embeddable":true,"href":"http:\/\/delikatesy.wineport.pl\/index.php?rest_route=%2Fwp%2Fv2%2Fproduct_tag&post=15971"}],"curies":[{"name":"wp","href":"https:\/\/api.w.org\/{rel}","templated":true}]}}