{"id":15975,"date":"2024-03-14T14:16:47","date_gmt":"2024-03-14T13:16:47","guid":{"rendered":"http:\/\/delikatesy.wineport.pl\/?product=neblina-sauvignon-blanc"},"modified":"2026-04-01T18:50:04","modified_gmt":"2026-04-01T16:50:04","slug":"neblina-sauvignon-blanc","status":"publish","type":"product","link":"http:\/\/delikatesy.wineport.pl\/?product=neblina-sauvignon-blanc","title":{"rendered":"Neblina Sauvignon Blanc"},"content":{"rendered":"<p style=\"color: #939393; font-size: 15px; font-family: &quot;;\"><span style=\"color: #ff0000;\">UWAGA!!! NIE WYSY\u0141AMY ALKOHOLU KURIEREM W PRZYPADKU ZAM\u00d3WIE\u0143 OD OS\u00d3B PRYWATNYCH, TYLKO ODBI\u00d3R OSOBISTY NA UL. \u015aW. STANIS\u0141AWA 12 W WARSZAWIE!!! W przypadku op\u0142acenia zam\u00f3wienia alkoholu z wysy\u0142k\u0105, przy zwrocie pieni\u0119dzy zostanie potr\u0105cona prowizja\u00a0<\/span><strong style=\"color: #ff0000;\">DOTPAY<\/strong><span style=\"color: #ff0000;\">!<\/span><\/p>\n<p style=\"color: #939393; font-size: 15px; font-family: &quot;;\">Zielonkawa barwa. Nos z aromatem owoc\u00f3w cytrusowych, grejpfruta i zio\u0142ami. W smaku od\u015bwie\u017caj\u0105ce, dobrze wywa\u017cone, daj\u0105ce odczucie wina p\u00f3\u0142wytrawnego. 85% Sauvignon Blanc z 15% dodatkiem innych odmian. R\u0119cznie i mechanicznie zbierane winogrona dojrzewaj\u0105 2 miesi\u0105ce w kadzi ze stali nierdzewnej. Polecane do ryb i owoc\u00f3w morza.<\/p>\n<p>\u00a0<\/p>\n","protected":false},"excerpt":{"rendered":"<p style=\"color: #939393; font-size: 15px; font-family: &quot;;\">Zielonkawa barwa. Nos z aromatem owoc\u00f3w cytrusowych, grejpfruta i zio\u0142ami. W smaku od\u015bwie\u017caj\u0105ce, dobrze wywa\u017cone, daj\u0105ce odczucie wina p\u00f3\u0142wytrawnego. 85% Sauvignon Blanc z 15% dodatkiem innych odmian. R\u0119cznie i mechanicznie zbierane winogrona dojrzewaj\u0105 2 miesi\u0105ce w kadzi ze stali nierdzewnej. Polecane do ryb i owoc\u00f3w morza.<\/p>\n<p>\u00a0<\/p>\n","protected":false},"featured_media":15974,"comment_status":"open","ping_status":"closed","template":"","meta":[],"product_cat":[82,80],"product_tag":[],"class_list":{"0":"post-15975","1":"product","2":"type-product","3":"status-publish","4":"has-post-thumbnail","6":"product_cat-chile","7":"product_cat-wina-swiata","9":"first","10":"instock","11":"shipping-taxable","12":"purchasable","13":"product-type-simple"},"_links":{"self":[{"href":"http:\/\/delikatesy.wineport.pl\/index.php?rest_route=\/wp\/v2\/product\/15975","targetHints":{"allow":["GET"]}}],"collection":[{"href":"http:\/\/delikatesy.wineport.pl\/index.php?rest_route=\/wp\/v2\/product"}],"about":[{"href":"http:\/\/delikatesy.wineport.pl\/index.php?rest_route=\/wp\/v2\/types\/product"}],"replies":[{"embeddable":true,"href":"http:\/\/delikatesy.wineport.pl\/index.php?rest_route=%2Fwp%2Fv2%2Fcomments&post=15975"}],"wp:featuredmedia":[{"embeddable":true,"href":"http:\/\/delikatesy.wineport.pl\/index.php?rest_route=\/wp\/v2\/media\/15974"}],"wp:attachment":[{"href":"http:\/\/delikatesy.wineport.pl\/index.php?rest_route=%2Fwp%2Fv2%2Fmedia&parent=15975"}],"wp:term":[{"taxonomy":"product_cat","embeddable":true,"href":"http:\/\/delikatesy.wineport.pl\/index.php?rest_route=%2Fwp%2Fv2%2Fproduct_cat&post=15975"},{"taxonomy":"product_tag","embeddable":true,"href":"http:\/\/delikatesy.wineport.pl\/index.php?rest_route=%2Fwp%2Fv2%2Fproduct_tag&post=15975"}],"curies":[{"name":"wp","href":"https:\/\/api.w.org\/{rel}","templated":true}]}}