{"id":15979,"date":"2024-03-14T14:16:47","date_gmt":"2024-03-14T13:16:47","guid":{"rendered":"http:\/\/delikatesy.wineport.pl\/?product=neblina-cabernet-sauvignon"},"modified":"2026-04-01T18:50:05","modified_gmt":"2026-04-01T16:50:05","slug":"neblina-cabernet-sauvignon","status":"publish","type":"product","link":"http:\/\/delikatesy.wineport.pl\/?product=neblina-cabernet-sauvignon","title":{"rendered":"Neblina Cabernet Sauvignon"},"content":{"rendered":"<p style=\"color: #939393; font-size: 15px; font-family: &quot;;\"><span style=\"color: #ff0000;\">UWAGA!!! NIE WYSY\u0141AMY ALKOHOLU KURIEREM W PRZYPADKU ZAM\u00d3WIE\u0143 OD OS\u00d3B PRYWATNYCH, TYLKO ODBI\u00d3R OSOBISTY NA UL. \u015aW. STANIS\u0141AWA 12 W WARSZAWIE!!! W przypadku op\u0142acenia zam\u00f3wienia alkoholu z wysy\u0142k\u0105, przy zwrocie pieni\u0119dzy zostanie potr\u0105cona prowizja\u00a0<\/span><strong style=\"color: #ff0000;\">DOTPAY<\/strong><span style=\"color: #ff0000;\">!<\/span><\/p>\n<p style=\"color: #939393; font-size: 15px; font-family: &quot;;\">Rubinowa barwa z fioletowymi refleksami. Intensywne aromaty \u015bliwki z nutami czekolady. Dobrze wywa\u017cone, z u\u0142o\u017conymi taninami i \u015bwietnym zako\u0144czeniem. 85% Cabernet Sauvignon z 15% dodatkiem innych odmian. R\u0119cznie (40%) oraz mechanicznie (60%) zbierane winogrona dojrzewaj\u0105 4 miesi\u0105ce w kadzi ze stali nierdzewnej. Polecane do grillowanego czerwonego mi\u0119sa.<\/p>\n<p>\u00a0<\/p>\n","protected":false},"excerpt":{"rendered":"<p style=\"color: #939393; font-size: 15px; font-family: &quot;;\">Rubinowa barwa z fioletowymi refleksami. Intensywne aromaty \u015bliwki z nutami czekolady. Dobrze wywa\u017cone, z u\u0142o\u017conymi taninami i \u015bwietnym zako\u0144czeniem. 85% Cabernet Sauvignon z 15% dodatkiem innych odmian. R\u0119cznie (40%) oraz mechanicznie (60%) zbierane winogrona dojrzewaj\u0105 4 miesi\u0105ce w kadzi ze stali nierdzewnej. Polecane do grillowanego czerwonego mi\u0119sa.<\/p>\n<p>\u00a0<\/p>\n","protected":false},"featured_media":15978,"comment_status":"open","ping_status":"closed","template":"","meta":[],"product_cat":[82,80],"product_tag":[],"class_list":{"0":"post-15979","1":"product","2":"type-product","3":"status-publish","4":"has-post-thumbnail","6":"product_cat-chile","7":"product_cat-wina-swiata","9":"first","10":"instock","11":"shipping-taxable","12":"purchasable","13":"product-type-simple"},"_links":{"self":[{"href":"http:\/\/delikatesy.wineport.pl\/index.php?rest_route=\/wp\/v2\/product\/15979","targetHints":{"allow":["GET"]}}],"collection":[{"href":"http:\/\/delikatesy.wineport.pl\/index.php?rest_route=\/wp\/v2\/product"}],"about":[{"href":"http:\/\/delikatesy.wineport.pl\/index.php?rest_route=\/wp\/v2\/types\/product"}],"replies":[{"embeddable":true,"href":"http:\/\/delikatesy.wineport.pl\/index.php?rest_route=%2Fwp%2Fv2%2Fcomments&post=15979"}],"wp:featuredmedia":[{"embeddable":true,"href":"http:\/\/delikatesy.wineport.pl\/index.php?rest_route=\/wp\/v2\/media\/15978"}],"wp:attachment":[{"href":"http:\/\/delikatesy.wineport.pl\/index.php?rest_route=%2Fwp%2Fv2%2Fmedia&parent=15979"}],"wp:term":[{"taxonomy":"product_cat","embeddable":true,"href":"http:\/\/delikatesy.wineport.pl\/index.php?rest_route=%2Fwp%2Fv2%2Fproduct_cat&post=15979"},{"taxonomy":"product_tag","embeddable":true,"href":"http:\/\/delikatesy.wineport.pl\/index.php?rest_route=%2Fwp%2Fv2%2Fproduct_tag&post=15979"}],"curies":[{"name":"wp","href":"https:\/\/api.w.org\/{rel}","templated":true}]}}