{"id":15981,"date":"2024-03-14T14:16:48","date_gmt":"2024-03-14T13:16:48","guid":{"rendered":"http:\/\/delikatesy.wineport.pl\/?product=neblina-merlot"},"modified":"2026-04-01T18:50:05","modified_gmt":"2026-04-01T16:50:05","slug":"neblina-merlot","status":"publish","type":"product","link":"http:\/\/delikatesy.wineport.pl\/?product=neblina-merlot","title":{"rendered":"Neblina Merlot"},"content":{"rendered":"<p style=\"color: #939393; font-size: 15px; font-family: &quot;;\"><span style=\"color: #ff0000;\">UWAGA!!! NIE WYSY\u0141AMY ALKOHOLU KURIEREM W PRZYPADKU ZAM\u00d3WIE\u0143 OD OS\u00d3B PRYWATNYCH, TYLKO ODBI\u00d3R OSOBISTY NA UL. \u015aW. STANIS\u0141AWA 12 W WARSZAWIE!!! W przypadku op\u0142acenia zam\u00f3wienia alkoholu z wysy\u0142k\u0105, przy zwrocie pieni\u0119dzy zostanie potr\u0105cona prowizja\u00a0<\/span><strong style=\"color: #ff0000;\">DOTPAY<\/strong><span style=\"color: #ff0000;\">!<\/span><\/p>\n<p style=\"color: #939393; font-size: 15px; font-family: &quot;;\">Bardzo intensywna rubinowa barwa. Wino \u015bwie\u017ce, eleganckie z aromatami wi\u015bni, dojrza\u0142ych \u015bliwek oraz nutami pieprzu i kakao. W smaku kr\u0105g\u0142e, \u015brednio zbudowane, zach\u0119caj\u0105ce do picia. 85% Merlot z 15% dodatkiem innych odmian. Winogrona zbierane r\u0119cznie (65%) oraz mechanicznie (35%) dojrzewaj\u0105 od 4 do 6 miesi\u0119cy w kadziach ze stali nierdzewnej. Rekomendowane do makaron\u00f3w oraz ser\u00f3w.<\/p>\n<p style=\"color: #939393; font-size: 15px; font-family: &quot;;\">\u00a0<\/p>\n<div class=\"sliders-content\" style=\"font-size: medium; font-family: &quot;;\">\u00a0<\/div>\n","protected":false},"excerpt":{"rendered":"<p style=\"color: #939393; font-size: 15px; font-family: &quot;;\">Bardzo intensywna rubinowa barwa. Wino \u015bwie\u017ce, eleganckie z aromatami wi\u015bni, dojrza\u0142ych \u015bliwek oraz nutami pieprzu i kakao. W smaku kr\u0105g\u0142e, \u015brednio zbudowane, zach\u0119caj\u0105ce do picia. 85% Merlot z 15% dodatkiem innych odmian. Winogrona zbierane r\u0119cznie (65%) oraz mechanicznie (35%) dojrzewaj\u0105 od 4 do 6 miesi\u0119cy w kadziach ze stali nierdzewnej. Rekomendowane do makaron\u00f3w oraz ser\u00f3w.<\/p>\n<p style=\"color: #939393; font-size: 15px; font-family: &quot;;\">\u00a0<\/p>\n<div class=\"sliders-content\" style=\"font-size: medium; font-family: &quot;;\">\u00a0<\/div>\n","protected":false},"featured_media":15980,"comment_status":"open","ping_status":"closed","template":"","meta":[],"product_cat":[82,80],"product_tag":[],"class_list":{"0":"post-15981","1":"product","2":"type-product","3":"status-publish","4":"has-post-thumbnail","6":"product_cat-chile","7":"product_cat-wina-swiata","9":"first","10":"instock","11":"shipping-taxable","12":"purchasable","13":"product-type-simple"},"_links":{"self":[{"href":"http:\/\/delikatesy.wineport.pl\/index.php?rest_route=\/wp\/v2\/product\/15981","targetHints":{"allow":["GET"]}}],"collection":[{"href":"http:\/\/delikatesy.wineport.pl\/index.php?rest_route=\/wp\/v2\/product"}],"about":[{"href":"http:\/\/delikatesy.wineport.pl\/index.php?rest_route=\/wp\/v2\/types\/product"}],"replies":[{"embeddable":true,"href":"http:\/\/delikatesy.wineport.pl\/index.php?rest_route=%2Fwp%2Fv2%2Fcomments&post=15981"}],"wp:featuredmedia":[{"embeddable":true,"href":"http:\/\/delikatesy.wineport.pl\/index.php?rest_route=\/wp\/v2\/media\/15980"}],"wp:attachment":[{"href":"http:\/\/delikatesy.wineport.pl\/index.php?rest_route=%2Fwp%2Fv2%2Fmedia&parent=15981"}],"wp:term":[{"taxonomy":"product_cat","embeddable":true,"href":"http:\/\/delikatesy.wineport.pl\/index.php?rest_route=%2Fwp%2Fv2%2Fproduct_cat&post=15981"},{"taxonomy":"product_tag","embeddable":true,"href":"http:\/\/delikatesy.wineport.pl\/index.php?rest_route=%2Fwp%2Fv2%2Fproduct_tag&post=15981"}],"curies":[{"name":"wp","href":"https:\/\/api.w.org\/{rel}","templated":true}]}}