{"id":16021,"date":"2024-03-14T14:16:55","date_gmt":"2024-03-14T13:16:55","guid":{"rendered":"http:\/\/delikatesy.wineport.pl\/?product=classic-muscat-dry"},"modified":"2026-05-10T19:39:54","modified_gmt":"2026-05-10T17:39:54","slug":"classic-muscat-dry","status":"publish","type":"product","link":"http:\/\/delikatesy.wineport.pl\/?product=classic-muscat-dry","title":{"rendered":"Classic Muscat dry"},"content":{"rendered":"<p style=\"color: #939393; font-size: 15px; font-family: &quot;;\"><span style=\"color: #ff0000;\">UWAGA!!! NIE WYSY\u0141AMY ALKOHOLU KURIEREM W PRZYPADKU ZAM\u00d3WIE\u0143 OD OS\u00d3B PRYWATNYCH, TYLKO ODBI\u00d3R OSOBISTY NA UL. \u015aW. STANIS\u0141AWA 12 W WARSZAWIE!!! W przypadku op\u0142acenia zam\u00f3wienia alkoholu z wysy\u0142k\u0105, przy zwrocie pieni\u0119dzy zostanie potr\u0105cona prowizja\u00a0<\/span><strong style=\"color: #ff0000;\">DOTPAY<\/strong><span style=\"color: #ff0000;\">!<\/span><\/p>\n<p style=\"color: #939393; font-size: 15px; font-family: &quot;;\">Wino wyprodukowane z wyselekcjonowanych gron szczepu Muscat, uprawianego w Onesti, w centralnej cz\u0119\u015bci Mo\u0142dawii. S\u0142omkowa barwa. W smaku \u0142agodne, harmonijne, z delikatn\u0105 nut\u0105 ga\u0142ki muszkato\u0142owej. Zalecana temperatura podawania 10-12\u00b0C<\/p>\n<p>\u00a0<\/p>\n","protected":false},"excerpt":{"rendered":"<p style=\"color: #939393; font-size: 15px; font-family: &quot;;\">Wino wyprodukowane z wyselekcjonowanych gron szczepu Muscat, uprawianego w Onesti, w centralnej cz\u0119\u015bci Mo\u0142dawii. S\u0142omkowa barwa. W smaku \u0142agodne, harmonijne, z delikatn\u0105 nut\u0105 ga\u0142ki muszkato\u0142owej. Zalecana temperatura podawania 10-12\u00b0C<\/p>\n<p>\u00a0<\/p>\n","protected":false},"featured_media":16020,"comment_status":"open","ping_status":"closed","template":"","meta":[],"product_cat":[102,80],"product_tag":[],"class_list":{"0":"post-16021","1":"product","2":"type-product","3":"status-publish","4":"has-post-thumbnail","6":"product_cat-moldawia","7":"product_cat-wina-swiata","9":"first","10":"instock","11":"shipping-taxable","12":"purchasable","13":"product-type-simple"},"_links":{"self":[{"href":"http:\/\/delikatesy.wineport.pl\/index.php?rest_route=\/wp\/v2\/product\/16021","targetHints":{"allow":["GET"]}}],"collection":[{"href":"http:\/\/delikatesy.wineport.pl\/index.php?rest_route=\/wp\/v2\/product"}],"about":[{"href":"http:\/\/delikatesy.wineport.pl\/index.php?rest_route=\/wp\/v2\/types\/product"}],"replies":[{"embeddable":true,"href":"http:\/\/delikatesy.wineport.pl\/index.php?rest_route=%2Fwp%2Fv2%2Fcomments&post=16021"}],"wp:featuredmedia":[{"embeddable":true,"href":"http:\/\/delikatesy.wineport.pl\/index.php?rest_route=\/wp\/v2\/media\/16020"}],"wp:attachment":[{"href":"http:\/\/delikatesy.wineport.pl\/index.php?rest_route=%2Fwp%2Fv2%2Fmedia&parent=16021"}],"wp:term":[{"taxonomy":"product_cat","embeddable":true,"href":"http:\/\/delikatesy.wineport.pl\/index.php?rest_route=%2Fwp%2Fv2%2Fproduct_cat&post=16021"},{"taxonomy":"product_tag","embeddable":true,"href":"http:\/\/delikatesy.wineport.pl\/index.php?rest_route=%2Fwp%2Fv2%2Fproduct_tag&post=16021"}],"curies":[{"name":"wp","href":"https:\/\/api.w.org\/{rel}","templated":true}]}}