{"id":16039,"date":"2024-03-14T14:16:58","date_gmt":"2024-03-14T13:16:58","guid":{"rendered":"http:\/\/delikatesy.wineport.pl\/?product=carme-sauvignon-blanc"},"modified":"2026-05-10T19:39:56","modified_gmt":"2026-05-10T17:39:56","slug":"carme-sauvignon-blanc","status":"publish","type":"product","link":"http:\/\/delikatesy.wineport.pl\/?product=carme-sauvignon-blanc","title":{"rendered":"Carme Sauvignon Blanc"},"content":{"rendered":"<p style=\"color: #939393; font-size: 15px; font-family: &quot;;\"><span style=\"color: #ff0000;\">UWAGA!!! NIE WYSY\u0141AMY ALKOHOLU KURIEREM W PRZYPADKU ZAM\u00d3WIE\u0143 OD OS\u00d3B PRYWATNYCH, TYLKO ODBI\u00d3R OSOBISTY NA UL. \u015aW. STANIS\u0141AWA 12 W WARSZAWIE!!! W przypadku op\u0142acenia zam\u00f3wienia alkoholu z wysy\u0142k\u0105, przy zwrocie pieni\u0119dzy zostanie potr\u0105cona prowizja\u00a0<\/span><strong style=\"color: #ff0000;\">DOTPAY<\/strong><span style=\"color: #ff0000;\">!<\/span><\/p>\n<p style=\"color: #939393; font-size: 15px; font-family: &quot;;\">P\u00f3\u0142wytrawne, bia\u0142e, dobrze zbalansowane wino powsta\u0142e z gron szczepu Sauvignon Blanc. Zachwyca subtelnym, s\u0142omkowo\u017c\u00f3\u0142tym kolorem oraz pe\u0142nym \u015bwie\u017co\u015bci aromatem cytrus\u00f3w i owoc\u00f3w tropikalnych z niuansem trawy. Idealnie smakuje podane w temperaturze 8-10\u00b0C w towarzystwie potraw na bazie bia\u0142ych mi\u0119s, ryb i owoc\u00f3w morza oraz sa\u0142at.<\/p>\n<p style=\"color: #939393; font-size: 15px; font-family: &quot;;\">\u00a0<\/p>\n<div class=\"sliders-content\" style=\"font-size: medium; font-family: &quot;;\">\u00a0<\/div>\n","protected":false},"excerpt":{"rendered":"<p style=\"color: #939393; font-size: 15px; font-family: &quot;;\">P\u00f3\u0142wytrawne, bia\u0142e, dobrze zbalansowane wino powsta\u0142e z gron szczepu Sauvignon Blanc. Zachwyca subtelnym, s\u0142omkowo\u017c\u00f3\u0142tym kolorem oraz pe\u0142nym \u015bwie\u017co\u015bci aromatem cytrus\u00f3w i owoc\u00f3w tropikalnych z niuansem trawy. Idealnie smakuje podane w temperaturze 8-10\u00b0C w towarzystwie potraw na bazie bia\u0142ych mi\u0119s, ryb i owoc\u00f3w morza oraz sa\u0142at.<\/p>\n<p style=\"color: #939393; font-size: 15px; font-family: &quot;;\">\u00a0<\/p>\n<div class=\"sliders-content\" style=\"font-size: medium; font-family: &quot;;\">\u00a0<\/div>\n","protected":false},"featured_media":16038,"comment_status":"open","ping_status":"closed","template":"","meta":[],"product_cat":[82,80],"product_tag":[],"class_list":{"0":"post-16039","1":"product","2":"type-product","3":"status-publish","4":"has-post-thumbnail","6":"product_cat-chile","7":"product_cat-wina-swiata","9":"first","10":"instock","11":"shipping-taxable","12":"purchasable","13":"product-type-simple"},"_links":{"self":[{"href":"http:\/\/delikatesy.wineport.pl\/index.php?rest_route=\/wp\/v2\/product\/16039","targetHints":{"allow":["GET"]}}],"collection":[{"href":"http:\/\/delikatesy.wineport.pl\/index.php?rest_route=\/wp\/v2\/product"}],"about":[{"href":"http:\/\/delikatesy.wineport.pl\/index.php?rest_route=\/wp\/v2\/types\/product"}],"replies":[{"embeddable":true,"href":"http:\/\/delikatesy.wineport.pl\/index.php?rest_route=%2Fwp%2Fv2%2Fcomments&post=16039"}],"wp:featuredmedia":[{"embeddable":true,"href":"http:\/\/delikatesy.wineport.pl\/index.php?rest_route=\/wp\/v2\/media\/16038"}],"wp:attachment":[{"href":"http:\/\/delikatesy.wineport.pl\/index.php?rest_route=%2Fwp%2Fv2%2Fmedia&parent=16039"}],"wp:term":[{"taxonomy":"product_cat","embeddable":true,"href":"http:\/\/delikatesy.wineport.pl\/index.php?rest_route=%2Fwp%2Fv2%2Fproduct_cat&post=16039"},{"taxonomy":"product_tag","embeddable":true,"href":"http:\/\/delikatesy.wineport.pl\/index.php?rest_route=%2Fwp%2Fv2%2Fproduct_tag&post=16039"}],"curies":[{"name":"wp","href":"https:\/\/api.w.org\/{rel}","templated":true}]}}