{"id":16058,"date":"2024-03-14T14:17:03","date_gmt":"2024-03-14T13:17:03","guid":{"rendered":"http:\/\/delikatesy.wineport.pl\/?product=pauza-fine-quality-wine-red-semi-dry"},"modified":"2026-04-01T18:51:57","modified_gmt":"2026-04-01T16:51:57","slug":"pauza-fine-quality-wine-red-semi-dry","status":"publish","type":"product","link":"http:\/\/delikatesy.wineport.pl\/?product=pauza-fine-quality-wine-red-semi-dry","title":{"rendered":"PAUZA FINE QUALITY WINE RED SEMI DRY"},"content":{"rendered":"<p class=\"OPIS\" style=\"color: #939393; font-size: 15px; font-family: &quot;;\"><span lang=\"EN-US\" style=\"font-size: inherit; font-family: inherit;\">Doskonale wino charakteryzuj\u0105ce si\u0119 ciemnoczerwon\u0105 barw\u0105 z fioletowymi refleksmi. Posiada delikatny smak i wyczuwalny aromat \u015bwie\u017cych owoc\u00f3w le\u015bnych.Idealnie sprawdza si\u0119 z daniami mi\u0119snymi, makaronem i \u017c\u00f3\u0142tymi serami. Doskona\u0142e na ka\u017cd\u0105 okazj\u0119. Podawa\u0107 w temp. 16-18<span style=\"font-size: inherit; font-family: inherit;\">o<\/span>C. Szczep: Vranec.<\/span><\/p>\n<p style=\"color: #939393; font-size: 15px; font-family: &quot;;\">\u00a0<\/p>\n<div class=\"sliders-content\" style=\"font-size: medium; font-family: &quot;;\">\u00a0<\/div>\n","protected":false},"excerpt":{"rendered":"<p class=\"OPIS\" style=\"color: #939393; font-size: 15px; font-family: &quot;;\"><span lang=\"EN-US\" style=\"font-size: inherit; font-family: inherit;\">Doskonale wino charakteryzuj\u0105ce si\u0119 ciemnoczerwon\u0105 barw\u0105 z fioletowymi refleksmi. Posiada delikatny smak i wyczuwalny aromat \u015bwie\u017cych owoc\u00f3w le\u015bnych.Idealnie sprawdza si\u0119 z daniami mi\u0119snymi, makaronem i \u017c\u00f3\u0142tymi serami. Doskona\u0142e na ka\u017cd\u0105 okazj\u0119. Podawa\u0107 w temp. 16-18<span style=\"font-size: inherit; font-family: inherit;\">o<\/span>C. Szczep: Vranec.<\/span><\/p>\n<p style=\"color: #939393; font-size: 15px; font-family: &quot;;\">\u00a0<\/p>\n<div class=\"sliders-content\" style=\"font-size: medium; font-family: &quot;;\">\u00a0<\/div>\n","protected":false},"featured_media":16057,"comment_status":"open","ping_status":"closed","template":"","meta":[],"product_cat":[80],"product_tag":[],"class_list":{"0":"post-16058","1":"product","2":"type-product","3":"status-publish","4":"has-post-thumbnail","6":"product_cat-wina-swiata","8":"first","9":"instock","10":"shipping-taxable","11":"purchasable","12":"product-type-simple"},"_links":{"self":[{"href":"http:\/\/delikatesy.wineport.pl\/index.php?rest_route=\/wp\/v2\/product\/16058","targetHints":{"allow":["GET"]}}],"collection":[{"href":"http:\/\/delikatesy.wineport.pl\/index.php?rest_route=\/wp\/v2\/product"}],"about":[{"href":"http:\/\/delikatesy.wineport.pl\/index.php?rest_route=\/wp\/v2\/types\/product"}],"replies":[{"embeddable":true,"href":"http:\/\/delikatesy.wineport.pl\/index.php?rest_route=%2Fwp%2Fv2%2Fcomments&post=16058"}],"wp:featuredmedia":[{"embeddable":true,"href":"http:\/\/delikatesy.wineport.pl\/index.php?rest_route=\/wp\/v2\/media\/16057"}],"wp:attachment":[{"href":"http:\/\/delikatesy.wineport.pl\/index.php?rest_route=%2Fwp%2Fv2%2Fmedia&parent=16058"}],"wp:term":[{"taxonomy":"product_cat","embeddable":true,"href":"http:\/\/delikatesy.wineport.pl\/index.php?rest_route=%2Fwp%2Fv2%2Fproduct_cat&post=16058"},{"taxonomy":"product_tag","embeddable":true,"href":"http:\/\/delikatesy.wineport.pl\/index.php?rest_route=%2Fwp%2Fv2%2Fproduct_tag&post=16058"}],"curies":[{"name":"wp","href":"https:\/\/api.w.org\/{rel}","templated":true}]}}