{"id":16064,"date":"2024-03-14T14:17:04","date_gmt":"2024-03-14T13:17:04","guid":{"rendered":"http:\/\/delikatesy.wineport.pl\/?product=pauza-fine-quality-wine-white-semi-dry"},"modified":"2026-04-01T18:51:58","modified_gmt":"2026-04-01T16:51:58","slug":"pauza-fine-quality-wine-white-semi-dry","status":"publish","type":"product","link":"http:\/\/delikatesy.wineport.pl\/?product=pauza-fine-quality-wine-white-semi-dry","title":{"rendered":"PAUZA FINE QUALITY WINE WHITE SEMI DRY"},"content":{"rendered":"<p class=\"OPIS\" style=\"color: #939393; font-size: 15px; font-family: &quot;;\"><span lang=\"EN-US\" style=\"font-size: inherit; font-family: inherit;\">Nos owocowy z kwiatow\u0105 nut\u0105 rumianku, pozostawia d\u0142ugie zako\u0144czenie z owocami cytrusowymi oraz \u017c\u00f3\u0142t\u0105 brzoskwini\u0105. Wino p\u00f3\u0142wytrawne, eleganckie, o delikatnej kwasowo\u015bci. Wino idealne jako aperitif, a tak\u017ce do przek\u0105sek, bia\u0142ego mi\u0119sa i ryb, skorupiak\u00f3w i letnich sa\u0142atek.<\/span><\/p>\n<p><span lang=\"EN-US\" style=\"font-size: inherit; font-family: inherit;\">\u00a0<\/span><\/p>\n<p style=\"color: #939393; font-size: 15px; font-family: &quot;;\">\u00a0<\/p>\n<div class=\"sliders-content\" style=\"font-size: medium; font-family: &quot;;\">\u00a0<\/div>\n","protected":false},"excerpt":{"rendered":"<p class=\"OPIS\" style=\"color: #939393; font-size: 15px; font-family: &quot;;\"><span lang=\"EN-US\" style=\"font-size: inherit; font-family: inherit;\">Nos owocowy z kwiatow\u0105 nut\u0105 rumianku, pozostawia d\u0142ugie zako\u0144czenie z owocami cytrusowymi oraz \u017c\u00f3\u0142t\u0105 brzoskwini\u0105. Wino p\u00f3\u0142wytrawne, eleganckie, o delikatnej kwasowo\u015bci. Wino idealne jako aperitif, a tak\u017ce do przek\u0105sek, bia\u0142ego mi\u0119sa i ryb, skorupiak\u00f3w i letnich sa\u0142atek.<\/span><\/p>\n<p><span lang=\"EN-US\" style=\"font-size: inherit; font-family: inherit;\">\u00a0<\/span><\/p>\n<p style=\"color: #939393; font-size: 15px; font-family: &quot;;\">\u00a0<\/p>\n<div class=\"sliders-content\" style=\"font-size: medium; font-family: &quot;;\">\u00a0<\/div>\n","protected":false},"featured_media":16063,"comment_status":"open","ping_status":"closed","template":"","meta":[],"product_cat":[80],"product_tag":[],"class_list":{"0":"post-16064","1":"product","2":"type-product","3":"status-publish","4":"has-post-thumbnail","6":"product_cat-wina-swiata","8":"first","9":"instock","10":"shipping-taxable","11":"purchasable","12":"product-type-simple"},"_links":{"self":[{"href":"http:\/\/delikatesy.wineport.pl\/index.php?rest_route=\/wp\/v2\/product\/16064","targetHints":{"allow":["GET"]}}],"collection":[{"href":"http:\/\/delikatesy.wineport.pl\/index.php?rest_route=\/wp\/v2\/product"}],"about":[{"href":"http:\/\/delikatesy.wineport.pl\/index.php?rest_route=\/wp\/v2\/types\/product"}],"replies":[{"embeddable":true,"href":"http:\/\/delikatesy.wineport.pl\/index.php?rest_route=%2Fwp%2Fv2%2Fcomments&post=16064"}],"wp:featuredmedia":[{"embeddable":true,"href":"http:\/\/delikatesy.wineport.pl\/index.php?rest_route=\/wp\/v2\/media\/16063"}],"wp:attachment":[{"href":"http:\/\/delikatesy.wineport.pl\/index.php?rest_route=%2Fwp%2Fv2%2Fmedia&parent=16064"}],"wp:term":[{"taxonomy":"product_cat","embeddable":true,"href":"http:\/\/delikatesy.wineport.pl\/index.php?rest_route=%2Fwp%2Fv2%2Fproduct_cat&post=16064"},{"taxonomy":"product_tag","embeddable":true,"href":"http:\/\/delikatesy.wineport.pl\/index.php?rest_route=%2Fwp%2Fv2%2Fproduct_tag&post=16064"}],"curies":[{"name":"wp","href":"https:\/\/api.w.org\/{rel}","templated":true}]}}