{"id":16076,"date":"2024-03-14T14:17:06","date_gmt":"2024-03-14T13:17:06","guid":{"rendered":"http:\/\/delikatesy.wineport.pl\/?product=medalla-real"},"modified":"2026-05-10T19:41:06","modified_gmt":"2026-05-10T17:41:06","slug":"medalla-real","status":"publish","type":"product","link":"http:\/\/delikatesy.wineport.pl\/?product=medalla-real","title":{"rendered":"Medalla Real"},"content":{"rendered":"<div class=\"tab-container\" style=\"font-family: Montserrat, sans-serif;\">\n<div class=\"product-tabs\">\n<div class=\"product-tab\" data-tab=\"box_description\">\n<div class=\"innerbox\">\n<div class=\"resetcss\">\n<p>Bardzo wonna brandy utrzymana w klasycznym hiszpa\u0144skim stylu. Dojrzewa w beczkach z ameryka\u0144skiego d\u0119bu, kt\u00f3re przydaj\u0105 jej nut korzennych i waniliowych. Cechuje si\u0119 dobrze wywa\u017conym, przyst\u0119pnym smakiem i pi\u0119knym, mahoniowym kolorem. Bardzo uniwersalna, znajdzie zastosowanie zar\u00f3wno w drinkach, jak i w kuchni.<\/p>\n<p>\u00a0<\/p>\n<\/p><\/div>\n<\/p><\/div>\n<\/p><\/div>\n<\/p><\/div>\n<\/p><\/div>\n<div class=\"box wce_replaced\" style=\"font-family: Montserrat, sans-serif;\" data-tab=\"box_productrelated\">\u00a0<\/div>\n","protected":false},"excerpt":{"rendered":"<div class=\"tab-container\" style=\"font-family: Montserrat, sans-serif;\">\n<div class=\"product-tabs\">\n<div class=\"product-tab\" data-tab=\"box_description\">\n<div class=\"innerbox\">\n<div class=\"resetcss\">\n<p>Bardzo wonna brandy utrzymana w klasycznym hiszpa\u0144skim stylu. Dojrzewa w beczkach z ameryka\u0144skiego d\u0119bu, kt\u00f3re przydaj\u0105 jej nut korzennych i waniliowych. Cechuje si\u0119 dobrze wywa\u017conym, przyst\u0119pnym smakiem i pi\u0119knym, mahoniowym kolorem. Bardzo uniwersalna, znajdzie zastosowanie zar\u00f3wno w drinkach, jak i w kuchni.<\/p>\n<p>\u00a0<\/p>\n<\/p><\/div>\n<\/p><\/div>\n<\/p><\/div>\n<\/p><\/div>\n<\/p><\/div>\n<div class=\"box wce_replaced\" style=\"font-family: Montserrat, sans-serif;\" data-tab=\"box_productrelated\">\u00a0<\/div>\n","protected":false},"featured_media":16075,"comment_status":"open","ping_status":"closed","template":"","meta":[],"product_cat":[142,146,145,151],"product_tag":[],"class_list":{"0":"post-16076","1":"product","2":"type-product","3":"status-publish","4":"has-post-thumbnail","6":"product_cat-alkohole-mocne","7":"product_cat-armagnac-i-brandy","8":"product_cat-cognac","9":"product_cat-hiszpania-armagnac-i-brandy","11":"first","12":"instock","13":"shipping-taxable","14":"purchasable","15":"product-type-simple"},"_links":{"self":[{"href":"http:\/\/delikatesy.wineport.pl\/index.php?rest_route=\/wp\/v2\/product\/16076","targetHints":{"allow":["GET"]}}],"collection":[{"href":"http:\/\/delikatesy.wineport.pl\/index.php?rest_route=\/wp\/v2\/product"}],"about":[{"href":"http:\/\/delikatesy.wineport.pl\/index.php?rest_route=\/wp\/v2\/types\/product"}],"replies":[{"embeddable":true,"href":"http:\/\/delikatesy.wineport.pl\/index.php?rest_route=%2Fwp%2Fv2%2Fcomments&post=16076"}],"wp:featuredmedia":[{"embeddable":true,"href":"http:\/\/delikatesy.wineport.pl\/index.php?rest_route=\/wp\/v2\/media\/16075"}],"wp:attachment":[{"href":"http:\/\/delikatesy.wineport.pl\/index.php?rest_route=%2Fwp%2Fv2%2Fmedia&parent=16076"}],"wp:term":[{"taxonomy":"product_cat","embeddable":true,"href":"http:\/\/delikatesy.wineport.pl\/index.php?rest_route=%2Fwp%2Fv2%2Fproduct_cat&post=16076"},{"taxonomy":"product_tag","embeddable":true,"href":"http:\/\/delikatesy.wineport.pl\/index.php?rest_route=%2Fwp%2Fv2%2Fproduct_tag&post=16076"}],"curies":[{"name":"wp","href":"https:\/\/api.w.org\/{rel}","templated":true}]}}