{"id":16084,"date":"2024-03-14T14:17:08","date_gmt":"2024-03-14T13:17:08","guid":{"rendered":"http:\/\/delikatesy.wineport.pl\/?product=koniak-daincourt-rare-xo-grande-champagne-07l"},"modified":"2026-05-10T19:41:07","modified_gmt":"2026-05-10T17:41:07","slug":"koniak-daincourt-rare-xo-grande-champagne-07l","status":"publish","type":"product","link":"http:\/\/delikatesy.wineport.pl\/?product=koniak-daincourt-rare-xo-grande-champagne-07l","title":{"rendered":"Koniak D&#8217;Aincourt Rare XO Grande Champagne 0,7l"},"content":{"rendered":"<div class=\"tab-container\" style=\"font-family: Montserrat, sans-serif;\">\n<div class=\"product-tabs\">\n<div class=\"product-tab\" data-tab=\"box_description\">\n<div class=\"innerbox\">\n<div class=\"resetcss\">\n<p>D&#8217;Aincourt Extra to mieszanka dwunastu eaux-de-vie, dojrzewaj\u0105cych od 25 do 70 lat w beczkach z d\u0119bu limuzynowego. Beczki te pe\u0142ne s\u0105 wy\u0142\u0105cznie najlepszych i najlepiej zachowanych rocznik\u00f3w. Trunek ma g\u0142\u0119boko z\u0142ot\u0105 barw\u0119 z refleksami barwy pomara\u0144czowo-miedzianej. Jeden rzut oka pozwala rozpozna\u0107 i doceni\u0107 jego g\u0142adk\u0105, oleist\u0105 konsystencj\u0119. Nos nieprawdopodobnie wr\u0119cz dojrza\u0142y i z\u0142o\u017cony, pe\u0142en tych nut, kt\u00f3rych oczekuje si\u0119 po koniakach z Grande Champagne: jak w dojrza\u0142ym rancio wyczujemy przejrza\u0142e owoce, orzechy, rodzynki su\u0142ta\u0144skie, pieczone gruszki i mi\u00f3d, skontrowane pikantnym cynamonem, akcentami fig i ga\u0142ki muszkato\u0142owej oraz wanilii i dobrego cygara. W ustach z\u0142o\u017cony i wywa\u017cony &#8211; niezr\u00f3wnana kompozycja pieczonych, duszonych i kandyzowanych owoc\u00f3w, takich jak morele, gruszki, \u015bliwki i pomara\u0144cze, z delikatnymi nutami irys\u00f3w i narcyz\u00f3w, a tak\u017ce pikantnymi akcentami szafranu, dymu i kory d\u0119bowej. Finisz niesko\u0144czenie d\u0142ugi, po prostu zniewalaj\u0105cy.<\/p>\n<p>D&#8217;Aincourt Extra to koniak dla m\u0119\u017cczyzn charyzmatycznych, bystrych i przenikliwych, umiej\u0105cych rozkoszowa\u0107 si\u0119 doczesno\u015bci\u0105. Dla\u00a0ambitnych tw\u00f3rc\u00f3w i tytan\u00f3w pracy, stale d\u0105\u017c\u0105cych do sukcesu i samorozwoju. A tak\u017ce dla tw\u00f3rczy\u0144 i tytanek &#8211; o ile dobrze czuj\u0105 si\u0119 w silnie zmaskulinizowanym towarzystwie. Jako dodatek polecamy doskona\u0142e cygaro.<\/p>\n<p>D&#8217;Aincourt to presti\u017cowa marka najszlachetniejszych koniak\u00f3w, pochodz\u0105cych wy\u0142\u0105cznie z Grande Champagne. Zadebiutowa\u0142a niedawno, w 2014 roku, ale stoj\u0105ca za ni\u0105 firma, pozostaj\u0105ca w r\u0119kach jednej i tej samej rodziny od siedmiu pokole\u0144, ma ju\u017c ponad 170-letni\u0105 histori\u0119. Inspiracj\u0105 dla D&#8217;Aincourt by\u0142y postacie wielkich bohater\u00f3w francuskiej przesz\u0142o\u015bci &#8211; wysokich rang\u0105 oficer\u00f3w armii Napoleona I, znanych nie tylko ze swych zdolno\u015bci przyw\u00f3dczych, heroizmu, \u015bmia\u0142o\u015bci i lojalno\u015bci, lecz tak\u017ce wyszukanego smaku i talent\u00f3w dyplomatycznych. W\u0142a\u015bciciele marki mieli na uwadze przede wszystkim jednego &#8211; Armanda Augustina Louisa de Caulaincourt, ksi\u0119cia Vicenzy, genera\u0142a i ambasadora Francji w Petersburgu. By\u0142 on przodkiem rodziny &#8211; jednym z tych, kt\u00f3rzy dost\u0105pili w swym \u017cyciu najwy\u017cszych zaszczyt\u00f3w.<\/p>\n<p>Otwarcie nawi\u0105zuj\u0105cy do imperialnych i wojskowych tradycji, koniak D&#8217;Aincourt wyr\u00f3\u017cnia si\u0119\u00a0srebrn\u0105\u00a0brosz\u0105, kt\u00f3ra przypomina\u0107 ma order &#8211; dok\u0142adnie taki, jakim wynagradzano dzieln\u0105, wojownicz\u0105 postaw\u0119 na polu bitwy. Autorem koncepcji butelki jest Patrick Norguet, projektant wsp\u00f3\u0142pracuj\u0105cy z najwi\u0119kszymi i najbardziej ekskluzywnymi markami. Postawi\u0142 na genialny kontrast mi\u0119dzy prost\u0105 elegancj\u0105 a jaskrawym luksusem, nawi\u0105zuj\u0105c mimochodem do symboliki solarnej i przypisywanego Ludwikowi XIV powiedzenia &#8220;l&#8217;\u00c9tat, c&#8217;est moi&#8221;. Ma to by\u0107 ho\u0142d dla idei m\u0119sko\u015bci &#8211; lecz nie tej brutalnej i nieokrzesanej, a tej \u0142\u0105cz\u0105cej pozorne przeciwie\u0144stwa &#8211; stanowczo\u015b\u0107, si\u0142\u0119 i twardy charakter z wra\u017cliwo\u015bci\u0105 estetyczn\u0105 i wyrafinowaniem.<\/p>\n<p>Firma produkuj\u0105ca D&#8217;Aincourt powsta\u0142a w 1848 roku. Ma 130 hektar\u00f3w upraw winoro\u015bli, g\u0142\u00f3wnie odmiany ugni blanc. Przez lata dostarcza\u0142a swoje wyroby wielkim domom koniakowym jako sk\u0142adnik blend\u00f3w, ale te\u017c gromadzi\u0142a bezcenne eaux-de-vie. Dzi\u0119ki temu w jej piwnicach znajduj\u0105 si\u0119 beczki wype\u0142nione nawet stuletnim trunkiem (sic!), i trunek ten trafia nast\u0119pnie &#8211; w ilo\u015bciach okre\u015blonych umiej\u0119tnie i ze znawstwem przez mistrza piwnicy &#8211; do koniak\u00f3w D&#8217;Aincourt.<\/p>\n<p>\u00a0<\/p>\n<\/p><\/div>\n<\/p><\/div>\n<\/p><\/div>\n<\/p><\/div>\n<\/p><\/div>\n<div style=\"font-family: Montserrat, sans-serif;\" data-boxes-side=\"2\">\u00a0<\/div>\n","protected":false},"excerpt":{"rendered":"<div class=\"tab-container\" style=\"font-family: Montserrat, sans-serif;\">\n<div class=\"product-tabs\">\n<div class=\"product-tab\" data-tab=\"box_description\">\n<div class=\"innerbox\">\n<div class=\"resetcss\">\n<p>D&#8217;Aincourt Extra to mieszanka dwunastu eaux-de-vie, dojrzewaj\u0105cych od 25 do 70 lat w beczkach z d\u0119bu limuzynowego. Beczki te pe\u0142ne s\u0105 wy\u0142\u0105cznie najlepszych i najlepiej zachowanych rocznik\u00f3w. Trunek ma g\u0142\u0119boko z\u0142ot\u0105 barw\u0119 z refleksami barwy pomara\u0144czowo-miedzianej. Jeden rzut oka pozwala rozpozna\u0107 i doceni\u0107 jego g\u0142adk\u0105, oleist\u0105 konsystencj\u0119. Nos nieprawdopodobnie wr\u0119cz dojrza\u0142y i z\u0142o\u017cony, pe\u0142en tych nut, kt\u00f3rych oczekuje si\u0119 po koniakach z Grande Champagne: jak w dojrza\u0142ym rancio wyczujemy przejrza\u0142e owoce, orzechy, rodzynki su\u0142ta\u0144skie, pieczone gruszki i mi\u00f3d, skontrowane pikantnym cynamonem, akcentami fig i ga\u0142ki muszkato\u0142owej oraz wanilii i dobrego cygara. W ustach z\u0142o\u017cony i wywa\u017cony &#8211; niezr\u00f3wnana kompozycja pieczonych, duszonych i kandyzowanych owoc\u00f3w, takich jak morele, gruszki, \u015bliwki i pomara\u0144cze, z delikatnymi nutami irys\u00f3w i narcyz\u00f3w, a tak\u017ce pikantnymi akcentami szafranu, dymu i kory d\u0119bowej. Finisz niesko\u0144czenie d\u0142ugi, po prostu zniewalaj\u0105cy.<\/p>\n<p>D&#8217;Aincourt Extra to koniak dla m\u0119\u017cczyzn charyzmatycznych, bystrych i przenikliwych, umiej\u0105cych rozkoszowa\u0107 si\u0119 doczesno\u015bci\u0105. Dla\u00a0ambitnych tw\u00f3rc\u00f3w i tytan\u00f3w pracy, stale d\u0105\u017c\u0105cych do sukcesu i samorozwoju. A tak\u017ce dla tw\u00f3rczy\u0144 i tytanek &#8211; o ile dobrze czuj\u0105 si\u0119 w silnie zmaskulinizowanym towarzystwie. Jako dodatek polecamy doskona\u0142e cygaro.<\/p>\n<p>D&#8217;Aincourt to presti\u017cowa marka najszlachetniejszych koniak\u00f3w, pochodz\u0105cych wy\u0142\u0105cznie z Grande Champagne. Zadebiutowa\u0142a niedawno, w 2014 roku, ale stoj\u0105ca za ni\u0105 firma, pozostaj\u0105ca w r\u0119kach jednej i tej samej rodziny od siedmiu pokole\u0144, ma ju\u017c ponad 170-letni\u0105 histori\u0119. Inspiracj\u0105 dla D&#8217;Aincourt by\u0142y postacie wielkich bohater\u00f3w francuskiej przesz\u0142o\u015bci &#8211; wysokich rang\u0105 oficer\u00f3w armii Napoleona I, znanych nie tylko ze swych zdolno\u015bci przyw\u00f3dczych, heroizmu, \u015bmia\u0142o\u015bci i lojalno\u015bci, lecz tak\u017ce wyszukanego smaku i talent\u00f3w dyplomatycznych. W\u0142a\u015bciciele marki mieli na uwadze przede wszystkim jednego &#8211; Armanda Augustina Louisa de Caulaincourt, ksi\u0119cia Vicenzy, genera\u0142a i ambasadora Francji w Petersburgu. By\u0142 on przodkiem rodziny &#8211; jednym z tych, kt\u00f3rzy dost\u0105pili w swym \u017cyciu najwy\u017cszych zaszczyt\u00f3w.<\/p>\n<p>Otwarcie nawi\u0105zuj\u0105cy do imperialnych i wojskowych tradycji, koniak D&#8217;Aincourt wyr\u00f3\u017cnia si\u0119\u00a0srebrn\u0105\u00a0brosz\u0105, kt\u00f3ra przypomina\u0107 ma order &#8211; dok\u0142adnie taki, jakim wynagradzano dzieln\u0105, wojownicz\u0105 postaw\u0119 na polu bitwy. Autorem koncepcji butelki jest Patrick Norguet, projektant wsp\u00f3\u0142pracuj\u0105cy z najwi\u0119kszymi i najbardziej ekskluzywnymi markami. Postawi\u0142 na genialny kontrast mi\u0119dzy prost\u0105 elegancj\u0105 a jaskrawym luksusem, nawi\u0105zuj\u0105c mimochodem do symboliki solarnej i przypisywanego Ludwikowi XIV powiedzenia &#8220;l&#8217;\u00c9tat, c&#8217;est moi&#8221;. Ma to by\u0107 ho\u0142d dla idei m\u0119sko\u015bci &#8211; lecz nie tej brutalnej i nieokrzesanej, a tej \u0142\u0105cz\u0105cej pozorne przeciwie\u0144stwa &#8211; stanowczo\u015b\u0107, si\u0142\u0119 i twardy charakter z wra\u017cliwo\u015bci\u0105 estetyczn\u0105 i wyrafinowaniem.<\/p>\n<p>Firma produkuj\u0105ca D&#8217;Aincourt powsta\u0142a w 1848 roku. Ma 130 hektar\u00f3w upraw winoro\u015bli, g\u0142\u00f3wnie odmiany ugni blanc. Przez lata dostarcza\u0142a swoje wyroby wielkim domom koniakowym jako sk\u0142adnik blend\u00f3w, ale te\u017c gromadzi\u0142a bezcenne eaux-de-vie. Dzi\u0119ki temu w jej piwnicach znajduj\u0105 si\u0119 beczki wype\u0142nione nawet stuletnim trunkiem (sic!), i trunek ten trafia nast\u0119pnie &#8211; w ilo\u015bciach okre\u015blonych umiej\u0119tnie i ze znawstwem przez mistrza piwnicy &#8211; do koniak\u00f3w D&#8217;Aincourt.<\/p>\n<p>\u00a0<\/p>\n<\/p><\/div>\n<\/p><\/div>\n<\/p><\/div>\n<\/p><\/div>\n<\/p><\/div>\n<div style=\"font-family: Montserrat, sans-serif;\" data-boxes-side=\"2\">\u00a0<\/div>\n","protected":false},"featured_media":16083,"comment_status":"open","ping_status":"closed","template":"","meta":[],"product_cat":[142,146,145,149],"product_tag":[],"class_list":{"0":"post-16084","1":"product","2":"type-product","3":"status-publish","4":"has-post-thumbnail","6":"product_cat-alkohole-mocne","7":"product_cat-armagnac-i-brandy","8":"product_cat-cognac","9":"product_cat-francja-armagnac-i-brandy","11":"first","12":"instock","13":"shipping-taxable","14":"purchasable","15":"product-type-simple"},"_links":{"self":[{"href":"http:\/\/delikatesy.wineport.pl\/index.php?rest_route=\/wp\/v2\/product\/16084","targetHints":{"allow":["GET"]}}],"collection":[{"href":"http:\/\/delikatesy.wineport.pl\/index.php?rest_route=\/wp\/v2\/product"}],"about":[{"href":"http:\/\/delikatesy.wineport.pl\/index.php?rest_route=\/wp\/v2\/types\/product"}],"replies":[{"embeddable":true,"href":"http:\/\/delikatesy.wineport.pl\/index.php?rest_route=%2Fwp%2Fv2%2Fcomments&post=16084"}],"wp:featuredmedia":[{"embeddable":true,"href":"http:\/\/delikatesy.wineport.pl\/index.php?rest_route=\/wp\/v2\/media\/16083"}],"wp:attachment":[{"href":"http:\/\/delikatesy.wineport.pl\/index.php?rest_route=%2Fwp%2Fv2%2Fmedia&parent=16084"}],"wp:term":[{"taxonomy":"product_cat","embeddable":true,"href":"http:\/\/delikatesy.wineport.pl\/index.php?rest_route=%2Fwp%2Fv2%2Fproduct_cat&post=16084"},{"taxonomy":"product_tag","embeddable":true,"href":"http:\/\/delikatesy.wineport.pl\/index.php?rest_route=%2Fwp%2Fv2%2Fproduct_tag&post=16084"}],"curies":[{"name":"wp","href":"https:\/\/api.w.org\/{rel}","templated":true}]}}