{"id":16114,"date":"2024-03-14T14:17:15","date_gmt":"2024-03-14T13:17:15","guid":{"rendered":"http:\/\/delikatesy.wineport.pl\/?product=big-ben-special-reserve"},"modified":"2026-05-10T19:41:11","modified_gmt":"2026-05-10T17:41:11","slug":"big-ben-special-reserve","status":"publish","type":"product","link":"http:\/\/delikatesy.wineport.pl\/?product=big-ben-special-reserve","title":{"rendered":"Big Ben Special Reserve"},"content":{"rendered":"<p>\u00a0<\/p>\n<section class=\"page-product-box\" style=\"color: #3b3b3b; font-family: Roboto, sans-serif;\">\n<div class=\"rte\" style=\"font-family: inherit;\">\n<p style=\"font-family: inherit;\">Klasyczne whisky butelk\u0105 nawi\u0105zuj\u0105ce do najbardziej znanej atrakcji londy\u0144skiej. W smaku wyraziste, lekko goryczkowate. Idealnie sprawdzi si\u0119 na prezent dla podr\u00f3\u017cuj\u0105cych i zwiedzaj\u0105cych.<\/p>\n<\/p><\/div>\n<\/section>\n<p>\u00a0<\/p>\n<ul id=\"usefull_link_block\" class=\"clearfix no-print\" style=\"color: #3b3b3b; font-family: Roboto, sans-serif;\"><\/ul>\n<p><span style=\"color: #55acee; font-size: 15px; font-family: Roboto;\">Butelka whisky\u00a0 jest w kszta\u0142cie Big Bena w Londynie.<\/span><br style=\"color: #55acee; font-size: 15px; font-family: Roboto;\" \/><span style=\"color: #55acee; font-size: 15px; font-family: Roboto;\">Gdy ju\u017c wypijesz swoj\u0105 butelk\u0119 whisky, Big Ben, mo\u017cesz umie\u015bci\u0107 butelk\u0119 w swoim domu jako pami\u0105tk\u0119.<\/span><\/p>\n","protected":false},"excerpt":{"rendered":"<p>\u00a0<\/p>\n<section class=\"page-product-box\" style=\"color: #3b3b3b; font-family: Roboto, sans-serif;\">\n<div class=\"rte\" style=\"font-family: inherit;\">\n<p style=\"font-family: inherit;\">Klasyczne whisky butelk\u0105 nawi\u0105zuj\u0105ce do najbardziej znanej atrakcji londy\u0144skiej. W smaku wyraziste, lekko goryczkowate. Idealnie sprawdzi si\u0119 na prezent dla podr\u00f3\u017cuj\u0105cych i zwiedzaj\u0105cych.<\/p>\n<\/p><\/div>\n<\/section>\n<p>\u00a0<\/p>\n<ul id=\"usefull_link_block\" class=\"clearfix no-print\" style=\"color: #3b3b3b; font-family: Roboto, sans-serif;\"><\/ul>\n<p><span style=\"color: #55acee; font-size: 15px; font-family: Roboto;\">Butelka whisky\u00a0 jest w kszta\u0142cie Big Bena w Londynie.<\/span><br style=\"color: #55acee; font-size: 15px; font-family: Roboto;\" \/><span style=\"color: #55acee; font-size: 15px; font-family: Roboto;\">Gdy ju\u017c wypijesz swoj\u0105 butelk\u0119 whisky, Big Ben, mo\u017cesz umie\u015bci\u0107 butelk\u0119 w swoim domu jako pami\u0105tk\u0119.<\/span><\/p>\n","protected":false},"featured_media":16113,"comment_status":"open","ping_status":"closed","template":"","meta":[],"product_cat":[142,143],"product_tag":[],"class_list":{"0":"post-16114","1":"product","2":"type-product","3":"status-publish","4":"has-post-thumbnail","6":"product_cat-alkohole-mocne","7":"product_cat-whisky","9":"first","10":"instock","11":"shipping-taxable","12":"purchasable","13":"product-type-simple"},"_links":{"self":[{"href":"http:\/\/delikatesy.wineport.pl\/index.php?rest_route=\/wp\/v2\/product\/16114","targetHints":{"allow":["GET"]}}],"collection":[{"href":"http:\/\/delikatesy.wineport.pl\/index.php?rest_route=\/wp\/v2\/product"}],"about":[{"href":"http:\/\/delikatesy.wineport.pl\/index.php?rest_route=\/wp\/v2\/types\/product"}],"replies":[{"embeddable":true,"href":"http:\/\/delikatesy.wineport.pl\/index.php?rest_route=%2Fwp%2Fv2%2Fcomments&post=16114"}],"wp:featuredmedia":[{"embeddable":true,"href":"http:\/\/delikatesy.wineport.pl\/index.php?rest_route=\/wp\/v2\/media\/16113"}],"wp:attachment":[{"href":"http:\/\/delikatesy.wineport.pl\/index.php?rest_route=%2Fwp%2Fv2%2Fmedia&parent=16114"}],"wp:term":[{"taxonomy":"product_cat","embeddable":true,"href":"http:\/\/delikatesy.wineport.pl\/index.php?rest_route=%2Fwp%2Fv2%2Fproduct_cat&post=16114"},{"taxonomy":"product_tag","embeddable":true,"href":"http:\/\/delikatesy.wineport.pl\/index.php?rest_route=%2Fwp%2Fv2%2Fproduct_tag&post=16114"}],"curies":[{"name":"wp","href":"https:\/\/api.w.org\/{rel}","templated":true}]}}