{"id":16128,"date":"2024-03-14T14:17:18","date_gmt":"2024-03-14T13:17:18","guid":{"rendered":"http:\/\/delikatesy.wineport.pl\/?product=blossom-gin-peach-london-450-07l"},"modified":"2026-05-10T19:41:57","modified_gmt":"2026-05-10T17:41:57","slug":"blossom-gin-peach-london-450-07l","status":"publish","type":"product","link":"http:\/\/delikatesy.wineport.pl\/?product=blossom-gin-peach-london-450-07l","title":{"rendered":"Blossom Gin Peach London 45,0% 0,7l"},"content":{"rendered":"<p style=\"font-family: Montserrat, sans-serif;\">Krajobrazy wok\u00f3\u0142 Costa Blanca s\u0142yn\u0105 z kwitn\u0105cych brzoskwiniami gaj\u00f3w, kt\u00f3re sta\u0142y si\u0119 inspiracj\u0105 do stworzenia destylowanego ginu Blossom Peach.<\/p>\n<p style=\"font-family: Montserrat, sans-serif;\">\u00a0<\/p>\n<p style=\"font-family: Montserrat, sans-serif;\">Zgodnie z tradycyjn\u0105 metod\u0105 Alcoy le\u017c\u0105cego niedaleko Costa Blanca, polegaj\u0105cej na destylacji dla kt\u00f3rej podstaw\u0105 s\u0105 szczeg\u00f3lnie starannie wybrane ro\u015bliny botaniczne; gin jest swego rodzaju hiszpa\u0144sko-\u015br\u00f3dziemnomorskim dziedzictwem.<\/p>\n<p style=\"font-family: Montserrat, sans-serif;\">\u00a0<\/p>\n<p style=\"font-family: Montserrat, sans-serif;\">Wybieraj\u0105c do niego tylko odpowiednio soczyste brzoskwinie, osi\u0105ga si\u0119 mi\u0119kki i elegancki efekt, przepe\u0142niony r\u00f3\u017cnorodnymi aromatami. Dominuj\u0105ca jest w nim jednak przede wszystkim s\u0142odycz owocu, prze\u0142amana \u015bwie\u017co\u015bci\u0105 ja\u0142owca.<\/p>\n<p style=\"font-family: Montserrat, sans-serif;\">\u00a0<\/p>\n<p style=\"font-family: Montserrat, sans-serif;\">Blossom Gin Peach London jest idealny na pe\u0142ne s\u0142o\u0144ca, ciep\u0142e dni.<\/p>\n","protected":false},"excerpt":{"rendered":"<p style=\"font-family: Montserrat, sans-serif;\">Krajobrazy wok\u00f3\u0142 Costa Blanca s\u0142yn\u0105 z kwitn\u0105cych brzoskwiniami gaj\u00f3w, kt\u00f3re sta\u0142y si\u0119 inspiracj\u0105 do stworzenia destylowanego ginu Blossom Peach.<\/p>\n<p style=\"font-family: Montserrat, sans-serif;\">\u00a0<\/p>\n<p style=\"font-family: Montserrat, sans-serif;\">Zgodnie z tradycyjn\u0105 metod\u0105 Alcoy le\u017c\u0105cego niedaleko Costa Blanca, polegaj\u0105cej na destylacji dla kt\u00f3rej podstaw\u0105 s\u0105 szczeg\u00f3lnie starannie wybrane ro\u015bliny botaniczne; gin jest swego rodzaju hiszpa\u0144sko-\u015br\u00f3dziemnomorskim dziedzictwem.<\/p>\n<p style=\"font-family: Montserrat, sans-serif;\">\u00a0<\/p>\n<p style=\"font-family: Montserrat, sans-serif;\">Wybieraj\u0105c do niego tylko odpowiednio soczyste brzoskwinie, osi\u0105ga si\u0119 mi\u0119kki i elegancki efekt, przepe\u0142niony r\u00f3\u017cnorodnymi aromatami. Dominuj\u0105ca jest w nim jednak przede wszystkim s\u0142odycz owocu, prze\u0142amana \u015bwie\u017co\u015bci\u0105 ja\u0142owca.<\/p>\n<p style=\"font-family: Montserrat, sans-serif;\">\u00a0<\/p>\n<p style=\"font-family: Montserrat, sans-serif;\">Blossom Gin Peach London jest idealny na pe\u0142ne s\u0142o\u0144ca, ciep\u0142e dni.<\/p>\n","protected":false},"featured_media":16127,"comment_status":"open","ping_status":"closed","template":"","meta":[],"product_cat":[142,194],"product_tag":[],"class_list":{"0":"post-16128","1":"product","2":"type-product","3":"status-publish","4":"has-post-thumbnail","6":"product_cat-alkohole-mocne","7":"product_cat-gin","9":"first","10":"instock","11":"shipping-taxable","12":"purchasable","13":"product-type-simple"},"_links":{"self":[{"href":"http:\/\/delikatesy.wineport.pl\/index.php?rest_route=\/wp\/v2\/product\/16128","targetHints":{"allow":["GET"]}}],"collection":[{"href":"http:\/\/delikatesy.wineport.pl\/index.php?rest_route=\/wp\/v2\/product"}],"about":[{"href":"http:\/\/delikatesy.wineport.pl\/index.php?rest_route=\/wp\/v2\/types\/product"}],"replies":[{"embeddable":true,"href":"http:\/\/delikatesy.wineport.pl\/index.php?rest_route=%2Fwp%2Fv2%2Fcomments&post=16128"}],"wp:featuredmedia":[{"embeddable":true,"href":"http:\/\/delikatesy.wineport.pl\/index.php?rest_route=\/wp\/v2\/media\/16127"}],"wp:attachment":[{"href":"http:\/\/delikatesy.wineport.pl\/index.php?rest_route=%2Fwp%2Fv2%2Fmedia&parent=16128"}],"wp:term":[{"taxonomy":"product_cat","embeddable":true,"href":"http:\/\/delikatesy.wineport.pl\/index.php?rest_route=%2Fwp%2Fv2%2Fproduct_cat&post=16128"},{"taxonomy":"product_tag","embeddable":true,"href":"http:\/\/delikatesy.wineport.pl\/index.php?rest_route=%2Fwp%2Fv2%2Fproduct_tag&post=16128"}],"curies":[{"name":"wp","href":"https:\/\/api.w.org\/{rel}","templated":true}]}}