{"id":16130,"date":"2024-03-14T14:17:18","date_gmt":"2024-03-14T13:17:18","guid":{"rendered":"http:\/\/delikatesy.wineport.pl\/?product=blossom-gin-grand-reserva"},"modified":"2026-05-10T19:41:57","modified_gmt":"2026-05-10T17:41:57","slug":"blossom-gin-grand-reserva","status":"publish","type":"product","link":"http:\/\/delikatesy.wineport.pl\/?product=blossom-gin-grand-reserva","title":{"rendered":"Blossom Gin Grand Reserva"},"content":{"rendered":"<p style=\"font-family: Montserrat, sans-serif;\">Dzi\u0119ki wsp\u00f3\u0142pracy z Cognac-Haus Meukow w pierwszej kolejno\u015bci powsta\u0142 Blossom Gin Gran Reserva London. To on wytyczy\u0142 \u015bcie\u017ck\u0119 pozosta\u0142ym:\u00a0<a style=\"color: #bd8200;\" href=\"https:\/\/smaczajama.pl\/pl\/p\/Blossom-Gin-Peach-London-45%2C0-0%2C7l\/9026\" target=\"_blank\">Blossom Gin Peach London<\/a>\u00a0oraz\u00a0<a style=\"color: #bd8200;\" href=\"https:\/\/smaczajama.pl\/pl\/p\/Blossom-Gin-Dry-London-44-0%2C7l\/9027\" target=\"_blank\">Blossom Gin Dry London<\/a>.<\/p>\n<p style=\"font-family: Montserrat, sans-serif;\">Blossom Gin Gran Reserva London oparty jest na hiszpa\u0144skim alkoholu zbo\u017cowym i siedmiu sk\u0142adnikach botanicznych, kt\u00f3re zwykle s\u0105 destylowane tradycyjn\u0105 metod\u0105 w miedzianych pojemnikach.<\/p>\n<p style=\"font-family: Montserrat, sans-serif;\">Nast\u0119pnie gin wlewa si\u0119 do beczek po koniaku, aby m\u00f3g\u0142 tam dojrze\u0107 i\u00a0zaadaptowa\u0107 wszystkie aromaty, kt\u00f3re wch\u0142on\u0119\u0142y si\u0119 w drewno.<\/p>\n<p style=\"font-family: Montserrat, sans-serif;\">\u00a0<\/p>\n<p style=\"font-family: Montserrat, sans-serif;\">Rezultatem jest niezwykle krystaliczny trunek, dok\u0142adnie odzwierciedlaj\u0105cy bogactwo i pi\u0119kno krainy z kt\u00f3rej pochodzi.<\/p>\n<p style=\"font-family: Montserrat, sans-serif;\">Charakteryzuje si\u0119 drzewno-waniliowym aromatem,\u00a0przez kt\u00f3ry przenika cytrusowa \u015bwie\u017co\u015b\u0107 i delikatne nuty ja\u0142owca, podkre\u015blaj\u0105cego jego intensywny smak.\u00a0<\/p>\n<p style=\"font-family: Montserrat, sans-serif;\">\u00a0<\/p>\n","protected":false},"excerpt":{"rendered":"<p style=\"font-family: Montserrat, sans-serif;\">Dzi\u0119ki wsp\u00f3\u0142pracy z Cognac-Haus Meukow w pierwszej kolejno\u015bci powsta\u0142 Blossom Gin Gran Reserva London. To on wytyczy\u0142 \u015bcie\u017ck\u0119 pozosta\u0142ym:\u00a0<a style=\"color: #bd8200;\" href=\"https:\/\/smaczajama.pl\/pl\/p\/Blossom-Gin-Peach-London-45%2C0-0%2C7l\/9026\" target=\"_blank\">Blossom Gin Peach London<\/a>\u00a0oraz\u00a0<a style=\"color: #bd8200;\" href=\"https:\/\/smaczajama.pl\/pl\/p\/Blossom-Gin-Dry-London-44-0%2C7l\/9027\" target=\"_blank\">Blossom Gin Dry London<\/a>.<\/p>\n<p style=\"font-family: Montserrat, sans-serif;\">Blossom Gin Gran Reserva London oparty jest na hiszpa\u0144skim alkoholu zbo\u017cowym i siedmiu sk\u0142adnikach botanicznych, kt\u00f3re zwykle s\u0105 destylowane tradycyjn\u0105 metod\u0105 w miedzianych pojemnikach.<\/p>\n<p style=\"font-family: Montserrat, sans-serif;\">Nast\u0119pnie gin wlewa si\u0119 do beczek po koniaku, aby m\u00f3g\u0142 tam dojrze\u0107 i\u00a0zaadaptowa\u0107 wszystkie aromaty, kt\u00f3re wch\u0142on\u0119\u0142y si\u0119 w drewno.<\/p>\n<p style=\"font-family: Montserrat, sans-serif;\">\u00a0<\/p>\n<p style=\"font-family: Montserrat, sans-serif;\">Rezultatem jest niezwykle krystaliczny trunek, dok\u0142adnie odzwierciedlaj\u0105cy bogactwo i pi\u0119kno krainy z kt\u00f3rej pochodzi.<\/p>\n<p style=\"font-family: Montserrat, sans-serif;\">Charakteryzuje si\u0119 drzewno-waniliowym aromatem,\u00a0przez kt\u00f3ry przenika cytrusowa \u015bwie\u017co\u015b\u0107 i delikatne nuty ja\u0142owca, podkre\u015blaj\u0105cego jego intensywny smak.\u00a0<\/p>\n<p style=\"font-family: Montserrat, sans-serif;\">\u00a0<\/p>\n","protected":false},"featured_media":16129,"comment_status":"open","ping_status":"closed","template":"","meta":[],"product_cat":[142,194],"product_tag":[],"class_list":{"0":"post-16130","1":"product","2":"type-product","3":"status-publish","4":"has-post-thumbnail","6":"product_cat-alkohole-mocne","7":"product_cat-gin","9":"first","10":"instock","11":"shipping-taxable","12":"purchasable","13":"product-type-simple"},"_links":{"self":[{"href":"http:\/\/delikatesy.wineport.pl\/index.php?rest_route=\/wp\/v2\/product\/16130","targetHints":{"allow":["GET"]}}],"collection":[{"href":"http:\/\/delikatesy.wineport.pl\/index.php?rest_route=\/wp\/v2\/product"}],"about":[{"href":"http:\/\/delikatesy.wineport.pl\/index.php?rest_route=\/wp\/v2\/types\/product"}],"replies":[{"embeddable":true,"href":"http:\/\/delikatesy.wineport.pl\/index.php?rest_route=%2Fwp%2Fv2%2Fcomments&post=16130"}],"wp:featuredmedia":[{"embeddable":true,"href":"http:\/\/delikatesy.wineport.pl\/index.php?rest_route=\/wp\/v2\/media\/16129"}],"wp:attachment":[{"href":"http:\/\/delikatesy.wineport.pl\/index.php?rest_route=%2Fwp%2Fv2%2Fmedia&parent=16130"}],"wp:term":[{"taxonomy":"product_cat","embeddable":true,"href":"http:\/\/delikatesy.wineport.pl\/index.php?rest_route=%2Fwp%2Fv2%2Fproduct_cat&post=16130"},{"taxonomy":"product_tag","embeddable":true,"href":"http:\/\/delikatesy.wineport.pl\/index.php?rest_route=%2Fwp%2Fv2%2Fproduct_tag&post=16130"}],"curies":[{"name":"wp","href":"https:\/\/api.w.org\/{rel}","templated":true}]}}