{"id":16132,"date":"2024-03-14T14:17:19","date_gmt":"2024-03-14T13:17:19","guid":{"rendered":"http:\/\/delikatesy.wineport.pl\/?product=blossom-london-dry-gin"},"modified":"2026-05-10T19:41:57","modified_gmt":"2026-05-10T17:41:57","slug":"blossom-london-dry-gin","status":"publish","type":"product","link":"http:\/\/delikatesy.wineport.pl\/?product=blossom-london-dry-gin","title":{"rendered":"Blossom London Dry Gin"},"content":{"rendered":"<p><span style=\"color: #3b3b3b; font-size: 15px; font-family: Roboto, sans-serif;\">W oparciu o tradycyjne metody Blossom Gin Dry London jest destylowany z 20 starannie wyselekcjonowanych ro\u015blin. Inspiracj\u0105 dla jego tw\u00f3rc\u00f3w by\u0142a zapieraj\u0105ca dech w piersiach flora Parku Narodowego Sierra Mariola w Hiszpanii. \u015ar\u00f3dziemnomorskie \u015brodowisko i \u0142agodne warunki atmosferyczne na Costa Blanca sprawiaj\u0105, \u017ce ten gin ma wyj\u0105tkowy smak, a jego degustacja jest przygod\u0105. Delikatny i subtelny, z nutami cytrus\u00f3w, \u0142agodnych zi\u00f3\u0142 i \u015bwie\u017c\u0105 gorzko\u015bci\u0105 ja\u0142owca. Blossom Dry London to uczta na ka\u017cd\u0105 okazj\u0119.<\/span><\/p>\n","protected":false},"excerpt":{"rendered":"<p><span style=\"color: #3b3b3b; font-size: 15px; font-family: Roboto, sans-serif;\">W oparciu o tradycyjne metody Blossom Gin Dry London jest destylowany z 20 starannie wyselekcjonowanych ro\u015blin. Inspiracj\u0105 dla jego tw\u00f3rc\u00f3w by\u0142a zapieraj\u0105ca dech w piersiach flora Parku Narodowego Sierra Mariola w Hiszpanii. \u015ar\u00f3dziemnomorskie \u015brodowisko i \u0142agodne warunki atmosferyczne na Costa Blanca sprawiaj\u0105, \u017ce ten gin ma wyj\u0105tkowy smak, a jego degustacja jest przygod\u0105. Delikatny i subtelny, z nutami cytrus\u00f3w, \u0142agodnych zi\u00f3\u0142 i \u015bwie\u017c\u0105 gorzko\u015bci\u0105 ja\u0142owca. Blossom Dry London to uczta na ka\u017cd\u0105 okazj\u0119.<\/span><\/p>\n","protected":false},"featured_media":16131,"comment_status":"open","ping_status":"closed","template":"","meta":[],"product_cat":[142,194],"product_tag":[],"class_list":{"0":"post-16132","1":"product","2":"type-product","3":"status-publish","4":"has-post-thumbnail","6":"product_cat-alkohole-mocne","7":"product_cat-gin","9":"first","10":"instock","11":"shipping-taxable","12":"purchasable","13":"product-type-simple"},"_links":{"self":[{"href":"http:\/\/delikatesy.wineport.pl\/index.php?rest_route=\/wp\/v2\/product\/16132","targetHints":{"allow":["GET"]}}],"collection":[{"href":"http:\/\/delikatesy.wineport.pl\/index.php?rest_route=\/wp\/v2\/product"}],"about":[{"href":"http:\/\/delikatesy.wineport.pl\/index.php?rest_route=\/wp\/v2\/types\/product"}],"replies":[{"embeddable":true,"href":"http:\/\/delikatesy.wineport.pl\/index.php?rest_route=%2Fwp%2Fv2%2Fcomments&post=16132"}],"wp:featuredmedia":[{"embeddable":true,"href":"http:\/\/delikatesy.wineport.pl\/index.php?rest_route=\/wp\/v2\/media\/16131"}],"wp:attachment":[{"href":"http:\/\/delikatesy.wineport.pl\/index.php?rest_route=%2Fwp%2Fv2%2Fmedia&parent=16132"}],"wp:term":[{"taxonomy":"product_cat","embeddable":true,"href":"http:\/\/delikatesy.wineport.pl\/index.php?rest_route=%2Fwp%2Fv2%2Fproduct_cat&post=16132"},{"taxonomy":"product_tag","embeddable":true,"href":"http:\/\/delikatesy.wineport.pl\/index.php?rest_route=%2Fwp%2Fv2%2Fproduct_tag&post=16132"}],"curies":[{"name":"wp","href":"https:\/\/api.w.org\/{rel}","templated":true}]}}