{"id":16134,"date":"2024-03-14T14:17:19","date_gmt":"2024-03-14T13:17:19","guid":{"rendered":"http:\/\/delikatesy.wineport.pl\/?product=gin-jodhpur-07l"},"modified":"2026-05-10T19:41:58","modified_gmt":"2026-05-10T17:41:58","slug":"gin-jodhpur-07l","status":"publish","type":"product","link":"http:\/\/delikatesy.wineport.pl\/?product=gin-jodhpur-07l","title":{"rendered":"Gin Jodhpur 0,7l"},"content":{"rendered":"<p style=\"font-family: Montserrat, sans-serif;\">Gin inspirowany&#8230; miastem &#8211; \u015bci\u015ble rzecz ujmuj\u0105c, jednym z najbardziej niezwyk\u0142ych i najpi\u0119kniejszych miast na \u015bwiecie. D\u017codhpur po\u0142o\u017cone jest w Rad\u017castanie, w p\u00f3\u0142nocno-zachodnich Indiach. Przed wiekami by\u0142o wa\u017cnym o\u015brodkiem handlu przyprawami korzennymi. Na wzg\u00f3rzu ponad miastem le\u017cy twierdza Mehrangarh &#8211; jeden z najbardziej imponuj\u0105cych i najwi\u0119kszych fort\u00f3w w Indiach. Wra\u017cenie jeszcze bardziej niezwyk\u0142e robi\u0105 przyklejone do wzg\u00f3rza domy &#8211; setki, tysi\u0105ce dom\u00f3w pomalowanych na wszystkie znane odcienie b\u0142\u0119kitu.<\/p>\n<p style=\"font-family: Montserrat, sans-serif;\">Jodhpur stara si\u0119 dor\u00f3wna\u0107 smakiem temu zapieraj\u0105cemu dech w piersiach widokowi. Produkowany w Anglii, powstaje z maceratu zawieraj\u0105cego 13 r\u00f3\u017cnych ro\u015blin &#8211; w tym jagody ja\u0142owca, kolendr\u0119, korze\u0144 angeliki, kor\u0119 cynamonow\u0105, imbir, migda\u0142y, sk\u00f3rk\u0119 grapefruita i korze\u0144 fio\u0142kowy. Destylowany czterokrotnie, za czwartym razem &#8211; dopiero na tym etapie do alkoholu dodaje si\u0119 cytrusy &#8211; przez 7 dni. Nos bardzo delikatny i elegancki z aromatami dzikich jag\u00f3d i nut\u0105 balsamiczn\u0105. W smaku g\u0142adki, lekko oleisty z nutami zi\u00f3\u0142 i subtelnie orze\u017awiaj\u0105cych cytrus\u00f3w, a tak\u017ce szlachetnego alkoholu &#8211; ten pochodzi z beczek po hiszpa\u0144skiej brandy, w kt\u00f3rych Jodhpur dojrzewa przed zabutelkowaniem. Nagrodzony m.in. srebrnym medalem na International Wine &amp; Spirit Competiton (2013) i z\u0142otym medalem San Francisco World Spirits Competition (2011).<\/p>\n","protected":false},"excerpt":{"rendered":"<p style=\"font-family: Montserrat, sans-serif;\">Gin inspirowany&#8230; miastem &#8211; \u015bci\u015ble rzecz ujmuj\u0105c, jednym z najbardziej niezwyk\u0142ych i najpi\u0119kniejszych miast na \u015bwiecie. D\u017codhpur po\u0142o\u017cone jest w Rad\u017castanie, w p\u00f3\u0142nocno-zachodnich Indiach. Przed wiekami by\u0142o wa\u017cnym o\u015brodkiem handlu przyprawami korzennymi. Na wzg\u00f3rzu ponad miastem le\u017cy twierdza Mehrangarh &#8211; jeden z najbardziej imponuj\u0105cych i najwi\u0119kszych fort\u00f3w w Indiach. Wra\u017cenie jeszcze bardziej niezwyk\u0142e robi\u0105 przyklejone do wzg\u00f3rza domy &#8211; setki, tysi\u0105ce dom\u00f3w pomalowanych na wszystkie znane odcienie b\u0142\u0119kitu.<\/p>\n<p style=\"font-family: Montserrat, sans-serif;\">Jodhpur stara si\u0119 dor\u00f3wna\u0107 smakiem temu zapieraj\u0105cemu dech w piersiach widokowi. Produkowany w Anglii, powstaje z maceratu zawieraj\u0105cego 13 r\u00f3\u017cnych ro\u015blin &#8211; w tym jagody ja\u0142owca, kolendr\u0119, korze\u0144 angeliki, kor\u0119 cynamonow\u0105, imbir, migda\u0142y, sk\u00f3rk\u0119 grapefruita i korze\u0144 fio\u0142kowy. Destylowany czterokrotnie, za czwartym razem &#8211; dopiero na tym etapie do alkoholu dodaje si\u0119 cytrusy &#8211; przez 7 dni. Nos bardzo delikatny i elegancki z aromatami dzikich jag\u00f3d i nut\u0105 balsamiczn\u0105. W smaku g\u0142adki, lekko oleisty z nutami zi\u00f3\u0142 i subtelnie orze\u017awiaj\u0105cych cytrus\u00f3w, a tak\u017ce szlachetnego alkoholu &#8211; ten pochodzi z beczek po hiszpa\u0144skiej brandy, w kt\u00f3rych Jodhpur dojrzewa przed zabutelkowaniem. Nagrodzony m.in. srebrnym medalem na International Wine &amp; Spirit Competiton (2013) i z\u0142otym medalem San Francisco World Spirits Competition (2011).<\/p>\n","protected":false},"featured_media":16133,"comment_status":"open","ping_status":"closed","template":"","meta":[],"product_cat":[142,194],"product_tag":[],"class_list":{"0":"post-16134","1":"product","2":"type-product","3":"status-publish","4":"has-post-thumbnail","6":"product_cat-alkohole-mocne","7":"product_cat-gin","9":"first","10":"instock","11":"shipping-taxable","12":"purchasable","13":"product-type-simple"},"_links":{"self":[{"href":"http:\/\/delikatesy.wineport.pl\/index.php?rest_route=\/wp\/v2\/product\/16134","targetHints":{"allow":["GET"]}}],"collection":[{"href":"http:\/\/delikatesy.wineport.pl\/index.php?rest_route=\/wp\/v2\/product"}],"about":[{"href":"http:\/\/delikatesy.wineport.pl\/index.php?rest_route=\/wp\/v2\/types\/product"}],"replies":[{"embeddable":true,"href":"http:\/\/delikatesy.wineport.pl\/index.php?rest_route=%2Fwp%2Fv2%2Fcomments&post=16134"}],"wp:featuredmedia":[{"embeddable":true,"href":"http:\/\/delikatesy.wineport.pl\/index.php?rest_route=\/wp\/v2\/media\/16133"}],"wp:attachment":[{"href":"http:\/\/delikatesy.wineport.pl\/index.php?rest_route=%2Fwp%2Fv2%2Fmedia&parent=16134"}],"wp:term":[{"taxonomy":"product_cat","embeddable":true,"href":"http:\/\/delikatesy.wineport.pl\/index.php?rest_route=%2Fwp%2Fv2%2Fproduct_cat&post=16134"},{"taxonomy":"product_tag","embeddable":true,"href":"http:\/\/delikatesy.wineport.pl\/index.php?rest_route=%2Fwp%2Fv2%2Fproduct_tag&post=16134"}],"curies":[{"name":"wp","href":"https:\/\/api.w.org\/{rel}","templated":true}]}}