{"id":16150,"date":"2024-03-14T14:17:31","date_gmt":"2024-03-14T13:17:31","guid":{"rendered":"http:\/\/delikatesy.wineport.pl\/?product=j-m-white-rum-martynika"},"modified":"2026-05-10T19:41:59","modified_gmt":"2026-05-10T17:41:59","slug":"j-m-white-rum-martynika","status":"publish","type":"product","link":"http:\/\/delikatesy.wineport.pl\/?product=j-m-white-rum-martynika","title":{"rendered":"J.M White Rum Martynika"},"content":{"rendered":"<p>Rhum JM White obrazuje czyst\u0105 moc uwa\u017canej za najlepsz\u0105 trzcin\u0119 cukrow\u0105 na wyspie. Jego smak poprzedzony jest bukietem bia\u0142ego pieprzu i lilii, kt\u00f3ry ust\u0119puje ananasom, malinom i ciep\u0142ym herbatnikom w ustach i powoli przechodzi w d\u0142ugi i wytrawny finisz. Ekstrawagancki r\u00f3g obfito\u015bci dojrzewaj\u0105cych owoc\u00f3w tropikalnych &#8211; mango, przejrza\u0142ych banan\u00f3w, papai &#8211; i dzikiej ziemisto\u015bci \u0142\u0105cz\u0105 si\u0119 w aromatyczn\u0105 eksplozj\u0119; smaki s\u0105 intensywnie bogate w \u015bwie\u017c\u0105 trzcin\u0119 cukrow\u0105 i owoce tropikalne. Idealny do koktajli Ti Punch i Daiquiri.<\/p>\n","protected":false},"excerpt":{"rendered":"<p>Rhum JM White obrazuje czyst\u0105 moc uwa\u017canej za najlepsz\u0105 trzcin\u0119 cukrow\u0105 na wyspie. Jego smak poprzedzony jest bukietem bia\u0142ego pieprzu i lilii, kt\u00f3ry ust\u0119puje ananasom, malinom i ciep\u0142ym herbatnikom w ustach i powoli przechodzi w d\u0142ugi i wytrawny finisz. Ekstrawagancki r\u00f3g obfito\u015bci dojrzewaj\u0105cych owoc\u00f3w tropikalnych &#8211; mango, przejrza\u0142ych banan\u00f3w, papai &#8211; i dzikiej ziemisto\u015bci \u0142\u0105cz\u0105 si\u0119 w aromatyczn\u0105 eksplozj\u0119; smaki s\u0105 intensywnie bogate w \u015bwie\u017c\u0105 trzcin\u0119 cukrow\u0105 i owoce tropikalne. Idealny do koktajli Ti Punch i Daiquiri.<\/p>\n","protected":false},"featured_media":16149,"comment_status":"open","ping_status":"closed","template":"","meta":[],"product_cat":[142,200],"product_tag":[],"class_list":{"0":"post-16150","1":"product","2":"type-product","3":"status-publish","4":"has-post-thumbnail","6":"product_cat-alkohole-mocne","7":"product_cat-rum","9":"first","10":"instock","11":"shipping-taxable","12":"purchasable","13":"product-type-simple"},"_links":{"self":[{"href":"http:\/\/delikatesy.wineport.pl\/index.php?rest_route=\/wp\/v2\/product\/16150","targetHints":{"allow":["GET"]}}],"collection":[{"href":"http:\/\/delikatesy.wineport.pl\/index.php?rest_route=\/wp\/v2\/product"}],"about":[{"href":"http:\/\/delikatesy.wineport.pl\/index.php?rest_route=\/wp\/v2\/types\/product"}],"replies":[{"embeddable":true,"href":"http:\/\/delikatesy.wineport.pl\/index.php?rest_route=%2Fwp%2Fv2%2Fcomments&post=16150"}],"wp:featuredmedia":[{"embeddable":true,"href":"http:\/\/delikatesy.wineport.pl\/index.php?rest_route=\/wp\/v2\/media\/16149"}],"wp:attachment":[{"href":"http:\/\/delikatesy.wineport.pl\/index.php?rest_route=%2Fwp%2Fv2%2Fmedia&parent=16150"}],"wp:term":[{"taxonomy":"product_cat","embeddable":true,"href":"http:\/\/delikatesy.wineport.pl\/index.php?rest_route=%2Fwp%2Fv2%2Fproduct_cat&post=16150"},{"taxonomy":"product_tag","embeddable":true,"href":"http:\/\/delikatesy.wineport.pl\/index.php?rest_route=%2Fwp%2Fv2%2Fproduct_tag&post=16150"}],"curies":[{"name":"wp","href":"https:\/\/api.w.org\/{rel}","templated":true}]}}