{"id":16152,"date":"2024-03-14T14:17:32","date_gmt":"2024-03-14T13:17:32","guid":{"rendered":"http:\/\/delikatesy.wineport.pl\/?product=j-m-rum-joyau-macouba-limited-edition-martynika"},"modified":"2026-05-10T19:41:59","modified_gmt":"2026-05-10T17:41:59","slug":"j-m-rum-joyau-macouba-limited-edition-martynika","status":"publish","type":"product","link":"http:\/\/delikatesy.wineport.pl\/?product=j-m-rum-joyau-macouba-limited-edition-martynika","title":{"rendered":"J.M Rum Joyau Macouba Limited Edition Martynika"},"content":{"rendered":"<p>Joyau Macouba Joyau Macouba to limitowana edycja wyselekcjonowana podczas kampanii 2017 ze wzgl\u0119du na sw\u00f3j aromatyczny profil. Ten bia\u0142y rum wyra\u017ca ca\u0142\u0105 posta\u0107 i terroir Distillerie JM. Tak wi\u0119c ten specjalny rocznik o mocy 51,8% alk. zosta\u0142 starannie wyselekcjonowany podczas zbioru przez komitet degustacyjny gorzelni J.M, a jego unikalny profil aromatyczny doskonale odzwierciedla charakter gorzelni J.M. JM Joyau Macouba Edition to tylko 45 000 butelek na ca\u0142ym \u015bwiecie. Charakteryzuje go s\u0142odki zapach kwiatu trzciny cukrowej, miodu i limonki, ust\u0119puj\u0105cy nutom bia\u0142ego pieprzu i kwiatowych nut w ustach. Degustacja ko\u0144czy si\u0119 nutami any\u017cu i kwiat\u00f3w, kt\u00f3re dodaj\u0105 z\u0142o\u017cono\u015bci temu bia\u0142emu rolniczemu rumowi, aby powi\u0119kszy\u0107 tradycyjny Martinican Ti&#8217;Punch!<\/p>\n","protected":false},"excerpt":{"rendered":"<p>Joyau Macouba Joyau Macouba to limitowana edycja wyselekcjonowana podczas kampanii 2017 ze wzgl\u0119du na sw\u00f3j aromatyczny profil. Ten bia\u0142y rum wyra\u017ca ca\u0142\u0105 posta\u0107 i terroir Distillerie JM. Tak wi\u0119c ten specjalny rocznik o mocy 51,8% alk. zosta\u0142 starannie wyselekcjonowany podczas zbioru przez komitet degustacyjny gorzelni J.M, a jego unikalny profil aromatyczny doskonale odzwierciedla charakter gorzelni J.M. JM Joyau Macouba Edition to tylko 45 000 butelek na ca\u0142ym \u015bwiecie. Charakteryzuje go s\u0142odki zapach kwiatu trzciny cukrowej, miodu i limonki, ust\u0119puj\u0105cy nutom bia\u0142ego pieprzu i kwiatowych nut w ustach. Degustacja ko\u0144czy si\u0119 nutami any\u017cu i kwiat\u00f3w, kt\u00f3re dodaj\u0105 z\u0142o\u017cono\u015bci temu bia\u0142emu rolniczemu rumowi, aby powi\u0119kszy\u0107 tradycyjny Martinican Ti&#8217;Punch!<\/p>\n","protected":false},"featured_media":16151,"comment_status":"open","ping_status":"closed","template":"","meta":[],"product_cat":[142,200],"product_tag":[],"class_list":{"0":"post-16152","1":"product","2":"type-product","3":"status-publish","4":"has-post-thumbnail","6":"product_cat-alkohole-mocne","7":"product_cat-rum","9":"first","10":"instock","11":"shipping-taxable","12":"purchasable","13":"product-type-simple"},"_links":{"self":[{"href":"http:\/\/delikatesy.wineport.pl\/index.php?rest_route=\/wp\/v2\/product\/16152","targetHints":{"allow":["GET"]}}],"collection":[{"href":"http:\/\/delikatesy.wineport.pl\/index.php?rest_route=\/wp\/v2\/product"}],"about":[{"href":"http:\/\/delikatesy.wineport.pl\/index.php?rest_route=\/wp\/v2\/types\/product"}],"replies":[{"embeddable":true,"href":"http:\/\/delikatesy.wineport.pl\/index.php?rest_route=%2Fwp%2Fv2%2Fcomments&post=16152"}],"wp:featuredmedia":[{"embeddable":true,"href":"http:\/\/delikatesy.wineport.pl\/index.php?rest_route=\/wp\/v2\/media\/16151"}],"wp:attachment":[{"href":"http:\/\/delikatesy.wineport.pl\/index.php?rest_route=%2Fwp%2Fv2%2Fmedia&parent=16152"}],"wp:term":[{"taxonomy":"product_cat","embeddable":true,"href":"http:\/\/delikatesy.wineport.pl\/index.php?rest_route=%2Fwp%2Fv2%2Fproduct_cat&post=16152"},{"taxonomy":"product_tag","embeddable":true,"href":"http:\/\/delikatesy.wineport.pl\/index.php?rest_route=%2Fwp%2Fv2%2Fproduct_tag&post=16152"}],"curies":[{"name":"wp","href":"https:\/\/api.w.org\/{rel}","templated":true}]}}