{"id":16154,"date":"2024-03-14T14:17:32","date_gmt":"2024-03-14T13:17:32","guid":{"rendered":"http:\/\/delikatesy.wineport.pl\/?product=j-m-gold-rum-martynika"},"modified":"2026-05-10T19:41:59","modified_gmt":"2026-05-10T17:41:59","slug":"j-m-gold-rum-martynika","status":"publish","type":"product","link":"http:\/\/delikatesy.wineport.pl\/?product=j-m-gold-rum-martynika","title":{"rendered":"J.M Gold Rum Martynika"},"content":{"rendered":"<p>Rum J.M Gold \u201eEl\u00e9v\u00e9 Sous Bois\u201d ma bogaty smak trzciny cukrowej o pi\u0119knej lepko\u015bci na podniebieniu. Bogaty z\u0142oty kolor jest rezultatem naturalnego dojrzewania w beczkach po bourbonie przez co najmniej 12 miesi\u0119cy. \u201cAromaty palonego cukru, pralin i \u0142uski kokosowej z mi\u0119kkim, wytrawnym, \u015brednio-pe\u0142nym smakiem pra\u017conego nugatu i li\u015bcia bananowca. Idealny do koktajli cytrusowych, z imbirem lub z kostkami lodu<\/p>\n","protected":false},"excerpt":{"rendered":"<p>Rum J.M Gold \u201eEl\u00e9v\u00e9 Sous Bois\u201d ma bogaty smak trzciny cukrowej o pi\u0119knej lepko\u015bci na podniebieniu. Bogaty z\u0142oty kolor jest rezultatem naturalnego dojrzewania w beczkach po bourbonie przez co najmniej 12 miesi\u0119cy. \u201cAromaty palonego cukru, pralin i \u0142uski kokosowej z mi\u0119kkim, wytrawnym, \u015brednio-pe\u0142nym smakiem pra\u017conego nugatu i li\u015bcia bananowca. Idealny do koktajli cytrusowych, z imbirem lub z kostkami lodu<\/p>\n","protected":false},"featured_media":16153,"comment_status":"open","ping_status":"closed","template":"","meta":[],"product_cat":[142,200],"product_tag":[],"class_list":{"0":"post-16154","1":"product","2":"type-product","3":"status-publish","4":"has-post-thumbnail","6":"product_cat-alkohole-mocne","7":"product_cat-rum","9":"first","10":"instock","11":"shipping-taxable","12":"purchasable","13":"product-type-simple"},"_links":{"self":[{"href":"http:\/\/delikatesy.wineport.pl\/index.php?rest_route=\/wp\/v2\/product\/16154","targetHints":{"allow":["GET"]}}],"collection":[{"href":"http:\/\/delikatesy.wineport.pl\/index.php?rest_route=\/wp\/v2\/product"}],"about":[{"href":"http:\/\/delikatesy.wineport.pl\/index.php?rest_route=\/wp\/v2\/types\/product"}],"replies":[{"embeddable":true,"href":"http:\/\/delikatesy.wineport.pl\/index.php?rest_route=%2Fwp%2Fv2%2Fcomments&post=16154"}],"wp:featuredmedia":[{"embeddable":true,"href":"http:\/\/delikatesy.wineport.pl\/index.php?rest_route=\/wp\/v2\/media\/16153"}],"wp:attachment":[{"href":"http:\/\/delikatesy.wineport.pl\/index.php?rest_route=%2Fwp%2Fv2%2Fmedia&parent=16154"}],"wp:term":[{"taxonomy":"product_cat","embeddable":true,"href":"http:\/\/delikatesy.wineport.pl\/index.php?rest_route=%2Fwp%2Fv2%2Fproduct_cat&post=16154"},{"taxonomy":"product_tag","embeddable":true,"href":"http:\/\/delikatesy.wineport.pl\/index.php?rest_route=%2Fwp%2Fv2%2Fproduct_tag&post=16154"}],"curies":[{"name":"wp","href":"https:\/\/api.w.org\/{rel}","templated":true}]}}