{"id":16156,"date":"2024-03-14T14:17:33","date_gmt":"2024-03-14T13:17:33","guid":{"rendered":"http:\/\/delikatesy.wineport.pl\/?product=j-m-v-s-o-p-rum-kart-martynika"},"modified":"2026-05-10T19:41:59","modified_gmt":"2026-05-10T17:41:59","slug":"j-m-v-s-o-p-rum-kart-martynika","status":"publish","type":"product","link":"http:\/\/delikatesy.wineport.pl\/?product=j-m-v-s-o-p-rum-kart-martynika","title":{"rendered":"J.M V.S.O.P Rum kart Martynika"},"content":{"rendered":"<p>Rum V.S.O.P. cierpliwie dojrzewa w naszej piwnicy na Martynice przez minimum cztery lata, zanim trafi do butelek. Sp\u0119dza trzy lata w ponownie opalonych beczkach po bourbonie, a nast\u0119pnie jest przenoszony do nowych beczek z ameryka\u0144skiego d\u0119bu na co najmniej jeszcze rok, zanim b\u0119dzie gotowy do butelkowania. Jego pe\u0142ny i intensywny smak sprawia, \u017ce jest to idealny rum do picia w czystej postaci z kostk\u0105 lodu lub w koktajlach. Bogactwo nugat\u00f3w o aromatach cynamonu i go\u017adzik\u00f3w; smaki przyprawionego mas\u0142a i cytrynowego toffi; g\u0142adkie i subtelne wyko\u0144czenie. Idealny do popijania w czystej postaci lub w drinkach Old-Fashioned i Manhattan.<\/p>\n","protected":false},"excerpt":{"rendered":"<p>Rum V.S.O.P. cierpliwie dojrzewa w naszej piwnicy na Martynice przez minimum cztery lata, zanim trafi do butelek. Sp\u0119dza trzy lata w ponownie opalonych beczkach po bourbonie, a nast\u0119pnie jest przenoszony do nowych beczek z ameryka\u0144skiego d\u0119bu na co najmniej jeszcze rok, zanim b\u0119dzie gotowy do butelkowania. Jego pe\u0142ny i intensywny smak sprawia, \u017ce jest to idealny rum do picia w czystej postaci z kostk\u0105 lodu lub w koktajlach. Bogactwo nugat\u00f3w o aromatach cynamonu i go\u017adzik\u00f3w; smaki przyprawionego mas\u0142a i cytrynowego toffi; g\u0142adkie i subtelne wyko\u0144czenie. Idealny do popijania w czystej postaci lub w drinkach Old-Fashioned i Manhattan.<\/p>\n","protected":false},"featured_media":16155,"comment_status":"open","ping_status":"closed","template":"","meta":[],"product_cat":[142,200],"product_tag":[],"class_list":{"0":"post-16156","1":"product","2":"type-product","3":"status-publish","4":"has-post-thumbnail","6":"product_cat-alkohole-mocne","7":"product_cat-rum","9":"first","10":"instock","11":"shipping-taxable","12":"purchasable","13":"product-type-simple"},"_links":{"self":[{"href":"http:\/\/delikatesy.wineport.pl\/index.php?rest_route=\/wp\/v2\/product\/16156","targetHints":{"allow":["GET"]}}],"collection":[{"href":"http:\/\/delikatesy.wineport.pl\/index.php?rest_route=\/wp\/v2\/product"}],"about":[{"href":"http:\/\/delikatesy.wineport.pl\/index.php?rest_route=\/wp\/v2\/types\/product"}],"replies":[{"embeddable":true,"href":"http:\/\/delikatesy.wineport.pl\/index.php?rest_route=%2Fwp%2Fv2%2Fcomments&post=16156"}],"wp:featuredmedia":[{"embeddable":true,"href":"http:\/\/delikatesy.wineport.pl\/index.php?rest_route=\/wp\/v2\/media\/16155"}],"wp:attachment":[{"href":"http:\/\/delikatesy.wineport.pl\/index.php?rest_route=%2Fwp%2Fv2%2Fmedia&parent=16156"}],"wp:term":[{"taxonomy":"product_cat","embeddable":true,"href":"http:\/\/delikatesy.wineport.pl\/index.php?rest_route=%2Fwp%2Fv2%2Fproduct_cat&post=16156"},{"taxonomy":"product_tag","embeddable":true,"href":"http:\/\/delikatesy.wineport.pl\/index.php?rest_route=%2Fwp%2Fv2%2Fproduct_tag&post=16156"}],"curies":[{"name":"wp","href":"https:\/\/api.w.org\/{rel}","templated":true}]}}