{"id":16158,"date":"2024-03-14T14:17:33","date_gmt":"2024-03-14T13:17:33","guid":{"rendered":"http:\/\/delikatesy.wineport.pl\/?product=j-m-x-o-rum-kart-martynika"},"modified":"2026-05-10T19:41:59","modified_gmt":"2026-05-10T17:41:59","slug":"j-m-x-o-rum-kart-martynika","status":"publish","type":"product","link":"http:\/\/delikatesy.wineport.pl\/?product=j-m-x-o-rum-kart-martynika","title":{"rendered":"J.M X.O Rum kart Martynika"},"content":{"rendered":"<p>J.M X.O. rum dojrzewa przez co najmniej sze\u015b\u0107 lat w ponownie opalonych beczkach po bourbonie, co daje z\u0142o\u017cony, dojrza\u0142y trunek z aromatycznym, korzennym posmakiem w ustach. \u201cDojrzewaj\u0105cy w 100% w ponownie opalonych beczkach po bourbonie, elegancki miedziany ton poprzedza wspania\u0142y smak rumu na podniebieniu. Ma bogaty bukiet pra\u017conych orzech\u00f3w, cytryny i sza\u0142wii, co stanowi dope\u0142nienie s\u0142odkiego ciasta oraz smak\u00f3w mango i marakui. Do\u015bwiadczenie akcentuje bia\u0142y pieprz, cynamon i ga\u0142ka muszkato\u0142owa.<\/p>\n","protected":false},"excerpt":{"rendered":"<p>J.M X.O. rum dojrzewa przez co najmniej sze\u015b\u0107 lat w ponownie opalonych beczkach po bourbonie, co daje z\u0142o\u017cony, dojrza\u0142y trunek z aromatycznym, korzennym posmakiem w ustach. \u201cDojrzewaj\u0105cy w 100% w ponownie opalonych beczkach po bourbonie, elegancki miedziany ton poprzedza wspania\u0142y smak rumu na podniebieniu. Ma bogaty bukiet pra\u017conych orzech\u00f3w, cytryny i sza\u0142wii, co stanowi dope\u0142nienie s\u0142odkiego ciasta oraz smak\u00f3w mango i marakui. Do\u015bwiadczenie akcentuje bia\u0142y pieprz, cynamon i ga\u0142ka muszkato\u0142owa.<\/p>\n","protected":false},"featured_media":16157,"comment_status":"open","ping_status":"closed","template":"","meta":[],"product_cat":[142,200],"product_tag":[],"class_list":{"0":"post-16158","1":"product","2":"type-product","3":"status-publish","4":"has-post-thumbnail","6":"product_cat-alkohole-mocne","7":"product_cat-rum","9":"first","10":"instock","11":"shipping-taxable","12":"purchasable","13":"product-type-simple"},"_links":{"self":[{"href":"http:\/\/delikatesy.wineport.pl\/index.php?rest_route=\/wp\/v2\/product\/16158","targetHints":{"allow":["GET"]}}],"collection":[{"href":"http:\/\/delikatesy.wineport.pl\/index.php?rest_route=\/wp\/v2\/product"}],"about":[{"href":"http:\/\/delikatesy.wineport.pl\/index.php?rest_route=\/wp\/v2\/types\/product"}],"replies":[{"embeddable":true,"href":"http:\/\/delikatesy.wineport.pl\/index.php?rest_route=%2Fwp%2Fv2%2Fcomments&post=16158"}],"wp:featuredmedia":[{"embeddable":true,"href":"http:\/\/delikatesy.wineport.pl\/index.php?rest_route=\/wp\/v2\/media\/16157"}],"wp:attachment":[{"href":"http:\/\/delikatesy.wineport.pl\/index.php?rest_route=%2Fwp%2Fv2%2Fmedia&parent=16158"}],"wp:term":[{"taxonomy":"product_cat","embeddable":true,"href":"http:\/\/delikatesy.wineport.pl\/index.php?rest_route=%2Fwp%2Fv2%2Fproduct_cat&post=16158"},{"taxonomy":"product_tag","embeddable":true,"href":"http:\/\/delikatesy.wineport.pl\/index.php?rest_route=%2Fwp%2Fv2%2Fproduct_tag&post=16158"}],"curies":[{"name":"wp","href":"https:\/\/api.w.org\/{rel}","templated":true}]}}