{"id":16160,"date":"2024-03-14T14:17:33","date_gmt":"2024-03-14T13:17:33","guid":{"rendered":"http:\/\/delikatesy.wineport.pl\/?product=j-m-cuvee-1845-rum-kart-martynika"},"modified":"2026-05-10T19:42:00","modified_gmt":"2026-05-10T17:42:00","slug":"j-m-cuvee-1845-rum-kart-martynika","status":"publish","type":"product","link":"http:\/\/delikatesy.wineport.pl\/?product=j-m-cuvee-1845-rum-kart-martynika","title":{"rendered":"J.M CUVEE 1845 Rum kart Martynika"},"content":{"rendered":"<p>Rum \u00abCuv\u00e9e 1845\u00bb, destylowany w bardzo ma\u0142ych ilo\u015bciach, jest spadkobierc\u0105 prawie 170 lat tradycji. Ten wyj\u0105tkowy rum jest wynikiem po\u0142\u0105czenia rumu rolniczego dojrzewaj\u0105cego minimum 10 lat w opalonej d\u0119bowej beczce. Rum \u201cCuv\u00e9e 1845\u201d jest doskona\u0142ym wyrazem niezr\u00f3wnanego charakteru dojrza\u0142ego rumu J.M. z dominuj\u0105cymi aromatami \u015bwi\u0105tecznych przypraw, pieprzu, kolendry i piernik\u00f3w ze szczypt\u0105 wanilii.<\/p>\n","protected":false},"excerpt":{"rendered":"<p>Rum \u00abCuv\u00e9e 1845\u00bb, destylowany w bardzo ma\u0142ych ilo\u015bciach, jest spadkobierc\u0105 prawie 170 lat tradycji. Ten wyj\u0105tkowy rum jest wynikiem po\u0142\u0105czenia rumu rolniczego dojrzewaj\u0105cego minimum 10 lat w opalonej d\u0119bowej beczce. Rum \u201cCuv\u00e9e 1845\u201d jest doskona\u0142ym wyrazem niezr\u00f3wnanego charakteru dojrza\u0142ego rumu J.M. z dominuj\u0105cymi aromatami \u015bwi\u0105tecznych przypraw, pieprzu, kolendry i piernik\u00f3w ze szczypt\u0105 wanilii.<\/p>\n","protected":false},"featured_media":16159,"comment_status":"open","ping_status":"closed","template":"","meta":[],"product_cat":[142,200],"product_tag":[],"class_list":{"0":"post-16160","1":"product","2":"type-product","3":"status-publish","4":"has-post-thumbnail","6":"product_cat-alkohole-mocne","7":"product_cat-rum","9":"first","10":"instock","11":"shipping-taxable","12":"purchasable","13":"product-type-simple"},"_links":{"self":[{"href":"http:\/\/delikatesy.wineport.pl\/index.php?rest_route=\/wp\/v2\/product\/16160","targetHints":{"allow":["GET"]}}],"collection":[{"href":"http:\/\/delikatesy.wineport.pl\/index.php?rest_route=\/wp\/v2\/product"}],"about":[{"href":"http:\/\/delikatesy.wineport.pl\/index.php?rest_route=\/wp\/v2\/types\/product"}],"replies":[{"embeddable":true,"href":"http:\/\/delikatesy.wineport.pl\/index.php?rest_route=%2Fwp%2Fv2%2Fcomments&post=16160"}],"wp:featuredmedia":[{"embeddable":true,"href":"http:\/\/delikatesy.wineport.pl\/index.php?rest_route=\/wp\/v2\/media\/16159"}],"wp:attachment":[{"href":"http:\/\/delikatesy.wineport.pl\/index.php?rest_route=%2Fwp%2Fv2%2Fmedia&parent=16160"}],"wp:term":[{"taxonomy":"product_cat","embeddable":true,"href":"http:\/\/delikatesy.wineport.pl\/index.php?rest_route=%2Fwp%2Fv2%2Fproduct_cat&post=16160"},{"taxonomy":"product_tag","embeddable":true,"href":"http:\/\/delikatesy.wineport.pl\/index.php?rest_route=%2Fwp%2Fv2%2Fproduct_tag&post=16160"}],"curies":[{"name":"wp","href":"https:\/\/api.w.org\/{rel}","templated":true}]}}