{"id":16162,"date":"2024-03-14T14:17:34","date_gmt":"2024-03-14T13:17:34","guid":{"rendered":"http:\/\/delikatesy.wineport.pl\/?product=baikal-vodka-07"},"modified":"2026-05-10T19:42:00","modified_gmt":"2026-05-10T17:42:00","slug":"baikal-vodka-07","status":"publish","type":"product","link":"http:\/\/delikatesy.wineport.pl\/?product=baikal-vodka-07","title":{"rendered":"Baikal Vodka 0,7"},"content":{"rendered":"<section class=\"page-product-box\" style=\"color: #3b3b3b; font-size: 15px; font-family: Roboto, sans-serif;\">\n<div class=\"rte\" style=\"font-family: inherit;\">\n<p style=\"font-family: inherit;\">Baikal to w\u00f3dka klasy super premium produkowana na bazie krystalicznie czystej wody z rosyjskiego jeziora Bajka\u0142. Trunek ten wyr\u00f3\u017cnia si\u0119 wyj\u0105tkowo delikatnym, eleganckim smakiem oraz zr\u00f3wnowa\u017conym i subtelnym aromatem. Dzi\u0119ki wielokrotnej destylacji w\u00f3dka jest wyj\u0105tkowo mi\u0119kka i subtelna.<\/p>\n<\/p><\/div>\n<\/section>\n","protected":false},"excerpt":{"rendered":"<section class=\"page-product-box\" style=\"color: #3b3b3b; font-size: 15px; font-family: Roboto, sans-serif;\">\n<div class=\"rte\" style=\"font-family: inherit;\">\n<p style=\"font-family: inherit;\">Baikal to w\u00f3dka klasy super premium produkowana na bazie krystalicznie czystej wody z rosyjskiego jeziora Bajka\u0142. Trunek ten wyr\u00f3\u017cnia si\u0119 wyj\u0105tkowo delikatnym, eleganckim smakiem oraz zr\u00f3wnowa\u017conym i subtelnym aromatem. Dzi\u0119ki wielokrotnej destylacji w\u00f3dka jest wyj\u0105tkowo mi\u0119kka i subtelna.<\/p>\n<\/p><\/div>\n<\/section>\n","protected":false},"featured_media":16161,"comment_status":"open","ping_status":"closed","template":"","meta":[],"product_cat":[190,142],"product_tag":[],"class_list":{"0":"post-16162","1":"product","2":"type-product","3":"status-publish","4":"has-post-thumbnail","6":"product_cat-wodka","7":"product_cat-alkohole-mocne","9":"first","10":"instock","11":"shipping-taxable","12":"purchasable","13":"product-type-simple"},"_links":{"self":[{"href":"http:\/\/delikatesy.wineport.pl\/index.php?rest_route=\/wp\/v2\/product\/16162","targetHints":{"allow":["GET"]}}],"collection":[{"href":"http:\/\/delikatesy.wineport.pl\/index.php?rest_route=\/wp\/v2\/product"}],"about":[{"href":"http:\/\/delikatesy.wineport.pl\/index.php?rest_route=\/wp\/v2\/types\/product"}],"replies":[{"embeddable":true,"href":"http:\/\/delikatesy.wineport.pl\/index.php?rest_route=%2Fwp%2Fv2%2Fcomments&post=16162"}],"wp:featuredmedia":[{"embeddable":true,"href":"http:\/\/delikatesy.wineport.pl\/index.php?rest_route=\/wp\/v2\/media\/16161"}],"wp:attachment":[{"href":"http:\/\/delikatesy.wineport.pl\/index.php?rest_route=%2Fwp%2Fv2%2Fmedia&parent=16162"}],"wp:term":[{"taxonomy":"product_cat","embeddable":true,"href":"http:\/\/delikatesy.wineport.pl\/index.php?rest_route=%2Fwp%2Fv2%2Fproduct_cat&post=16162"},{"taxonomy":"product_tag","embeddable":true,"href":"http:\/\/delikatesy.wineport.pl\/index.php?rest_route=%2Fwp%2Fv2%2Fproduct_tag&post=16162"}],"curies":[{"name":"wp","href":"https:\/\/api.w.org\/{rel}","templated":true}]}}