{"id":16168,"date":"2024-03-14T14:17:38","date_gmt":"2024-03-14T13:17:38","guid":{"rendered":"http:\/\/delikatesy.wineport.pl\/?product=baikal-ice-05"},"modified":"2026-05-10T19:42:00","modified_gmt":"2026-05-10T17:42:00","slug":"baikal-ice-05","status":"publish","type":"product","link":"http:\/\/delikatesy.wineport.pl\/?product=baikal-ice-05","title":{"rendered":"Baikal Ice 0,5"},"content":{"rendered":"<section class=\"page-product-box active-section\" style=\"color: #666666; font-family: Georgia, &quot;;\" data-section=\"1\">\n<div class=\"rte\">\n<p>&#8220;Bajka\u0142&#8221; to esencja czysto\u015bci: woda u\u017cyta do produkcji zosta\u0142a pobrana, jak sama nazwa wskazuje, z jeziora Bajka\u0142, kt\u00f3rego wody dot\u0105d zachowa\u0142y krystaliczn\u0105 czysto\u015b\u0107 dziewiczych rejon\u00f3w Syberii. Opr\u00f3cz wody do produkcji w\u00f3dki u\u017cyto naturalnego miodu pszczelego, orzeszk\u00f3w cedrowych i\u00a0<a style=\"color: #333333;\" href=\"https:\/\/kuchnia.wp.pl\/szyszki-6063447758033537c\">szyszek<\/a>\u00a0sosen. Wszystko czyste, naturalne i ekologiczne.<\/p>\n<\/p><\/div>\n<\/section>\n<div id=\"pb-right-column1\" class=\"col-xs-12 col-sm-4 col-md-3\" style=\"color: #666666; font-family: Georgia, &quot; background-color: #fffbf4;\">\u00a0<\/div>\n","protected":false},"excerpt":{"rendered":"<section class=\"page-product-box active-section\" style=\"color: #666666; font-family: Georgia, &quot;;\" data-section=\"1\">\n<div class=\"rte\">\n<p>&#8220;Bajka\u0142&#8221; to esencja czysto\u015bci: woda u\u017cyta do produkcji zosta\u0142a pobrana, jak sama nazwa wskazuje, z jeziora Bajka\u0142, kt\u00f3rego wody dot\u0105d zachowa\u0142y krystaliczn\u0105 czysto\u015b\u0107 dziewiczych rejon\u00f3w Syberii. Opr\u00f3cz wody do produkcji w\u00f3dki u\u017cyto naturalnego miodu pszczelego, orzeszk\u00f3w cedrowych i\u00a0<a style=\"color: #333333;\" href=\"https:\/\/kuchnia.wp.pl\/szyszki-6063447758033537c\">szyszek<\/a>\u00a0sosen. Wszystko czyste, naturalne i ekologiczne.<\/p>\n<\/p><\/div>\n<\/section>\n<div id=\"pb-right-column1\" class=\"col-xs-12 col-sm-4 col-md-3\" style=\"color: #666666; font-family: Georgia, &quot; background-color: #fffbf4;\">\u00a0<\/div>\n","protected":false},"featured_media":16167,"comment_status":"open","ping_status":"closed","template":"","meta":[],"product_cat":[190,142],"product_tag":[],"class_list":{"0":"post-16168","1":"product","2":"type-product","3":"status-publish","4":"has-post-thumbnail","6":"product_cat-wodka","7":"product_cat-alkohole-mocne","9":"first","10":"instock","11":"shipping-taxable","12":"purchasable","13":"product-type-simple"},"_links":{"self":[{"href":"http:\/\/delikatesy.wineport.pl\/index.php?rest_route=\/wp\/v2\/product\/16168","targetHints":{"allow":["GET"]}}],"collection":[{"href":"http:\/\/delikatesy.wineport.pl\/index.php?rest_route=\/wp\/v2\/product"}],"about":[{"href":"http:\/\/delikatesy.wineport.pl\/index.php?rest_route=\/wp\/v2\/types\/product"}],"replies":[{"embeddable":true,"href":"http:\/\/delikatesy.wineport.pl\/index.php?rest_route=%2Fwp%2Fv2%2Fcomments&post=16168"}],"wp:featuredmedia":[{"embeddable":true,"href":"http:\/\/delikatesy.wineport.pl\/index.php?rest_route=\/wp\/v2\/media\/16167"}],"wp:attachment":[{"href":"http:\/\/delikatesy.wineport.pl\/index.php?rest_route=%2Fwp%2Fv2%2Fmedia&parent=16168"}],"wp:term":[{"taxonomy":"product_cat","embeddable":true,"href":"http:\/\/delikatesy.wineport.pl\/index.php?rest_route=%2Fwp%2Fv2%2Fproduct_cat&post=16168"},{"taxonomy":"product_tag","embeddable":true,"href":"http:\/\/delikatesy.wineport.pl\/index.php?rest_route=%2Fwp%2Fv2%2Fproduct_tag&post=16168"}],"curies":[{"name":"wp","href":"https:\/\/api.w.org\/{rel}","templated":true}]}}