{"id":16170,"date":"2024-03-14T14:17:38","date_gmt":"2024-03-14T13:17:38","guid":{"rendered":"http:\/\/delikatesy.wineport.pl\/?product=baikal-pine-nut-05"},"modified":"2026-05-10T19:42:01","modified_gmt":"2026-05-10T17:42:01","slug":"baikal-pine-nut-05","status":"publish","type":"product","link":"http:\/\/delikatesy.wineport.pl\/?product=baikal-pine-nut-05","title":{"rendered":"Baikal Pine Nut 0,5"},"content":{"rendered":"<section class=\"page-product-box\" style=\"color: #3b3b3b; font-size: 15px; font-family: Roboto, sans-serif;\">\n<div class=\"rte\" style=\"font-family: inherit;\">\n<p style=\"font-family: inherit;\">Vodka Baikal Pine Nut to Rosyjska w\u00f3dka orzechowa. Orzechy do tej nalewki wybrane s\u0105 z najlepszych szyszek sosnowych. Produkowana jest z naturalnej wody z jeziora Bajka\u0142, naparu alkoholowego szyszek sosnowych, cukru i naturalnego miodu. Rezultatem jest dobrej jako\u015bci nalewka w kolorze jasnobr\u0105zowym o ostrym smaku i przyjemnym, pikantnym aromacie cedru. Szczeg\u00f3ln\u0105 cech\u0105 jest obecno\u015b\u0107 we wn\u0119trzu butelki 24 orzeszk\u00f3w piniowych.<\/p>\n<\/p><\/div>\n<\/section>\n","protected":false},"excerpt":{"rendered":"<section class=\"page-product-box\" style=\"color: #3b3b3b; font-size: 15px; font-family: Roboto, sans-serif;\">\n<div class=\"rte\" style=\"font-family: inherit;\">\n<p style=\"font-family: inherit;\">Vodka Baikal Pine Nut to Rosyjska w\u00f3dka orzechowa. Orzechy do tej nalewki wybrane s\u0105 z najlepszych szyszek sosnowych. Produkowana jest z naturalnej wody z jeziora Bajka\u0142, naparu alkoholowego szyszek sosnowych, cukru i naturalnego miodu. Rezultatem jest dobrej jako\u015bci nalewka w kolorze jasnobr\u0105zowym o ostrym smaku i przyjemnym, pikantnym aromacie cedru. Szczeg\u00f3ln\u0105 cech\u0105 jest obecno\u015b\u0107 we wn\u0119trzu butelki 24 orzeszk\u00f3w piniowych.<\/p>\n<\/p><\/div>\n<\/section>\n","protected":false},"featured_media":16169,"comment_status":"open","ping_status":"closed","template":"","meta":[],"product_cat":[190,142],"product_tag":[],"class_list":{"0":"post-16170","1":"product","2":"type-product","3":"status-publish","4":"has-post-thumbnail","6":"product_cat-wodka","7":"product_cat-alkohole-mocne","9":"first","10":"instock","11":"shipping-taxable","12":"purchasable","13":"product-type-simple"},"_links":{"self":[{"href":"http:\/\/delikatesy.wineport.pl\/index.php?rest_route=\/wp\/v2\/product\/16170","targetHints":{"allow":["GET"]}}],"collection":[{"href":"http:\/\/delikatesy.wineport.pl\/index.php?rest_route=\/wp\/v2\/product"}],"about":[{"href":"http:\/\/delikatesy.wineport.pl\/index.php?rest_route=\/wp\/v2\/types\/product"}],"replies":[{"embeddable":true,"href":"http:\/\/delikatesy.wineport.pl\/index.php?rest_route=%2Fwp%2Fv2%2Fcomments&post=16170"}],"wp:featuredmedia":[{"embeddable":true,"href":"http:\/\/delikatesy.wineport.pl\/index.php?rest_route=\/wp\/v2\/media\/16169"}],"wp:attachment":[{"href":"http:\/\/delikatesy.wineport.pl\/index.php?rest_route=%2Fwp%2Fv2%2Fmedia&parent=16170"}],"wp:term":[{"taxonomy":"product_cat","embeddable":true,"href":"http:\/\/delikatesy.wineport.pl\/index.php?rest_route=%2Fwp%2Fv2%2Fproduct_cat&post=16170"},{"taxonomy":"product_tag","embeddable":true,"href":"http:\/\/delikatesy.wineport.pl\/index.php?rest_route=%2Fwp%2Fv2%2Fproduct_tag&post=16170"}],"curies":[{"name":"wp","href":"https:\/\/api.w.org\/{rel}","templated":true}]}}