{"id":16203,"date":"2024-03-14T14:17:44","date_gmt":"2024-03-14T13:17:44","guid":{"rendered":"http:\/\/delikatesy.wineport.pl\/?product=alexandre-leopold-x-o-skrzynka-2-kieliszki"},"modified":"2026-05-10T19:43:12","modified_gmt":"2026-05-10T17:43:12","slug":"alexandre-leopold-x-o-skrzynka-2-kieliszki","status":"publish","type":"product","link":"http:\/\/delikatesy.wineport.pl\/?product=alexandre-leopold-x-o-skrzynka-2-kieliszki","title":{"rendered":"ALEXANDRE LEOPOLD X.O SKRZYNKA + 2 KIELISZKI"},"content":{"rendered":"<div class=\"c-product__details c-text\" style=\"font-size: 1.4rem; font-family: Helvetica, Tahoma, sans-serif;\">\n<p>Apelacja: AOC Cognac\u00a0<span class=\"h-ws-nw\">Kraj: Francja<\/span>\u00a0<span class=\"h-ws-nw\">Region: Cognac<\/span>\u00a0<span class=\"h-ws-nw\">Producent:\u00a0<a href=\"https:\/\/wina-mp.pl\/producent\/guy-lheraud-cognac\">Guy Lheraud Cognac<\/a>\u00a0<\/span>\u00a0<span class=\"h-ws-nw\">Poj.: 0.7<\/span>\u00a0<span class=\"h-ws-nw\">Zaw. Alk. %: 40.0<\/span><\/p>\n<\/p><\/div>\n<div class=\"c-product__desc c-text c-text--lh\" style=\"font-size: 1.4rem; font-family: Helvetica, Tahoma, sans-serif;\">\n<p>Koniak Alexandre Leopold jest produkowany we francuskim regionie Cognac, kt\u00f3ry rozci\u0105ga si\u0119 wok\u00f3\u0142 miasta Cognac w po\u0142udniowo-zachodniej cz\u0119\u015bci kraju. To kompozycja powsta\u0142a na bazie bia\u0142ych win z odmian Ugni Blanc, Folle Blanche i Colombard. Powstaje w procesie dwukrotnej destylacji wina. Nast\u0119pnie destylat le\u017cakuje w d\u0119bowej beczce minimum 6 lat.<\/p>\n<\/p><\/div>\n","protected":false},"excerpt":{"rendered":"<div class=\"c-product__details c-text\" style=\"font-size: 1.4rem; font-family: Helvetica, Tahoma, sans-serif;\">\n<p>Apelacja: AOC Cognac\u00a0<span class=\"h-ws-nw\">Kraj: Francja<\/span>\u00a0<span class=\"h-ws-nw\">Region: Cognac<\/span>\u00a0<span class=\"h-ws-nw\">Producent:\u00a0<a href=\"https:\/\/wina-mp.pl\/producent\/guy-lheraud-cognac\">Guy Lheraud Cognac<\/a>\u00a0<\/span>\u00a0<span class=\"h-ws-nw\">Poj.: 0.7<\/span>\u00a0<span class=\"h-ws-nw\">Zaw. Alk. %: 40.0<\/span><\/p>\n<\/p><\/div>\n<div class=\"c-product__desc c-text c-text--lh\" style=\"font-size: 1.4rem; font-family: Helvetica, Tahoma, sans-serif;\">\n<p>Koniak Alexandre Leopold jest produkowany we francuskim regionie Cognac, kt\u00f3ry rozci\u0105ga si\u0119 wok\u00f3\u0142 miasta Cognac w po\u0142udniowo-zachodniej cz\u0119\u015bci kraju. To kompozycja powsta\u0142a na bazie bia\u0142ych win z odmian Ugni Blanc, Folle Blanche i Colombard. Powstaje w procesie dwukrotnej destylacji wina. Nast\u0119pnie destylat le\u017cakuje w d\u0119bowej beczce minimum 6 lat.<\/p>\n<\/p><\/div>\n","protected":false},"featured_media":16202,"comment_status":"open","ping_status":"closed","template":"","meta":[],"product_cat":[142,146,145],"product_tag":[],"class_list":{"0":"post-16203","1":"product","2":"type-product","3":"status-publish","4":"has-post-thumbnail","6":"product_cat-alkohole-mocne","7":"product_cat-armagnac-i-brandy","8":"product_cat-cognac","10":"first","11":"instock","12":"shipping-taxable","13":"purchasable","14":"product-type-simple"},"_links":{"self":[{"href":"http:\/\/delikatesy.wineport.pl\/index.php?rest_route=\/wp\/v2\/product\/16203","targetHints":{"allow":["GET"]}}],"collection":[{"href":"http:\/\/delikatesy.wineport.pl\/index.php?rest_route=\/wp\/v2\/product"}],"about":[{"href":"http:\/\/delikatesy.wineport.pl\/index.php?rest_route=\/wp\/v2\/types\/product"}],"replies":[{"embeddable":true,"href":"http:\/\/delikatesy.wineport.pl\/index.php?rest_route=%2Fwp%2Fv2%2Fcomments&post=16203"}],"wp:featuredmedia":[{"embeddable":true,"href":"http:\/\/delikatesy.wineport.pl\/index.php?rest_route=\/wp\/v2\/media\/16202"}],"wp:attachment":[{"href":"http:\/\/delikatesy.wineport.pl\/index.php?rest_route=%2Fwp%2Fv2%2Fmedia&parent=16203"}],"wp:term":[{"taxonomy":"product_cat","embeddable":true,"href":"http:\/\/delikatesy.wineport.pl\/index.php?rest_route=%2Fwp%2Fv2%2Fproduct_cat&post=16203"},{"taxonomy":"product_tag","embeddable":true,"href":"http:\/\/delikatesy.wineport.pl\/index.php?rest_route=%2Fwp%2Fv2%2Fproduct_tag&post=16203"}],"curies":[{"name":"wp","href":"https:\/\/api.w.org\/{rel}","templated":true}]}}