{"id":16227,"date":"2024-03-14T14:17:50","date_gmt":"2024-03-14T13:17:50","guid":{"rendered":"http:\/\/delikatesy.wineport.pl\/?product=lheraud-cuvee-10"},"modified":"2026-05-10T19:43:15","modified_gmt":"2026-05-10T17:43:15","slug":"lheraud-cuvee-10","status":"publish","type":"product","link":"http:\/\/delikatesy.wineport.pl\/?product=lheraud-cuvee-10","title":{"rendered":"LHERAUD CUVEE 10"},"content":{"rendered":"<div class=\"c-product__details c-text\" style=\"font-size: 1.4rem; font-family: Helvetica, Tahoma, sans-serif;\">\n<p>Apelacja: AOC Cognac\u00a0<span class=\"h-ws-nw\">Kraj: Francja<\/span>\u00a0<span class=\"h-ws-nw\">Region: Cognac<\/span>\u00a0<span class=\"h-ws-nw\">Producent:\u00a0<a href=\"https:\/\/wina-mp.pl\/producent\/guy-lheraud-cognac\">Guy Lheraud Cognac<\/a>\u00a0<\/span>\u00a0<span class=\"h-ws-nw\">Poj.: 0.7<\/span>\u00a0<span class=\"h-ws-nw\">Zaw. Alk. %: 42.0<\/span><\/p>\n<\/p><\/div>\n<div class=\"c-product__desc c-text c-text--lh\" style=\"font-size: 1.4rem; font-family: Helvetica, Tahoma, sans-serif;\">\n<p>Wyborny koniak wyprodukowany z bia\u0142ych winogron, rosn\u0105cych w winnicach Ma\u0142ej Szampanii niedaleko miasta Cognac. Dojrzewa przez 10 lat w d\u0119bowych beczkach. Charakteryzuje si\u0119 z\u0142oto- \u017c\u00f3\u0142t\u0105 barw\u0105 oraz eleganckimi i lekkimi aromatami suszonych owoc\u00f3w. W ustach jest dobrze zr\u00f3wnowa\u017cony i \u015bwie\u017cy, z posmakiem s\u0142odkich przypraw.<\/p>\n<\/p><\/div>\n","protected":false},"excerpt":{"rendered":"<div class=\"c-product__details c-text\" style=\"font-size: 1.4rem; font-family: Helvetica, Tahoma, sans-serif;\">\n<p>Apelacja: AOC Cognac\u00a0<span class=\"h-ws-nw\">Kraj: Francja<\/span>\u00a0<span class=\"h-ws-nw\">Region: Cognac<\/span>\u00a0<span class=\"h-ws-nw\">Producent:\u00a0<a href=\"https:\/\/wina-mp.pl\/producent\/guy-lheraud-cognac\">Guy Lheraud Cognac<\/a>\u00a0<\/span>\u00a0<span class=\"h-ws-nw\">Poj.: 0.7<\/span>\u00a0<span class=\"h-ws-nw\">Zaw. Alk. %: 42.0<\/span><\/p>\n<\/p><\/div>\n<div class=\"c-product__desc c-text c-text--lh\" style=\"font-size: 1.4rem; font-family: Helvetica, Tahoma, sans-serif;\">\n<p>Wyborny koniak wyprodukowany z bia\u0142ych winogron, rosn\u0105cych w winnicach Ma\u0142ej Szampanii niedaleko miasta Cognac. Dojrzewa przez 10 lat w d\u0119bowych beczkach. Charakteryzuje si\u0119 z\u0142oto- \u017c\u00f3\u0142t\u0105 barw\u0105 oraz eleganckimi i lekkimi aromatami suszonych owoc\u00f3w. W ustach jest dobrze zr\u00f3wnowa\u017cony i \u015bwie\u017cy, z posmakiem s\u0142odkich przypraw.<\/p>\n<\/p><\/div>\n","protected":false},"featured_media":16226,"comment_status":"open","ping_status":"closed","template":"","meta":[],"product_cat":[142,146,145,149],"product_tag":[],"class_list":{"0":"post-16227","1":"product","2":"type-product","3":"status-publish","4":"has-post-thumbnail","6":"product_cat-alkohole-mocne","7":"product_cat-armagnac-i-brandy","8":"product_cat-cognac","9":"product_cat-francja-armagnac-i-brandy","11":"first","12":"instock","13":"shipping-taxable","14":"purchasable","15":"product-type-simple"},"_links":{"self":[{"href":"http:\/\/delikatesy.wineport.pl\/index.php?rest_route=\/wp\/v2\/product\/16227","targetHints":{"allow":["GET"]}}],"collection":[{"href":"http:\/\/delikatesy.wineport.pl\/index.php?rest_route=\/wp\/v2\/product"}],"about":[{"href":"http:\/\/delikatesy.wineport.pl\/index.php?rest_route=\/wp\/v2\/types\/product"}],"replies":[{"embeddable":true,"href":"http:\/\/delikatesy.wineport.pl\/index.php?rest_route=%2Fwp%2Fv2%2Fcomments&post=16227"}],"wp:featuredmedia":[{"embeddable":true,"href":"http:\/\/delikatesy.wineport.pl\/index.php?rest_route=\/wp\/v2\/media\/16226"}],"wp:attachment":[{"href":"http:\/\/delikatesy.wineport.pl\/index.php?rest_route=%2Fwp%2Fv2%2Fmedia&parent=16227"}],"wp:term":[{"taxonomy":"product_cat","embeddable":true,"href":"http:\/\/delikatesy.wineport.pl\/index.php?rest_route=%2Fwp%2Fv2%2Fproduct_cat&post=16227"},{"taxonomy":"product_tag","embeddable":true,"href":"http:\/\/delikatesy.wineport.pl\/index.php?rest_route=%2Fwp%2Fv2%2Fproduct_tag&post=16227"}],"curies":[{"name":"wp","href":"https:\/\/api.w.org\/{rel}","templated":true}]}}