{"id":16229,"date":"2024-03-14T14:17:51","date_gmt":"2024-03-14T13:17:51","guid":{"rendered":"http:\/\/delikatesy.wineport.pl\/?product=lheraud-cuvee-20"},"modified":"2026-05-10T19:43:15","modified_gmt":"2026-05-10T17:43:15","slug":"lheraud-cuvee-20","status":"publish","type":"product","link":"http:\/\/delikatesy.wineport.pl\/?product=lheraud-cuvee-20","title":{"rendered":"LHERAUD CUVEE 20"},"content":{"rendered":"<div class=\"c-product__details c-text\" style=\"font-size: 1.4rem; font-family: Helvetica, Tahoma, sans-serif;\">\n<p>Apelacja: AOC Cognac\u00a0<span class=\"h-ws-nw\">Kraj: Francja<\/span>\u00a0<span class=\"h-ws-nw\">Region: Cognac<\/span>\u00a0<span class=\"h-ws-nw\">Producent:\u00a0<a href=\"https:\/\/wina-mp.pl\/producent\/guy-lheraud-cognac\">Guy Lheraud Cognac<\/a>\u00a0<\/span>\u00a0<span class=\"h-ws-nw\">Poj.: 0.7<\/span>\u00a0<span class=\"h-ws-nw\">Zaw. Alk. %: 43.0<\/span><\/p>\n<\/p><\/div>\n<div class=\"c-product__desc c-text c-text--lh\" style=\"font-size: 1.4rem; font-family: Helvetica, Tahoma, sans-serif;\">\n<p>Wy\u015bmienity koniak z winnic po\u0142o\u017conych w Ma\u0142ej Szampanii, niedaleko miasta Cognac. Le\u017cakowany przez 20 lat w beczkach z francuskiej d\u0119biny. Wyr\u00f3\u017cnia si\u0119 pi\u0119kn\u0105 bursztynow\u0105 barw\u0105 oraz wyrazistymi i eleganckimi aromatami pomara\u0144czy, z przyjemn\u0105 nutk\u0105 d\u0119bu i wanilii w tle. W ustach jest dobrze wywa\u017cony, z delikatnym posmakiem pomara\u0144czy i cynamonu.<\/p>\n<\/p><\/div>\n","protected":false},"excerpt":{"rendered":"<div class=\"c-product__details c-text\" style=\"font-size: 1.4rem; font-family: Helvetica, Tahoma, sans-serif;\">\n<p>Apelacja: AOC Cognac\u00a0<span class=\"h-ws-nw\">Kraj: Francja<\/span>\u00a0<span class=\"h-ws-nw\">Region: Cognac<\/span>\u00a0<span class=\"h-ws-nw\">Producent:\u00a0<a href=\"https:\/\/wina-mp.pl\/producent\/guy-lheraud-cognac\">Guy Lheraud Cognac<\/a>\u00a0<\/span>\u00a0<span class=\"h-ws-nw\">Poj.: 0.7<\/span>\u00a0<span class=\"h-ws-nw\">Zaw. Alk. %: 43.0<\/span><\/p>\n<\/p><\/div>\n<div class=\"c-product__desc c-text c-text--lh\" style=\"font-size: 1.4rem; font-family: Helvetica, Tahoma, sans-serif;\">\n<p>Wy\u015bmienity koniak z winnic po\u0142o\u017conych w Ma\u0142ej Szampanii, niedaleko miasta Cognac. Le\u017cakowany przez 20 lat w beczkach z francuskiej d\u0119biny. Wyr\u00f3\u017cnia si\u0119 pi\u0119kn\u0105 bursztynow\u0105 barw\u0105 oraz wyrazistymi i eleganckimi aromatami pomara\u0144czy, z przyjemn\u0105 nutk\u0105 d\u0119bu i wanilii w tle. W ustach jest dobrze wywa\u017cony, z delikatnym posmakiem pomara\u0144czy i cynamonu.<\/p>\n<\/p><\/div>\n","protected":false},"featured_media":16228,"comment_status":"open","ping_status":"closed","template":"","meta":[],"product_cat":[142,146,145],"product_tag":[],"class_list":{"0":"post-16229","1":"product","2":"type-product","3":"status-publish","4":"has-post-thumbnail","6":"product_cat-alkohole-mocne","7":"product_cat-armagnac-i-brandy","8":"product_cat-cognac","10":"first","11":"instock","12":"shipping-taxable","13":"purchasable","14":"product-type-simple"},"_links":{"self":[{"href":"http:\/\/delikatesy.wineport.pl\/index.php?rest_route=\/wp\/v2\/product\/16229","targetHints":{"allow":["GET"]}}],"collection":[{"href":"http:\/\/delikatesy.wineport.pl\/index.php?rest_route=\/wp\/v2\/product"}],"about":[{"href":"http:\/\/delikatesy.wineport.pl\/index.php?rest_route=\/wp\/v2\/types\/product"}],"replies":[{"embeddable":true,"href":"http:\/\/delikatesy.wineport.pl\/index.php?rest_route=%2Fwp%2Fv2%2Fcomments&post=16229"}],"wp:featuredmedia":[{"embeddable":true,"href":"http:\/\/delikatesy.wineport.pl\/index.php?rest_route=\/wp\/v2\/media\/16228"}],"wp:attachment":[{"href":"http:\/\/delikatesy.wineport.pl\/index.php?rest_route=%2Fwp%2Fv2%2Fmedia&parent=16229"}],"wp:term":[{"taxonomy":"product_cat","embeddable":true,"href":"http:\/\/delikatesy.wineport.pl\/index.php?rest_route=%2Fwp%2Fv2%2Fproduct_cat&post=16229"},{"taxonomy":"product_tag","embeddable":true,"href":"http:\/\/delikatesy.wineport.pl\/index.php?rest_route=%2Fwp%2Fv2%2Fproduct_tag&post=16229"}],"curies":[{"name":"wp","href":"https:\/\/api.w.org\/{rel}","templated":true}]}}