{"id":16231,"date":"2024-03-14T14:17:51","date_gmt":"2024-03-14T13:17:51","guid":{"rendered":"http:\/\/delikatesy.wineport.pl\/?product=lheraud-extra-carafe-cognac"},"modified":"2026-05-10T19:43:15","modified_gmt":"2026-05-10T17:43:15","slug":"lheraud-extra-carafe-cognac","status":"publish","type":"product","link":"http:\/\/delikatesy.wineport.pl\/?product=lheraud-extra-carafe-cognac","title":{"rendered":"LHERAUD EXTRA CARAFE COGNAC"},"content":{"rendered":"<div class=\"c-product__details c-text\" style=\"font-size: 1.4rem; font-family: Helvetica, Tahoma, sans-serif;\">\n<p>Apelacja: AOC Cognac\u00a0<span class=\"h-ws-nw\">Kraj: Francja<\/span>\u00a0<span class=\"h-ws-nw\">Region: Cognac<\/span>\u00a0<span class=\"h-ws-nw\">Producent:\u00a0<a href=\"https:\/\/wina-mp.pl\/producent\/guy-lheraud-cognac\">Guy Lheraud Cognac<\/a>\u00a0<\/span>\u00a0<span class=\"h-ws-nw\">Poj.: 0.7<\/span>\u00a0<span class=\"h-ws-nw\">Zaw. Alk. %: 43.0<\/span><\/p>\n<\/p><\/div>\n<div class=\"c-product__desc c-text c-text--lh\" style=\"font-size: 1.4rem; font-family: Helvetica, Tahoma, sans-serif;\">\n<p>Unikatowy koniak z Ma\u0142ej Szampanii. Dojrzewa w d\u0119bowych beczkach przez 30 lat. Posiada bursztynow\u0105 szat\u0119 oraz wyraziste, nies\u0142ychanie bogate i z\u0142o\u017cone aromaty owocowe, z idealnie wkomponowanym, przyjemnym akcentem d\u0119biny w tle. W ustach dominuj\u0105 kusz\u0105ce nuty orzecha i cynamonu, z delikatnym mu\u015bni\u0119ciem wanilii.<\/p>\n<\/p><\/div>\n","protected":false},"excerpt":{"rendered":"<div class=\"c-product__details c-text\" style=\"font-size: 1.4rem; font-family: Helvetica, Tahoma, sans-serif;\">\n<p>Apelacja: AOC Cognac\u00a0<span class=\"h-ws-nw\">Kraj: Francja<\/span>\u00a0<span class=\"h-ws-nw\">Region: Cognac<\/span>\u00a0<span class=\"h-ws-nw\">Producent:\u00a0<a href=\"https:\/\/wina-mp.pl\/producent\/guy-lheraud-cognac\">Guy Lheraud Cognac<\/a>\u00a0<\/span>\u00a0<span class=\"h-ws-nw\">Poj.: 0.7<\/span>\u00a0<span class=\"h-ws-nw\">Zaw. Alk. %: 43.0<\/span><\/p>\n<\/p><\/div>\n<div class=\"c-product__desc c-text c-text--lh\" style=\"font-size: 1.4rem; font-family: Helvetica, Tahoma, sans-serif;\">\n<p>Unikatowy koniak z Ma\u0142ej Szampanii. Dojrzewa w d\u0119bowych beczkach przez 30 lat. Posiada bursztynow\u0105 szat\u0119 oraz wyraziste, nies\u0142ychanie bogate i z\u0142o\u017cone aromaty owocowe, z idealnie wkomponowanym, przyjemnym akcentem d\u0119biny w tle. W ustach dominuj\u0105 kusz\u0105ce nuty orzecha i cynamonu, z delikatnym mu\u015bni\u0119ciem wanilii.<\/p>\n<\/p><\/div>\n","protected":false},"featured_media":16230,"comment_status":"open","ping_status":"closed","template":"","meta":[],"product_cat":[142,146,150,145,149],"product_tag":[],"class_list":{"0":"post-16231","1":"product","2":"type-product","3":"status-publish","4":"has-post-thumbnail","6":"product_cat-alkohole-mocne","7":"product_cat-armagnac-i-brandy","8":"product_cat-cognac-francja-armagnac-i-brandy","9":"product_cat-cognac","10":"product_cat-francja-armagnac-i-brandy","12":"first","13":"instock","14":"shipping-taxable","15":"purchasable","16":"product-type-simple"},"_links":{"self":[{"href":"http:\/\/delikatesy.wineport.pl\/index.php?rest_route=\/wp\/v2\/product\/16231","targetHints":{"allow":["GET"]}}],"collection":[{"href":"http:\/\/delikatesy.wineport.pl\/index.php?rest_route=\/wp\/v2\/product"}],"about":[{"href":"http:\/\/delikatesy.wineport.pl\/index.php?rest_route=\/wp\/v2\/types\/product"}],"replies":[{"embeddable":true,"href":"http:\/\/delikatesy.wineport.pl\/index.php?rest_route=%2Fwp%2Fv2%2Fcomments&post=16231"}],"wp:featuredmedia":[{"embeddable":true,"href":"http:\/\/delikatesy.wineport.pl\/index.php?rest_route=\/wp\/v2\/media\/16230"}],"wp:attachment":[{"href":"http:\/\/delikatesy.wineport.pl\/index.php?rest_route=%2Fwp%2Fv2%2Fmedia&parent=16231"}],"wp:term":[{"taxonomy":"product_cat","embeddable":true,"href":"http:\/\/delikatesy.wineport.pl\/index.php?rest_route=%2Fwp%2Fv2%2Fproduct_cat&post=16231"},{"taxonomy":"product_tag","embeddable":true,"href":"http:\/\/delikatesy.wineport.pl\/index.php?rest_route=%2Fwp%2Fv2%2Fproduct_tag&post=16231"}],"curies":[{"name":"wp","href":"https:\/\/api.w.org\/{rel}","templated":true}]}}