{"id":16233,"date":"2024-03-14T14:17:52","date_gmt":"2024-03-14T13:17:52","guid":{"rendered":"http:\/\/delikatesy.wineport.pl\/?product=lheraud-obusto-cognac-cigar"},"modified":"2026-05-10T19:43:16","modified_gmt":"2026-05-10T17:43:16","slug":"lheraud-obusto-cognac-cigar","status":"publish","type":"product","link":"http:\/\/delikatesy.wineport.pl\/?product=lheraud-obusto-cognac-cigar","title":{"rendered":"LHERAUD OBUSTO COGNAC CIGAR"},"content":{"rendered":"<div class=\"c-product__details c-text\" style=\"font-size: 1.4rem; font-family: Helvetica, Tahoma, sans-serif;\">\n<p>Apelacja: AOC Cognac\u00a0<span class=\"h-ws-nw\">Kraj: Francja<\/span>\u00a0<span class=\"h-ws-nw\">Region: Cognac<\/span>\u00a0<span class=\"h-ws-nw\">Producent:\u00a0<a href=\"https:\/\/wina-mp.pl\/producent\/guy-lheraud-cognac\">Guy Lheraud Cognac<\/a>\u00a0<\/span>\u00a0<span class=\"h-ws-nw\">Poj.: 0.7<\/span>\u00a0<span class=\"h-ws-nw\">Zaw. Alk. %: 42.0<\/span><\/p>\n<\/p><\/div>\n<div class=\"c-product__desc c-text c-text--lh\" style=\"font-size: 1.4rem; font-family: Helvetica, Tahoma, sans-serif;\">\n<p>Koniak z regionu Petite Champagne dojrzewaj\u0105cy w d\u0119bowych beczkach przez 30 lat. G\u0142\u0119boka bursztynowa barwa. Dominuj\u0105 \u015bwie\u017ce le\u015bne aromaty, z delikatnym mu\u015bni\u0119ciem wanilii. W ustach jest harmonijny i elegancki, z nutami suszonych owoc\u00f3w i soczystych moreli, ze s\u0142odkimi przyprawami w tle. To szczeg\u00f3lnie wyszukany, troch\u0119 mocniejszy w smaku koniak &#8211; skomponowany specjalnie tak, aby spo\u017cywa\u0107 go z cygarem.<\/p>\n<\/p><\/div>\n","protected":false},"excerpt":{"rendered":"<div class=\"c-product__details c-text\" style=\"font-size: 1.4rem; font-family: Helvetica, Tahoma, sans-serif;\">\n<p>Apelacja: AOC Cognac\u00a0<span class=\"h-ws-nw\">Kraj: Francja<\/span>\u00a0<span class=\"h-ws-nw\">Region: Cognac<\/span>\u00a0<span class=\"h-ws-nw\">Producent:\u00a0<a href=\"https:\/\/wina-mp.pl\/producent\/guy-lheraud-cognac\">Guy Lheraud Cognac<\/a>\u00a0<\/span>\u00a0<span class=\"h-ws-nw\">Poj.: 0.7<\/span>\u00a0<span class=\"h-ws-nw\">Zaw. Alk. %: 42.0<\/span><\/p>\n<\/p><\/div>\n<div class=\"c-product__desc c-text c-text--lh\" style=\"font-size: 1.4rem; font-family: Helvetica, Tahoma, sans-serif;\">\n<p>Koniak z regionu Petite Champagne dojrzewaj\u0105cy w d\u0119bowych beczkach przez 30 lat. G\u0142\u0119boka bursztynowa barwa. Dominuj\u0105 \u015bwie\u017ce le\u015bne aromaty, z delikatnym mu\u015bni\u0119ciem wanilii. W ustach jest harmonijny i elegancki, z nutami suszonych owoc\u00f3w i soczystych moreli, ze s\u0142odkimi przyprawami w tle. To szczeg\u00f3lnie wyszukany, troch\u0119 mocniejszy w smaku koniak &#8211; skomponowany specjalnie tak, aby spo\u017cywa\u0107 go z cygarem.<\/p>\n<\/p><\/div>\n","protected":false},"featured_media":16232,"comment_status":"open","ping_status":"closed","template":"","meta":[],"product_cat":[142,146,145,150,149],"product_tag":[],"class_list":{"0":"post-16233","1":"product","2":"type-product","3":"status-publish","4":"has-post-thumbnail","6":"product_cat-alkohole-mocne","7":"product_cat-armagnac-i-brandy","8":"product_cat-cognac","9":"product_cat-cognac-francja-armagnac-i-brandy","10":"product_cat-francja-armagnac-i-brandy","12":"first","13":"instock","14":"shipping-taxable","15":"purchasable","16":"product-type-simple"},"_links":{"self":[{"href":"http:\/\/delikatesy.wineport.pl\/index.php?rest_route=\/wp\/v2\/product\/16233","targetHints":{"allow":["GET"]}}],"collection":[{"href":"http:\/\/delikatesy.wineport.pl\/index.php?rest_route=\/wp\/v2\/product"}],"about":[{"href":"http:\/\/delikatesy.wineport.pl\/index.php?rest_route=\/wp\/v2\/types\/product"}],"replies":[{"embeddable":true,"href":"http:\/\/delikatesy.wineport.pl\/index.php?rest_route=%2Fwp%2Fv2%2Fcomments&post=16233"}],"wp:featuredmedia":[{"embeddable":true,"href":"http:\/\/delikatesy.wineport.pl\/index.php?rest_route=\/wp\/v2\/media\/16232"}],"wp:attachment":[{"href":"http:\/\/delikatesy.wineport.pl\/index.php?rest_route=%2Fwp%2Fv2%2Fmedia&parent=16233"}],"wp:term":[{"taxonomy":"product_cat","embeddable":true,"href":"http:\/\/delikatesy.wineport.pl\/index.php?rest_route=%2Fwp%2Fv2%2Fproduct_cat&post=16233"},{"taxonomy":"product_tag","embeddable":true,"href":"http:\/\/delikatesy.wineport.pl\/index.php?rest_route=%2Fwp%2Fv2%2Fproduct_tag&post=16233"}],"curies":[{"name":"wp","href":"https:\/\/api.w.org\/{rel}","templated":true}]}}