{"id":16295,"date":"2024-03-14T14:18:08","date_gmt":"2024-03-14T13:18:08","guid":{"rendered":"http:\/\/delikatesy.wineport.pl\/?product=ararat-akhtamar-aged-10-years-0-7l"},"modified":"2026-05-10T19:44:12","modified_gmt":"2026-05-10T17:44:12","slug":"ararat-akhtamar-aged-10-years-0-7l","status":"publish","type":"product","link":"http:\/\/delikatesy.wineport.pl\/?product=ararat-akhtamar-aged-10-years-0-7l","title":{"rendered":"ARARAT AKHTAMAR AGED 10 YEARS 0.7l"},"content":{"rendered":"<div class=\"c-product__details c-text\" style=\"font-size: 1.4rem; font-family: Helvetica, Tahoma, sans-serif;\">\n<p><span class=\"h-ws-nw\">Kraj: Armenia<\/span>\u00a0<span class=\"h-ws-nw\">Producent: Pol M&amp;P\u00a0<\/span>\u00a0<span class=\"h-ws-nw\">Poj.: 0.7<\/span>\u00a0<span class=\"h-ws-nw\">Zaw. Alk. %: 40.0<\/span><\/p>\n<\/p><\/div>\n<div class=\"c-product__desc c-text c-text--lh\" style=\"font-size: 1.4rem; font-family: Helvetica, Tahoma, sans-serif;\">\n<p>Podczas swojego panowania w X wieku, Kr\u00f3l Gagik I z dynastii Bagratyd\u00f3w postanowi\u0142 wybudowa\u0107 luksusow\u0105 rezydencj\u0119 kr\u00f3lewsk\u0105 na Wyspie Akhtamara, po\u0142o\u017con\u0105 nad Jeziorem Wan, w sercu \u015bredniowiecznego Ksi\u0119stwa Wielkiej Armenii. Przestronny pa\u0142ac zosta\u0142 otoczony ogrodami i sadami. Nazwa wyspy zosta\u0142a zainspirowana legend\u0105 Ksi\u0119\u017cnej Tamar i jej mi\u0142o\u015bci do przystojnego m\u0142odego m\u0119\u017cczyzny, kt\u00f3ry uton\u0105\u0142 w g\u0142\u0119bokich wodach Jeziora Wan, szepcz\u0105c: \u201eAch, Tamar\u201d. Wiek: 10 lat. Zawarto\u015b\u0107 alkoholu &#8211; 40%. Zapach &#8211; \u017cywy i elegancki. Bukiet zdominowany jest barw\u0105 wosku pszczelego, orzech\u00f3w i kory d\u0119bu, na bazie wanilii i \u015bliwek. Lekko suche wyko\u0144czenie r\u00f3wnowa\u017cy si\u0119 z nut\u0105 cynamonu. Smak &#8211; po\u015bredni i do\u015b\u0107 s\u0142odki, objawia si\u0119 stopniowo i zapewnia uwodzicielsko d\u0142ugi finisz.<\/p>\n<\/p><\/div>\n","protected":false},"excerpt":{"rendered":"<div class=\"c-product__details c-text\" style=\"font-size: 1.4rem; font-family: Helvetica, Tahoma, sans-serif;\">\n<p><span class=\"h-ws-nw\">Kraj: Armenia<\/span>\u00a0<span class=\"h-ws-nw\">Producent: Pol M&amp;P\u00a0<\/span>\u00a0<span class=\"h-ws-nw\">Poj.: 0.7<\/span>\u00a0<span class=\"h-ws-nw\">Zaw. Alk. %: 40.0<\/span><\/p>\n<\/p><\/div>\n<div class=\"c-product__desc c-text c-text--lh\" style=\"font-size: 1.4rem; font-family: Helvetica, Tahoma, sans-serif;\">\n<p>Podczas swojego panowania w X wieku, Kr\u00f3l Gagik I z dynastii Bagratyd\u00f3w postanowi\u0142 wybudowa\u0107 luksusow\u0105 rezydencj\u0119 kr\u00f3lewsk\u0105 na Wyspie Akhtamara, po\u0142o\u017con\u0105 nad Jeziorem Wan, w sercu \u015bredniowiecznego Ksi\u0119stwa Wielkiej Armenii. Przestronny pa\u0142ac zosta\u0142 otoczony ogrodami i sadami. Nazwa wyspy zosta\u0142a zainspirowana legend\u0105 Ksi\u0119\u017cnej Tamar i jej mi\u0142o\u015bci do przystojnego m\u0142odego m\u0119\u017cczyzny, kt\u00f3ry uton\u0105\u0142 w g\u0142\u0119bokich wodach Jeziora Wan, szepcz\u0105c: \u201eAch, Tamar\u201d. Wiek: 10 lat. Zawarto\u015b\u0107 alkoholu &#8211; 40%. Zapach &#8211; \u017cywy i elegancki. Bukiet zdominowany jest barw\u0105 wosku pszczelego, orzech\u00f3w i kory d\u0119bu, na bazie wanilii i \u015bliwek. Lekko suche wyko\u0144czenie r\u00f3wnowa\u017cy si\u0119 z nut\u0105 cynamonu. Smak &#8211; po\u015bredni i do\u015b\u0107 s\u0142odki, objawia si\u0119 stopniowo i zapewnia uwodzicielsko d\u0142ugi finisz.<\/p>\n<\/p><\/div>\n","protected":false},"featured_media":16294,"comment_status":"open","ping_status":"closed","template":"","meta":[],"product_cat":[142,146,145,150,149],"product_tag":[],"class_list":{"0":"post-16295","1":"product","2":"type-product","3":"status-publish","4":"has-post-thumbnail","6":"product_cat-alkohole-mocne","7":"product_cat-armagnac-i-brandy","8":"product_cat-cognac","9":"product_cat-cognac-francja-armagnac-i-brandy","10":"product_cat-francja-armagnac-i-brandy","12":"first","13":"instock","14":"shipping-taxable","15":"purchasable","16":"product-type-simple"},"_links":{"self":[{"href":"http:\/\/delikatesy.wineport.pl\/index.php?rest_route=\/wp\/v2\/product\/16295","targetHints":{"allow":["GET"]}}],"collection":[{"href":"http:\/\/delikatesy.wineport.pl\/index.php?rest_route=\/wp\/v2\/product"}],"about":[{"href":"http:\/\/delikatesy.wineport.pl\/index.php?rest_route=\/wp\/v2\/types\/product"}],"replies":[{"embeddable":true,"href":"http:\/\/delikatesy.wineport.pl\/index.php?rest_route=%2Fwp%2Fv2%2Fcomments&post=16295"}],"wp:featuredmedia":[{"embeddable":true,"href":"http:\/\/delikatesy.wineport.pl\/index.php?rest_route=\/wp\/v2\/media\/16294"}],"wp:attachment":[{"href":"http:\/\/delikatesy.wineport.pl\/index.php?rest_route=%2Fwp%2Fv2%2Fmedia&parent=16295"}],"wp:term":[{"taxonomy":"product_cat","embeddable":true,"href":"http:\/\/delikatesy.wineport.pl\/index.php?rest_route=%2Fwp%2Fv2%2Fproduct_cat&post=16295"},{"taxonomy":"product_tag","embeddable":true,"href":"http:\/\/delikatesy.wineport.pl\/index.php?rest_route=%2Fwp%2Fv2%2Fproduct_tag&post=16295"}],"curies":[{"name":"wp","href":"https:\/\/api.w.org\/{rel}","templated":true}]}}