{"id":16297,"date":"2024-03-14T14:18:08","date_gmt":"2024-03-14T13:18:08","guid":{"rendered":"http:\/\/delikatesy.wineport.pl\/?product=ararat-ani-aged-6-years-0-7l"},"modified":"2026-05-10T19:44:12","modified_gmt":"2026-05-10T17:44:12","slug":"ararat-ani-aged-6-years-0-7l","status":"publish","type":"product","link":"http:\/\/delikatesy.wineport.pl\/?product=ararat-ani-aged-6-years-0-7l","title":{"rendered":"ARARAT ANI AGED 6 YEARS 0.7l"},"content":{"rendered":"<div class=\"c-product__details c-text\" style=\"font-size: 1.4rem; font-family: Helvetica, Tahoma, sans-serif;\">\n<p><span class=\"h-ws-nw\">Kraj: Armenia<\/span>\u00a0<span class=\"h-ws-nw\">Producent: Pol M&amp;P\u00a0<\/span>\u00a0<span class=\"h-ws-nw\">Poj.: 0.7<\/span>\u00a0<span class=\"h-ws-nw\">Zaw. Alk. %: 40.0<\/span><\/p>\n<\/p><\/div>\n<div class=\"c-product__desc c-text c-text--lh\" style=\"font-size: 1.4rem; font-family: Helvetica, Tahoma, sans-serif;\">\n<p>Pot\u0119\u017cne Ani, stolica Kr\u00f3lestwa Armenii, zosta\u0142o po raz pierwszy opisane przez ormia\u0144skich kronikarzy w V wieku jako \u201eMiasto 1001 ko\u015bcio\u0142\u00f3w\u201d czy te\u017c \u201eMiasto czterdziestu bram\u201d. Ju\u017c wtedy by\u0142o ono najwa\u017cniejszym o\u015brodkiem tamtego czasu dla r\u00f3\u017cnego rodzaju karawan podr\u00f3\u017cuj\u0105cych wzd\u0142u\u017c Jedwabnego Szlaku. Populacja ludno\u015bci Ani osi\u0105gn\u0119\u0142a a\u017c dwa tysi\u0105ce. Stolica Kr\u00f3lestwa Armenii rywalizowa\u0142a z najwi\u0119kszymi miastami tego okresu &#8211; Konstantynopolem, Bagdadem oraz Kairem. Jej liczne \u015bwi\u0105tynie, pa\u0142ace i fortyfikacje sta\u0142y si\u0119 jednymi z najbardziej zaawansowanych technologicznie i architektonicznie budowli Europy. G\u0142\u00f3wna brama miasta, kt\u00f3ra przetrwa\u0142a do dnia dzisiejszego, przedstawia lamparta &#8211; symbol Ani.Wiek: 6 lat. Zawarto\u015b\u0107 alkoholu &#8211; 40%. Zapach &#8211; \u017cywy, ostry i \u015bwie\u017cy bukiet z niewielkim zabarwieniem pomara\u0144czy i wanilii, z nutk\u0105 migda\u0142\u00f3w. Smak &#8211; intensywny i trwa\u0142y, z wyra\u017an\u0105 s\u0142odycz\u0105, o do\u015b\u0107 kwa\u015bnym posmaku, kt\u00f3ry przechodzi w podteksty cytryny i suszonych fig.<\/p>\n<\/p><\/div>\n","protected":false},"excerpt":{"rendered":"<div class=\"c-product__details c-text\" style=\"font-size: 1.4rem; font-family: Helvetica, Tahoma, sans-serif;\">\n<p><span class=\"h-ws-nw\">Kraj: Armenia<\/span>\u00a0<span class=\"h-ws-nw\">Producent: Pol M&amp;P\u00a0<\/span>\u00a0<span class=\"h-ws-nw\">Poj.: 0.7<\/span>\u00a0<span class=\"h-ws-nw\">Zaw. Alk. %: 40.0<\/span><\/p>\n<\/p><\/div>\n<div class=\"c-product__desc c-text c-text--lh\" style=\"font-size: 1.4rem; font-family: Helvetica, Tahoma, sans-serif;\">\n<p>Pot\u0119\u017cne Ani, stolica Kr\u00f3lestwa Armenii, zosta\u0142o po raz pierwszy opisane przez ormia\u0144skich kronikarzy w V wieku jako \u201eMiasto 1001 ko\u015bcio\u0142\u00f3w\u201d czy te\u017c \u201eMiasto czterdziestu bram\u201d. Ju\u017c wtedy by\u0142o ono najwa\u017cniejszym o\u015brodkiem tamtego czasu dla r\u00f3\u017cnego rodzaju karawan podr\u00f3\u017cuj\u0105cych wzd\u0142u\u017c Jedwabnego Szlaku. Populacja ludno\u015bci Ani osi\u0105gn\u0119\u0142a a\u017c dwa tysi\u0105ce. Stolica Kr\u00f3lestwa Armenii rywalizowa\u0142a z najwi\u0119kszymi miastami tego okresu &#8211; Konstantynopolem, Bagdadem oraz Kairem. Jej liczne \u015bwi\u0105tynie, pa\u0142ace i fortyfikacje sta\u0142y si\u0119 jednymi z najbardziej zaawansowanych technologicznie i architektonicznie budowli Europy. G\u0142\u00f3wna brama miasta, kt\u00f3ra przetrwa\u0142a do dnia dzisiejszego, przedstawia lamparta &#8211; symbol Ani.Wiek: 6 lat. Zawarto\u015b\u0107 alkoholu &#8211; 40%. Zapach &#8211; \u017cywy, ostry i \u015bwie\u017cy bukiet z niewielkim zabarwieniem pomara\u0144czy i wanilii, z nutk\u0105 migda\u0142\u00f3w. Smak &#8211; intensywny i trwa\u0142y, z wyra\u017an\u0105 s\u0142odycz\u0105, o do\u015b\u0107 kwa\u015bnym posmaku, kt\u00f3ry przechodzi w podteksty cytryny i suszonych fig.<\/p>\n<\/p><\/div>\n","protected":false},"featured_media":16296,"comment_status":"open","ping_status":"closed","template":"","meta":[],"product_cat":[142,146,145],"product_tag":[],"class_list":{"0":"post-16297","1":"product","2":"type-product","3":"status-publish","4":"has-post-thumbnail","6":"product_cat-alkohole-mocne","7":"product_cat-armagnac-i-brandy","8":"product_cat-cognac","10":"first","11":"instock","12":"shipping-taxable","13":"purchasable","14":"product-type-simple"},"_links":{"self":[{"href":"http:\/\/delikatesy.wineport.pl\/index.php?rest_route=\/wp\/v2\/product\/16297","targetHints":{"allow":["GET"]}}],"collection":[{"href":"http:\/\/delikatesy.wineport.pl\/index.php?rest_route=\/wp\/v2\/product"}],"about":[{"href":"http:\/\/delikatesy.wineport.pl\/index.php?rest_route=\/wp\/v2\/types\/product"}],"replies":[{"embeddable":true,"href":"http:\/\/delikatesy.wineport.pl\/index.php?rest_route=%2Fwp%2Fv2%2Fcomments&post=16297"}],"wp:featuredmedia":[{"embeddable":true,"href":"http:\/\/delikatesy.wineport.pl\/index.php?rest_route=\/wp\/v2\/media\/16296"}],"wp:attachment":[{"href":"http:\/\/delikatesy.wineport.pl\/index.php?rest_route=%2Fwp%2Fv2%2Fmedia&parent=16297"}],"wp:term":[{"taxonomy":"product_cat","embeddable":true,"href":"http:\/\/delikatesy.wineport.pl\/index.php?rest_route=%2Fwp%2Fv2%2Fproduct_cat&post=16297"},{"taxonomy":"product_tag","embeddable":true,"href":"http:\/\/delikatesy.wineport.pl\/index.php?rest_route=%2Fwp%2Fv2%2Fproduct_tag&post=16297"}],"curies":[{"name":"wp","href":"https:\/\/api.w.org\/{rel}","templated":true}]}}