{"id":16301,"date":"2024-03-14T14:18:09","date_gmt":"2024-03-14T13:18:09","guid":{"rendered":"http:\/\/delikatesy.wineport.pl\/?product=ararat-nairi-aged-20-years-0-7l"},"modified":"2026-05-10T19:44:13","modified_gmt":"2026-05-10T17:44:13","slug":"ararat-nairi-aged-20-years-0-7l","status":"publish","type":"product","link":"http:\/\/delikatesy.wineport.pl\/?product=ararat-nairi-aged-20-years-0-7l","title":{"rendered":"Ararat Nairi Aged 20 Years 0.7l"},"content":{"rendered":"<div class=\"c-product__details c-text\" style=\"font-size: 1.4rem; font-family: Helvetica, Tahoma, sans-serif;\">\n<p><span class=\"h-ws-nw\">Kraj: Armenia<\/span>\u00a0<span class=\"h-ws-nw\">Producent: Pol M&amp;P\u00a0<\/span>\u00a0<span class=\"h-ws-nw\">Poj.: 0.7<\/span>\u00a0<span class=\"h-ws-nw\">Zaw. Alk. %: 40.0<\/span><\/p>\n<\/p><\/div>\n<div class=\"c-product__desc c-text c-text--lh\" style=\"font-size: 1.4rem; font-family: Helvetica, Tahoma, sans-serif;\">\n<p>Legendarni ludzie Nairi zamieszkiwali Kr\u00f3lestwo Urartu, kt\u00f3re rozci\u0105ga\u0142o si\u0119 wzd\u0142u\u017c brzeg\u00f3w Jeziora Wan. \u201eKraj Rzek\u201d, rywal asyryjskiego imperium, sk\u0142ada\u0142 si\u0119 z 23 najbogatszych region\u00f3w. Jednym z najpot\u0119\u017cniejszych by\u0142a \u201eZiemia Nairi\u201d, prekursora dzisiejszej Armenii, s\u0142yn\u0105ca ze zdobycia stolicy Tushpa. W celu zapewnienia odpowiednich dostaw \u015bwie\u017cej wody, miasto posiada\u0142o siedemdziesi\u0119ciokilometrowy kana\u0142, dzi\u0119ki czemu wytrzyma\u0142o wiele d\u0142ugich obl\u0119\u017ce\u0144. Wiek: 20 lat. Zawarto\u015b\u0107 alkoholu &#8211; 40%. Zapach &#8211; harmonijna, jedwabista, z\u0142o\u017cona, lecz subtelna tekstura z balsamicznym akcentem oraz nut\u0105 cedru. Delikatna kombinacja chleba tostowego i go\u017adzik\u00f3w jest zharmonizowana z woni\u0105 cynamonu i miodu. Smak &#8211; bogaty i z\u0142o\u017cony, z przyjemnym oci\u0105gaj\u0105cym si\u0119 posmakiem.<\/p>\n<\/p><\/div>\n","protected":false},"excerpt":{"rendered":"<div class=\"c-product__details c-text\" style=\"font-size: 1.4rem; font-family: Helvetica, Tahoma, sans-serif;\">\n<p><span class=\"h-ws-nw\">Kraj: Armenia<\/span>\u00a0<span class=\"h-ws-nw\">Producent: Pol M&amp;P\u00a0<\/span>\u00a0<span class=\"h-ws-nw\">Poj.: 0.7<\/span>\u00a0<span class=\"h-ws-nw\">Zaw. Alk. %: 40.0<\/span><\/p>\n<\/p><\/div>\n<div class=\"c-product__desc c-text c-text--lh\" style=\"font-size: 1.4rem; font-family: Helvetica, Tahoma, sans-serif;\">\n<p>Legendarni ludzie Nairi zamieszkiwali Kr\u00f3lestwo Urartu, kt\u00f3re rozci\u0105ga\u0142o si\u0119 wzd\u0142u\u017c brzeg\u00f3w Jeziora Wan. \u201eKraj Rzek\u201d, rywal asyryjskiego imperium, sk\u0142ada\u0142 si\u0119 z 23 najbogatszych region\u00f3w. Jednym z najpot\u0119\u017cniejszych by\u0142a \u201eZiemia Nairi\u201d, prekursora dzisiejszej Armenii, s\u0142yn\u0105ca ze zdobycia stolicy Tushpa. W celu zapewnienia odpowiednich dostaw \u015bwie\u017cej wody, miasto posiada\u0142o siedemdziesi\u0119ciokilometrowy kana\u0142, dzi\u0119ki czemu wytrzyma\u0142o wiele d\u0142ugich obl\u0119\u017ce\u0144. Wiek: 20 lat. Zawarto\u015b\u0107 alkoholu &#8211; 40%. Zapach &#8211; harmonijna, jedwabista, z\u0142o\u017cona, lecz subtelna tekstura z balsamicznym akcentem oraz nut\u0105 cedru. Delikatna kombinacja chleba tostowego i go\u017adzik\u00f3w jest zharmonizowana z woni\u0105 cynamonu i miodu. Smak &#8211; bogaty i z\u0142o\u017cony, z przyjemnym oci\u0105gaj\u0105cym si\u0119 posmakiem.<\/p>\n<\/p><\/div>\n","protected":false},"featured_media":16300,"comment_status":"open","ping_status":"closed","template":"","meta":[],"product_cat":[142,146,150,145,149],"product_tag":[],"class_list":{"0":"post-16301","1":"product","2":"type-product","3":"status-publish","4":"has-post-thumbnail","6":"product_cat-alkohole-mocne","7":"product_cat-armagnac-i-brandy","8":"product_cat-cognac-francja-armagnac-i-brandy","9":"product_cat-cognac","10":"product_cat-francja-armagnac-i-brandy","12":"first","13":"instock","14":"shipping-taxable","15":"purchasable","16":"product-type-simple"},"_links":{"self":[{"href":"http:\/\/delikatesy.wineport.pl\/index.php?rest_route=\/wp\/v2\/product\/16301","targetHints":{"allow":["GET"]}}],"collection":[{"href":"http:\/\/delikatesy.wineport.pl\/index.php?rest_route=\/wp\/v2\/product"}],"about":[{"href":"http:\/\/delikatesy.wineport.pl\/index.php?rest_route=\/wp\/v2\/types\/product"}],"replies":[{"embeddable":true,"href":"http:\/\/delikatesy.wineport.pl\/index.php?rest_route=%2Fwp%2Fv2%2Fcomments&post=16301"}],"wp:featuredmedia":[{"embeddable":true,"href":"http:\/\/delikatesy.wineport.pl\/index.php?rest_route=\/wp\/v2\/media\/16300"}],"wp:attachment":[{"href":"http:\/\/delikatesy.wineport.pl\/index.php?rest_route=%2Fwp%2Fv2%2Fmedia&parent=16301"}],"wp:term":[{"taxonomy":"product_cat","embeddable":true,"href":"http:\/\/delikatesy.wineport.pl\/index.php?rest_route=%2Fwp%2Fv2%2Fproduct_cat&post=16301"},{"taxonomy":"product_tag","embeddable":true,"href":"http:\/\/delikatesy.wineport.pl\/index.php?rest_route=%2Fwp%2Fv2%2Fproduct_tag&post=16301"}],"curies":[{"name":"wp","href":"https:\/\/api.w.org\/{rel}","templated":true}]}}