{"id":16338,"date":"2024-03-14T14:18:15","date_gmt":"2024-03-14T13:18:15","guid":{"rendered":"http:\/\/delikatesy.wineport.pl\/?product=alianca-xo-0-7l"},"modified":"2026-05-10T19:45:04","modified_gmt":"2026-05-10T17:45:04","slug":"alianca-xo-0-7l","status":"publish","type":"product","link":"http:\/\/delikatesy.wineport.pl\/?product=alianca-xo-0-7l","title":{"rendered":"ALIANCA XO 0.7l"},"content":{"rendered":"<div class=\"c-product__details c-text\" style=\"font-size: 1.4rem; font-family: Helvetica, Tahoma, sans-serif;\">\n<p><span class=\"h-ws-nw\">Kraj: Portugalia<\/span>\u00a0<span class=\"h-ws-nw\">Producent:\u00a0<a href=\"https:\/\/wina-mp.pl\/producent\/alianca\">Alianca<\/a>\u00a0<\/span>\u00a0<span class=\"h-ws-nw\">Poj.: 0.7<\/span>\u00a0<span class=\"h-ws-nw\">Zaw. Alk. %: 38.0<\/span><\/p>\n<\/p><\/div>\n<div class=\"c-product__desc c-text c-text--lh\" style=\"font-size: 1.4rem; font-family: Helvetica, Tahoma, sans-serif;\">\n<p>Alianca XO by\u0142a wydestylowana w 1963 roku w procesie podw\u00f3jnej destylacji w alembiku. Dojrzewa\u0142a ponad 40 lat w kompozycji beczek z d\u0119bu francuskiego, ameryka\u0144skiego i portugalskiego. To niezwykle elegancka, pe\u0142na i harmonijna brandy. Mimo d\u0142ugiego dojrzewania w beczkach ma wyj\u0105tkowo \u0142adnie zachowan\u0105 owocowo\u015b\u0107 i r\u00f3wnowag\u0119 smaku. Barwa bursztynowa. Pe\u0142ne spektrum aromatyczne od nut owoc\u00f3w &#8211; \u015bwie\u017cych i kandyzowanych moreli i cytrus\u00f3w, przez mi\u00f3d, orzechy, a\u017c do gorzkiej czekolady. Smak uzupe\u0142niaj\u0105 delikatne nuty d\u0119biny i korzenne przyprawy. Bardzo d\u0142ugi, aromatyczny finisz.<\/p>\n<\/p><\/div>\n","protected":false},"excerpt":{"rendered":"<div class=\"c-product__details c-text\" style=\"font-size: 1.4rem; font-family: Helvetica, Tahoma, sans-serif;\">\n<p><span class=\"h-ws-nw\">Kraj: Portugalia<\/span>\u00a0<span class=\"h-ws-nw\">Producent:\u00a0<a href=\"https:\/\/wina-mp.pl\/producent\/alianca\">Alianca<\/a>\u00a0<\/span>\u00a0<span class=\"h-ws-nw\">Poj.: 0.7<\/span>\u00a0<span class=\"h-ws-nw\">Zaw. Alk. %: 38.0<\/span><\/p>\n<\/p><\/div>\n<div class=\"c-product__desc c-text c-text--lh\" style=\"font-size: 1.4rem; font-family: Helvetica, Tahoma, sans-serif;\">\n<p>Alianca XO by\u0142a wydestylowana w 1963 roku w procesie podw\u00f3jnej destylacji w alembiku. Dojrzewa\u0142a ponad 40 lat w kompozycji beczek z d\u0119bu francuskiego, ameryka\u0144skiego i portugalskiego. To niezwykle elegancka, pe\u0142na i harmonijna brandy. Mimo d\u0142ugiego dojrzewania w beczkach ma wyj\u0105tkowo \u0142adnie zachowan\u0105 owocowo\u015b\u0107 i r\u00f3wnowag\u0119 smaku. Barwa bursztynowa. Pe\u0142ne spektrum aromatyczne od nut owoc\u00f3w &#8211; \u015bwie\u017cych i kandyzowanych moreli i cytrus\u00f3w, przez mi\u00f3d, orzechy, a\u017c do gorzkiej czekolady. Smak uzupe\u0142niaj\u0105 delikatne nuty d\u0119biny i korzenne przyprawy. Bardzo d\u0142ugi, aromatyczny finisz.<\/p>\n<\/p><\/div>\n","protected":false},"featured_media":16337,"comment_status":"open","ping_status":"closed","template":"","meta":[],"product_cat":[142,146,145],"product_tag":[],"class_list":{"0":"post-16338","1":"product","2":"type-product","3":"status-publish","4":"has-post-thumbnail","6":"product_cat-alkohole-mocne","7":"product_cat-armagnac-i-brandy","8":"product_cat-cognac","10":"first","11":"instock","12":"shipping-taxable","13":"purchasable","14":"product-type-simple"},"_links":{"self":[{"href":"http:\/\/delikatesy.wineport.pl\/index.php?rest_route=\/wp\/v2\/product\/16338","targetHints":{"allow":["GET"]}}],"collection":[{"href":"http:\/\/delikatesy.wineport.pl\/index.php?rest_route=\/wp\/v2\/product"}],"about":[{"href":"http:\/\/delikatesy.wineport.pl\/index.php?rest_route=\/wp\/v2\/types\/product"}],"replies":[{"embeddable":true,"href":"http:\/\/delikatesy.wineport.pl\/index.php?rest_route=%2Fwp%2Fv2%2Fcomments&post=16338"}],"wp:featuredmedia":[{"embeddable":true,"href":"http:\/\/delikatesy.wineport.pl\/index.php?rest_route=\/wp\/v2\/media\/16337"}],"wp:attachment":[{"href":"http:\/\/delikatesy.wineport.pl\/index.php?rest_route=%2Fwp%2Fv2%2Fmedia&parent=16338"}],"wp:term":[{"taxonomy":"product_cat","embeddable":true,"href":"http:\/\/delikatesy.wineport.pl\/index.php?rest_route=%2Fwp%2Fv2%2Fproduct_cat&post=16338"},{"taxonomy":"product_tag","embeddable":true,"href":"http:\/\/delikatesy.wineport.pl\/index.php?rest_route=%2Fwp%2Fv2%2Fproduct_tag&post=16338"}],"curies":[{"name":"wp","href":"https:\/\/api.w.org\/{rel}","templated":true}]}}