{"id":16343,"date":"2024-03-14T14:18:16","date_gmt":"2024-03-14T13:18:16","guid":{"rendered":"http:\/\/delikatesy.wineport.pl\/?product=tooverberg-extra-smooth-brandy-3-yo-0-75l"},"modified":"2026-05-10T19:45:05","modified_gmt":"2026-05-10T17:45:05","slug":"tooverberg-extra-smooth-brandy-3-yo-0-75l","status":"publish","type":"product","link":"http:\/\/delikatesy.wineport.pl\/?product=tooverberg-extra-smooth-brandy-3-yo-0-75l","title":{"rendered":"TOOVERBERG EXTRA SMOOTH BRANDY 3 YO 0.75l"},"content":{"rendered":"<div class=\"c-product__details c-text\" style=\"font-size: 1.4rem; font-family: Helvetica, Tahoma, sans-serif;\">\n<p><span class=\"h-ws-nw\">Kraj: RPA<\/span>\u00a0<span class=\"h-ws-nw\">Region: Paarl<\/span>\u00a0<span class=\"h-ws-nw\">Producent: Kleine Parys\u00a0<\/span>\u00a0<span class=\"h-ws-nw\">Poj.: 0.75<\/span>\u00a0<span class=\"h-ws-nw\">Zaw. Alk. %: 43.0<\/span><\/p>\n<\/p><\/div>\n<div class=\"c-product__desc c-text c-text--lh\" style=\"font-size: 1.4rem; font-family: Helvetica, Tahoma, sans-serif;\">\n<p>Tooverberg to punkt orientacyjny szerokiej panoramy po\u0142udniowo \u2013 afryka\u0144skiego Ceres Karoo. Widoczny a\u017c z 40 kilometr\u00f3w s\u0142u\u017cy jak punkt odniesienia dla wszystkich turyst\u00f3w i podr\u00f3\u017cnik\u00f3w odkrywaj\u0105cych to wspania\u0142e miejsce. Tamtejsze pi\u0119kno natury i wszechogarniaj\u0105ca cisza sta\u0142y si\u0119 inspiracj\u0105 dla wyprodukowania fantastycznych brandy. Brandy Tooverberg Extra Smooth to najwy\u017cszej jako\u015bci trunek wyprodukowany ze starannie selekcjonowanych winogron, podw\u00f3jnie destylowany i dojrzewany w ma\u0142ych d\u0119bowych beczkach przez 3 lata. Extra Smooth to dobry przyk\u0142ad najwy\u017cszej jako\u015bci po\u0142udniowo-afryka\u0144skich brandy. Serwowa\u0107: na lodzie, zmieszane z wod\u0105, sokiem lub w typowo dla RPA z col\u0105.<\/p>\n<\/p><\/div>\n","protected":false},"excerpt":{"rendered":"<div class=\"c-product__details c-text\" style=\"font-size: 1.4rem; font-family: Helvetica, Tahoma, sans-serif;\">\n<p><span class=\"h-ws-nw\">Kraj: RPA<\/span>\u00a0<span class=\"h-ws-nw\">Region: Paarl<\/span>\u00a0<span class=\"h-ws-nw\">Producent: Kleine Parys\u00a0<\/span>\u00a0<span class=\"h-ws-nw\">Poj.: 0.75<\/span>\u00a0<span class=\"h-ws-nw\">Zaw. Alk. %: 43.0<\/span><\/p>\n<\/p><\/div>\n<div class=\"c-product__desc c-text c-text--lh\" style=\"font-size: 1.4rem; font-family: Helvetica, Tahoma, sans-serif;\">\n<p>Tooverberg to punkt orientacyjny szerokiej panoramy po\u0142udniowo \u2013 afryka\u0144skiego Ceres Karoo. Widoczny a\u017c z 40 kilometr\u00f3w s\u0142u\u017cy jak punkt odniesienia dla wszystkich turyst\u00f3w i podr\u00f3\u017cnik\u00f3w odkrywaj\u0105cych to wspania\u0142e miejsce. Tamtejsze pi\u0119kno natury i wszechogarniaj\u0105ca cisza sta\u0142y si\u0119 inspiracj\u0105 dla wyprodukowania fantastycznych brandy. Brandy Tooverberg Extra Smooth to najwy\u017cszej jako\u015bci trunek wyprodukowany ze starannie selekcjonowanych winogron, podw\u00f3jnie destylowany i dojrzewany w ma\u0142ych d\u0119bowych beczkach przez 3 lata. Extra Smooth to dobry przyk\u0142ad najwy\u017cszej jako\u015bci po\u0142udniowo-afryka\u0144skich brandy. Serwowa\u0107: na lodzie, zmieszane z wod\u0105, sokiem lub w typowo dla RPA z col\u0105.<\/p>\n<\/p><\/div>\n","protected":false},"featured_media":16342,"comment_status":"open","ping_status":"closed","template":"","meta":[],"product_cat":[142,146,145],"product_tag":[],"class_list":{"0":"post-16343","1":"product","2":"type-product","3":"status-publish","4":"has-post-thumbnail","6":"product_cat-alkohole-mocne","7":"product_cat-armagnac-i-brandy","8":"product_cat-cognac","10":"first","11":"instock","12":"shipping-taxable","13":"purchasable","14":"product-type-simple"},"_links":{"self":[{"href":"http:\/\/delikatesy.wineport.pl\/index.php?rest_route=\/wp\/v2\/product\/16343","targetHints":{"allow":["GET"]}}],"collection":[{"href":"http:\/\/delikatesy.wineport.pl\/index.php?rest_route=\/wp\/v2\/product"}],"about":[{"href":"http:\/\/delikatesy.wineport.pl\/index.php?rest_route=\/wp\/v2\/types\/product"}],"replies":[{"embeddable":true,"href":"http:\/\/delikatesy.wineport.pl\/index.php?rest_route=%2Fwp%2Fv2%2Fcomments&post=16343"}],"wp:featuredmedia":[{"embeddable":true,"href":"http:\/\/delikatesy.wineport.pl\/index.php?rest_route=\/wp\/v2\/media\/16342"}],"wp:attachment":[{"href":"http:\/\/delikatesy.wineport.pl\/index.php?rest_route=%2Fwp%2Fv2%2Fmedia&parent=16343"}],"wp:term":[{"taxonomy":"product_cat","embeddable":true,"href":"http:\/\/delikatesy.wineport.pl\/index.php?rest_route=%2Fwp%2Fv2%2Fproduct_cat&post=16343"},{"taxonomy":"product_tag","embeddable":true,"href":"http:\/\/delikatesy.wineport.pl\/index.php?rest_route=%2Fwp%2Fv2%2Fproduct_tag&post=16343"}],"curies":[{"name":"wp","href":"https:\/\/api.w.org\/{rel}","templated":true}]}}