{"id":16353,"date":"2024-03-14T14:18:19","date_gmt":"2024-03-14T13:18:19","guid":{"rendered":"http:\/\/delikatesy.wineport.pl\/?product=real-tesoro-solera-brandy-de-jerez-0-7l"},"modified":"2026-05-10T19:45:06","modified_gmt":"2026-05-10T17:45:06","slug":"real-tesoro-solera-brandy-de-jerez-0-7l","status":"publish","type":"product","link":"http:\/\/delikatesy.wineport.pl\/?product=real-tesoro-solera-brandy-de-jerez-0-7l","title":{"rendered":"REAL TESORO SOLERA BRANDY DE JEREZ 0.7l"},"content":{"rendered":"<div class=\"c-product__details c-text\" style=\"font-size: 1.4rem; font-family: Helvetica, Tahoma, sans-serif;\">\n<p>Apelacja: DO Jerez\u00a0<span class=\"h-ws-nw\">Kraj: Hiszpania<\/span>\u00a0<span class=\"h-ws-nw\">Region: Jerez Sherry<\/span>\u00a0<span class=\"h-ws-nw\">Producent:\u00a0<a href=\"https:\/\/wina-mp.pl\/producent\/estevez\">Estevez<\/a>\u00a0<\/span>\u00a0<span class=\"h-ws-nw\">Poj.: 0.7<\/span>\u00a0<span class=\"h-ws-nw\">Zaw. Alk. %: 36.0<\/span><\/p>\n<\/p><\/div>\n<div class=\"c-product__desc c-text c-text--lh\" style=\"font-size: 1.4rem; font-family: Helvetica, Tahoma, sans-serif;\">\n<p>Real Tesoro to Brandy de Jerez Solera, o \u015brednim okresie le\u017cakowania ok. roku. Z\u0142oto-bursztynowy kolor i \u0142agodny smak to najwi\u0119ksze zalety tego znakomitego trunku, pe\u0142nego aromat\u00f3w sherry i d\u0119bowej beczki. Znakomicie komponuje si\u0119 w r\u00f3\u017cnorodnych koktajlach.<\/p>\n<\/p><\/div>\n","protected":false},"excerpt":{"rendered":"<div class=\"c-product__details c-text\" style=\"font-size: 1.4rem; font-family: Helvetica, Tahoma, sans-serif;\">\n<p>Apelacja: DO Jerez\u00a0<span class=\"h-ws-nw\">Kraj: Hiszpania<\/span>\u00a0<span class=\"h-ws-nw\">Region: Jerez Sherry<\/span>\u00a0<span class=\"h-ws-nw\">Producent:\u00a0<a href=\"https:\/\/wina-mp.pl\/producent\/estevez\">Estevez<\/a>\u00a0<\/span>\u00a0<span class=\"h-ws-nw\">Poj.: 0.7<\/span>\u00a0<span class=\"h-ws-nw\">Zaw. Alk. %: 36.0<\/span><\/p>\n<\/p><\/div>\n<div class=\"c-product__desc c-text c-text--lh\" style=\"font-size: 1.4rem; font-family: Helvetica, Tahoma, sans-serif;\">\n<p>Real Tesoro to Brandy de Jerez Solera, o \u015brednim okresie le\u017cakowania ok. roku. Z\u0142oto-bursztynowy kolor i \u0142agodny smak to najwi\u0119ksze zalety tego znakomitego trunku, pe\u0142nego aromat\u00f3w sherry i d\u0119bowej beczki. Znakomicie komponuje si\u0119 w r\u00f3\u017cnorodnych koktajlach.<\/p>\n<\/p><\/div>\n","protected":false},"featured_media":16352,"comment_status":"open","ping_status":"closed","template":"","meta":[],"product_cat":[142,146,145,151],"product_tag":[],"class_list":{"0":"post-16353","1":"product","2":"type-product","3":"status-publish","4":"has-post-thumbnail","6":"product_cat-alkohole-mocne","7":"product_cat-armagnac-i-brandy","8":"product_cat-cognac","9":"product_cat-hiszpania-armagnac-i-brandy","11":"first","12":"instock","13":"shipping-taxable","14":"purchasable","15":"product-type-simple"},"_links":{"self":[{"href":"http:\/\/delikatesy.wineport.pl\/index.php?rest_route=\/wp\/v2\/product\/16353","targetHints":{"allow":["GET"]}}],"collection":[{"href":"http:\/\/delikatesy.wineport.pl\/index.php?rest_route=\/wp\/v2\/product"}],"about":[{"href":"http:\/\/delikatesy.wineport.pl\/index.php?rest_route=\/wp\/v2\/types\/product"}],"replies":[{"embeddable":true,"href":"http:\/\/delikatesy.wineport.pl\/index.php?rest_route=%2Fwp%2Fv2%2Fcomments&post=16353"}],"wp:featuredmedia":[{"embeddable":true,"href":"http:\/\/delikatesy.wineport.pl\/index.php?rest_route=\/wp\/v2\/media\/16352"}],"wp:attachment":[{"href":"http:\/\/delikatesy.wineport.pl\/index.php?rest_route=%2Fwp%2Fv2%2Fmedia&parent=16353"}],"wp:term":[{"taxonomy":"product_cat","embeddable":true,"href":"http:\/\/delikatesy.wineport.pl\/index.php?rest_route=%2Fwp%2Fv2%2Fproduct_cat&post=16353"},{"taxonomy":"product_tag","embeddable":true,"href":"http:\/\/delikatesy.wineport.pl\/index.php?rest_route=%2Fwp%2Fv2%2Fproduct_tag&post=16353"}],"curies":[{"name":"wp","href":"https:\/\/api.w.org\/{rel}","templated":true}]}}