{"id":16369,"date":"2024-03-14T14:18:22","date_gmt":"2024-03-14T13:18:22","guid":{"rendered":"http:\/\/delikatesy.wineport.pl\/?product=calvados-drouin-reserve-0-7l"},"modified":"2026-05-10T19:45:55","modified_gmt":"2026-05-10T17:45:55","slug":"calvados-drouin-reserve-0-7l","status":"publish","type":"product","link":"http:\/\/delikatesy.wineport.pl\/?product=calvados-drouin-reserve-0-7l","title":{"rendered":"CALVADOS DROUIN RESERVE 0.7l"},"content":{"rendered":"<div class=\"c-product__details c-text\" style=\"font-size: 1.4rem; font-family: Helvetica, Tahoma, sans-serif;\">\n<p>Apelacja: AOC Calvados Pays d&#8217;Auge\u00a0<span class=\"h-ws-nw\">Kraj: Francja<\/span>\u00a0<span class=\"h-ws-nw\">Region: Pays D&#8217;auge<\/span>\u00a0<span class=\"h-ws-nw\">Producent: Drouin Calvados\u00a0<\/span>\u00a0<span class=\"h-ws-nw\">Poj.: 0.7<\/span>\u00a0<span class=\"h-ws-nw\">Zaw. Alk. %: 40.0<\/span><\/p>\n<\/p><\/div>\n<div class=\"c-product__desc c-text c-text--lh\" style=\"font-size: 1.4rem; font-family: Helvetica, Tahoma, sans-serif;\">\n<p>Produkowany w apelacji Pays d\u2019Auge z cydru na bazie gorzkich, s\u0142odko-gorzkich i s\u0142odkich jab\u0142ek. Podw\u00f3jnie destylowany w miedzianych alembikach. Jest kompozycj\u0105 calvados\u00f3w o r\u00f3\u017cnym wieku (minimum 3 lata) dojrzewaj\u0105cych w kr\u00f3tko u\u017cywanych beczkach. Oferuje nam doskona\u0142\u0105 harmoni\u0119 owocowo\u015bci i nut pikantnych.<\/p>\n<\/p><\/div>\n","protected":false},"excerpt":{"rendered":"<div class=\"c-product__details c-text\" style=\"font-size: 1.4rem; font-family: Helvetica, Tahoma, sans-serif;\">\n<p>Apelacja: AOC Calvados Pays d&#8217;Auge\u00a0<span class=\"h-ws-nw\">Kraj: Francja<\/span>\u00a0<span class=\"h-ws-nw\">Region: Pays D&#8217;auge<\/span>\u00a0<span class=\"h-ws-nw\">Producent: Drouin Calvados\u00a0<\/span>\u00a0<span class=\"h-ws-nw\">Poj.: 0.7<\/span>\u00a0<span class=\"h-ws-nw\">Zaw. Alk. %: 40.0<\/span><\/p>\n<\/p><\/div>\n<div class=\"c-product__desc c-text c-text--lh\" style=\"font-size: 1.4rem; font-family: Helvetica, Tahoma, sans-serif;\">\n<p>Produkowany w apelacji Pays d\u2019Auge z cydru na bazie gorzkich, s\u0142odko-gorzkich i s\u0142odkich jab\u0142ek. Podw\u00f3jnie destylowany w miedzianych alembikach. Jest kompozycj\u0105 calvados\u00f3w o r\u00f3\u017cnym wieku (minimum 3 lata) dojrzewaj\u0105cych w kr\u00f3tko u\u017cywanych beczkach. Oferuje nam doskona\u0142\u0105 harmoni\u0119 owocowo\u015bci i nut pikantnych.<\/p>\n<\/p><\/div>\n","protected":false},"featured_media":16368,"comment_status":"open","ping_status":"closed","template":"","meta":[],"product_cat":[142,219],"product_tag":[],"class_list":{"0":"post-16369","1":"product","2":"type-product","3":"status-publish","4":"has-post-thumbnail","6":"product_cat-alkohole-mocne","7":"product_cat-calvados","9":"first","10":"instock","11":"shipping-taxable","12":"purchasable","13":"product-type-simple"},"_links":{"self":[{"href":"http:\/\/delikatesy.wineport.pl\/index.php?rest_route=\/wp\/v2\/product\/16369","targetHints":{"allow":["GET"]}}],"collection":[{"href":"http:\/\/delikatesy.wineport.pl\/index.php?rest_route=\/wp\/v2\/product"}],"about":[{"href":"http:\/\/delikatesy.wineport.pl\/index.php?rest_route=\/wp\/v2\/types\/product"}],"replies":[{"embeddable":true,"href":"http:\/\/delikatesy.wineport.pl\/index.php?rest_route=%2Fwp%2Fv2%2Fcomments&post=16369"}],"wp:featuredmedia":[{"embeddable":true,"href":"http:\/\/delikatesy.wineport.pl\/index.php?rest_route=\/wp\/v2\/media\/16368"}],"wp:attachment":[{"href":"http:\/\/delikatesy.wineport.pl\/index.php?rest_route=%2Fwp%2Fv2%2Fmedia&parent=16369"}],"wp:term":[{"taxonomy":"product_cat","embeddable":true,"href":"http:\/\/delikatesy.wineport.pl\/index.php?rest_route=%2Fwp%2Fv2%2Fproduct_cat&post=16369"},{"taxonomy":"product_tag","embeddable":true,"href":"http:\/\/delikatesy.wineport.pl\/index.php?rest_route=%2Fwp%2Fv2%2Fproduct_tag&post=16369"}],"curies":[{"name":"wp","href":"https:\/\/api.w.org\/{rel}","templated":true}]}}