{"id":16377,"date":"2024-03-14T14:18:24","date_gmt":"2024-03-14T13:18:24","guid":{"rendered":"http:\/\/delikatesy.wineport.pl\/?product=calvados-drouin-xo-pierre-pivet-karafka-0-7"},"modified":"2026-05-10T19:45:56","modified_gmt":"2026-05-10T17:45:56","slug":"calvados-drouin-xo-pierre-pivet-karafka-0-7","status":"publish","type":"product","link":"http:\/\/delikatesy.wineport.pl\/?product=calvados-drouin-xo-pierre-pivet-karafka-0-7","title":{"rendered":"CALVADOS DROUIN XO PIERRE PIVET KARAFKA 0.7"},"content":{"rendered":"<div class=\"c-product__details c-text\" style=\"font-size: 1.4rem; font-family: Helvetica, Tahoma, sans-serif;\">\n<p>Apelacja: AOC Calvados Pays d&#8217;Auge\u00a0<span class=\"h-ws-nw\">Kraj: Francja<\/span>\u00a0<span class=\"h-ws-nw\">Region: Pays D&#8217;auge<\/span>\u00a0<span class=\"h-ws-nw\">Producent: Drouin Calvados\u00a0<\/span>\u00a0<span class=\"h-ws-nw\">Poj.: 0.7<\/span>\u00a0<span class=\"h-ws-nw\">Zaw. Alk. %: 42.0<\/span><\/p>\n<\/p><\/div>\n<div class=\"c-product__desc c-text c-text--lh\" style=\"font-size: 1.4rem; font-family: Helvetica, Tahoma, sans-serif;\">\n<p>Wyj\u0105tkowy calvados stworzony w ho\u0142dzie dla pierwsze master distillera firmy Drouin- Pana Pierre Pivet. W przepi\u0119knej karafce zamkni\u0119ta jest kompozycja wielu r\u00f3\u017cnych destylat\u00f3w dojrzewaj\u0105cych minimum 20 lat. Aromat karmelizowanych jab\u0142ek, wanilli, zi\u00f3\u0142 i ro\u015blin. Odrobina kwiat\u00f3w wi\u015bni i d\u0119biny. W smaku s\u0142odycz cytrus\u00f3w, przyprawy i kakao wzbogacone \u015bliwk\u0105 i zio\u0142ami.<\/p>\n<\/p><\/div>\n","protected":false},"excerpt":{"rendered":"<div class=\"c-product__details c-text\" style=\"font-size: 1.4rem; font-family: Helvetica, Tahoma, sans-serif;\">\n<p>Apelacja: AOC Calvados Pays d&#8217;Auge\u00a0<span class=\"h-ws-nw\">Kraj: Francja<\/span>\u00a0<span class=\"h-ws-nw\">Region: Pays D&#8217;auge<\/span>\u00a0<span class=\"h-ws-nw\">Producent: Drouin Calvados\u00a0<\/span>\u00a0<span class=\"h-ws-nw\">Poj.: 0.7<\/span>\u00a0<span class=\"h-ws-nw\">Zaw. Alk. %: 42.0<\/span><\/p>\n<\/p><\/div>\n<div class=\"c-product__desc c-text c-text--lh\" style=\"font-size: 1.4rem; font-family: Helvetica, Tahoma, sans-serif;\">\n<p>Wyj\u0105tkowy calvados stworzony w ho\u0142dzie dla pierwsze master distillera firmy Drouin- Pana Pierre Pivet. W przepi\u0119knej karafce zamkni\u0119ta jest kompozycja wielu r\u00f3\u017cnych destylat\u00f3w dojrzewaj\u0105cych minimum 20 lat. Aromat karmelizowanych jab\u0142ek, wanilli, zi\u00f3\u0142 i ro\u015blin. Odrobina kwiat\u00f3w wi\u015bni i d\u0119biny. W smaku s\u0142odycz cytrus\u00f3w, przyprawy i kakao wzbogacone \u015bliwk\u0105 i zio\u0142ami.<\/p>\n<\/p><\/div>\n","protected":false},"featured_media":16376,"comment_status":"open","ping_status":"closed","template":"","meta":[],"product_cat":[142,219],"product_tag":[],"class_list":{"0":"post-16377","1":"product","2":"type-product","3":"status-publish","4":"has-post-thumbnail","6":"product_cat-alkohole-mocne","7":"product_cat-calvados","9":"first","10":"instock","11":"shipping-taxable","12":"purchasable","13":"product-type-simple"},"_links":{"self":[{"href":"http:\/\/delikatesy.wineport.pl\/index.php?rest_route=\/wp\/v2\/product\/16377","targetHints":{"allow":["GET"]}}],"collection":[{"href":"http:\/\/delikatesy.wineport.pl\/index.php?rest_route=\/wp\/v2\/product"}],"about":[{"href":"http:\/\/delikatesy.wineport.pl\/index.php?rest_route=\/wp\/v2\/types\/product"}],"replies":[{"embeddable":true,"href":"http:\/\/delikatesy.wineport.pl\/index.php?rest_route=%2Fwp%2Fv2%2Fcomments&post=16377"}],"wp:featuredmedia":[{"embeddable":true,"href":"http:\/\/delikatesy.wineport.pl\/index.php?rest_route=\/wp\/v2\/media\/16376"}],"wp:attachment":[{"href":"http:\/\/delikatesy.wineport.pl\/index.php?rest_route=%2Fwp%2Fv2%2Fmedia&parent=16377"}],"wp:term":[{"taxonomy":"product_cat","embeddable":true,"href":"http:\/\/delikatesy.wineport.pl\/index.php?rest_route=%2Fwp%2Fv2%2Fproduct_cat&post=16377"},{"taxonomy":"product_tag","embeddable":true,"href":"http:\/\/delikatesy.wineport.pl\/index.php?rest_route=%2Fwp%2Fv2%2Fproduct_tag&post=16377"}],"curies":[{"name":"wp","href":"https:\/\/api.w.org\/{rel}","templated":true}]}}