{"id":16381,"date":"2024-03-14T14:18:25","date_gmt":"2024-03-14T13:18:25","guid":{"rendered":"http:\/\/delikatesy.wineport.pl\/?product=calvados-domfrontains-lauriston-1963-0-7l"},"modified":"2026-05-10T19:45:57","modified_gmt":"2026-05-10T17:45:57","slug":"calvados-domfrontains-lauriston-1963-0-7l","status":"publish","type":"product","link":"http:\/\/delikatesy.wineport.pl\/?product=calvados-domfrontains-lauriston-1963-0-7l","title":{"rendered":"CALVADOS DOMFRONTAINS LAURISTON 1963 0.7l"},"content":{"rendered":"<div class=\"c-product__details c-text\" style=\"font-size: 1.4rem; font-family: Helvetica, Tahoma, sans-serif;\">\n<p>Apelacja: Domfrontais\u00a0<span class=\"h-ws-nw\">Kraj: Francja<\/span>\u00a0<span class=\"h-ws-nw\">Region: Normandia<\/span>\u00a0<span class=\"h-ws-nw\">Producent:\u00a0<a href=\"https:\/\/wina-mp.pl\/producent\/calvados-louis-de-lauriston\">Calvados Louis De Lauriston<\/a>\u00a0<\/span>\u00a0<span class=\"h-ws-nw\">Poj.: 0.7<\/span>\u00a0<span class=\"h-ws-nw\">Zaw. Alk. %: 42.0<\/span>\u00a0<span class=\"h-ws-nw\">Rocznik: 1963<\/span><\/p>\n<\/p><\/div>\n<div class=\"c-product__desc c-text c-text--lh\" style=\"font-size: 1.4rem; font-family: Helvetica, Tahoma, sans-serif;\">\n<p>Ka\u017cdy rocznik ma sw\u00f3j w\u0142asny, unikatowy charakter. Ka\u017cdy jest inny, a o z\u0142o\u017cono\u015bci bukietu \u015bwiadcz\u0105 najsubtelniejsze nuty aromat\u00f3w. Trudno jest opisa\u0107 ka\u017cdy z osobna &#8211; polecamy spr\u00f3bowa\u0107! Na \u017cyczenie sprowadzamy rocznikowe trunki z ostatnich 100 lat.<\/p>\n<\/p><\/div>\n","protected":false},"excerpt":{"rendered":"<div class=\"c-product__details c-text\" style=\"font-size: 1.4rem; font-family: Helvetica, Tahoma, sans-serif;\">\n<p>Apelacja: Domfrontais\u00a0<span class=\"h-ws-nw\">Kraj: Francja<\/span>\u00a0<span class=\"h-ws-nw\">Region: Normandia<\/span>\u00a0<span class=\"h-ws-nw\">Producent:\u00a0<a href=\"https:\/\/wina-mp.pl\/producent\/calvados-louis-de-lauriston\">Calvados Louis De Lauriston<\/a>\u00a0<\/span>\u00a0<span class=\"h-ws-nw\">Poj.: 0.7<\/span>\u00a0<span class=\"h-ws-nw\">Zaw. Alk. %: 42.0<\/span>\u00a0<span class=\"h-ws-nw\">Rocznik: 1963<\/span><\/p>\n<\/p><\/div>\n<div class=\"c-product__desc c-text c-text--lh\" style=\"font-size: 1.4rem; font-family: Helvetica, Tahoma, sans-serif;\">\n<p>Ka\u017cdy rocznik ma sw\u00f3j w\u0142asny, unikatowy charakter. Ka\u017cdy jest inny, a o z\u0142o\u017cono\u015bci bukietu \u015bwiadcz\u0105 najsubtelniejsze nuty aromat\u00f3w. Trudno jest opisa\u0107 ka\u017cdy z osobna &#8211; polecamy spr\u00f3bowa\u0107! Na \u017cyczenie sprowadzamy rocznikowe trunki z ostatnich 100 lat.<\/p>\n<\/p><\/div>\n","protected":false},"featured_media":16380,"comment_status":"open","ping_status":"closed","template":"","meta":[],"product_cat":[142,219],"product_tag":[],"class_list":{"0":"post-16381","1":"product","2":"type-product","3":"status-publish","4":"has-post-thumbnail","6":"product_cat-alkohole-mocne","7":"product_cat-calvados","9":"first","10":"instock","11":"shipping-taxable","12":"purchasable","13":"product-type-simple"},"_links":{"self":[{"href":"http:\/\/delikatesy.wineport.pl\/index.php?rest_route=\/wp\/v2\/product\/16381","targetHints":{"allow":["GET"]}}],"collection":[{"href":"http:\/\/delikatesy.wineport.pl\/index.php?rest_route=\/wp\/v2\/product"}],"about":[{"href":"http:\/\/delikatesy.wineport.pl\/index.php?rest_route=\/wp\/v2\/types\/product"}],"replies":[{"embeddable":true,"href":"http:\/\/delikatesy.wineport.pl\/index.php?rest_route=%2Fwp%2Fv2%2Fcomments&post=16381"}],"wp:featuredmedia":[{"embeddable":true,"href":"http:\/\/delikatesy.wineport.pl\/index.php?rest_route=\/wp\/v2\/media\/16380"}],"wp:attachment":[{"href":"http:\/\/delikatesy.wineport.pl\/index.php?rest_route=%2Fwp%2Fv2%2Fmedia&parent=16381"}],"wp:term":[{"taxonomy":"product_cat","embeddable":true,"href":"http:\/\/delikatesy.wineport.pl\/index.php?rest_route=%2Fwp%2Fv2%2Fproduct_cat&post=16381"},{"taxonomy":"product_tag","embeddable":true,"href":"http:\/\/delikatesy.wineport.pl\/index.php?rest_route=%2Fwp%2Fv2%2Fproduct_tag&post=16381"}],"curies":[{"name":"wp","href":"https:\/\/api.w.org\/{rel}","templated":true}]}}