{"id":16397,"date":"2024-03-14T14:18:29","date_gmt":"2024-03-14T13:18:29","guid":{"rendered":"http:\/\/delikatesy.wineport.pl\/?product=calvados-domfrontains-lauriston-40-yo"},"modified":"2026-05-10T19:45:58","modified_gmt":"2026-05-10T17:45:58","slug":"calvados-domfrontains-lauriston-40-yo","status":"publish","type":"product","link":"http:\/\/delikatesy.wineport.pl\/?product=calvados-domfrontains-lauriston-40-yo","title":{"rendered":"Calvados Domfrontains Lauriston 40 YO"},"content":{"rendered":"<div class=\"c-product__details c-text\" style=\"font-size: 1.4rem; font-family: Helvetica, Tahoma, sans-serif;\">\n<p>Apelacja: Domfrontais\u00a0<span class=\"h-ws-nw\">Kraj: Francja<\/span>\u00a0<span class=\"h-ws-nw\">Region: Normandia<\/span>\u00a0<span class=\"h-ws-nw\">Producent:\u00a0<a href=\"https:\/\/wina-mp.pl\/producent\/calvados-louis-de-lauriston\">Calvados Louis De Lauriston<\/a>\u00a0<\/span>\u00a0<span class=\"h-ws-nw\">Poj.: 0.7<\/span>\u00a0<span class=\"h-ws-nw\">Zaw. Alk. %: 42.0<\/span><\/p>\n<\/p><\/div>\n<div class=\"c-product__desc c-text c-text--lh\" style=\"font-size: 1.4rem; font-family: Helvetica, Tahoma, sans-serif;\">\n<p>Calvados o pi\u0119knym kasztanowym kolorze i intensywnym bukiecie jab\u0142ek i gruszek. Po napowietrzeniu wyczuwalne aromaty rodzynek i owocowego kompotu. W Ustach wytrawny, ale z delikatna nut\u0105 s\u0142odyczy. Odnajdziemy w nim ciep\u0142e nuty pieczonych jab\u0142ek, owocowego placka, miodu i tytoniu. W finiszu \u015bwie\u017ca, dobra kwasowo\u015b\u0107 z odrobin\u0105 orzech\u00f3w i nugatu.<\/p>\n<\/p><\/div>\n","protected":false},"excerpt":{"rendered":"<div class=\"c-product__details c-text\" style=\"font-size: 1.4rem; font-family: Helvetica, Tahoma, sans-serif;\">\n<p>Apelacja: Domfrontais\u00a0<span class=\"h-ws-nw\">Kraj: Francja<\/span>\u00a0<span class=\"h-ws-nw\">Region: Normandia<\/span>\u00a0<span class=\"h-ws-nw\">Producent:\u00a0<a href=\"https:\/\/wina-mp.pl\/producent\/calvados-louis-de-lauriston\">Calvados Louis De Lauriston<\/a>\u00a0<\/span>\u00a0<span class=\"h-ws-nw\">Poj.: 0.7<\/span>\u00a0<span class=\"h-ws-nw\">Zaw. Alk. %: 42.0<\/span><\/p>\n<\/p><\/div>\n<div class=\"c-product__desc c-text c-text--lh\" style=\"font-size: 1.4rem; font-family: Helvetica, Tahoma, sans-serif;\">\n<p>Calvados o pi\u0119knym kasztanowym kolorze i intensywnym bukiecie jab\u0142ek i gruszek. Po napowietrzeniu wyczuwalne aromaty rodzynek i owocowego kompotu. W Ustach wytrawny, ale z delikatna nut\u0105 s\u0142odyczy. Odnajdziemy w nim ciep\u0142e nuty pieczonych jab\u0142ek, owocowego placka, miodu i tytoniu. W finiszu \u015bwie\u017ca, dobra kwasowo\u015b\u0107 z odrobin\u0105 orzech\u00f3w i nugatu.<\/p>\n<\/p><\/div>\n","protected":false},"featured_media":16396,"comment_status":"open","ping_status":"closed","template":"","meta":[],"product_cat":[142,219],"product_tag":[],"class_list":{"0":"post-16397","1":"product","2":"type-product","3":"status-publish","4":"has-post-thumbnail","6":"product_cat-alkohole-mocne","7":"product_cat-calvados","9":"first","10":"instock","11":"shipping-taxable","12":"purchasable","13":"product-type-simple"},"_links":{"self":[{"href":"http:\/\/delikatesy.wineport.pl\/index.php?rest_route=\/wp\/v2\/product\/16397","targetHints":{"allow":["GET"]}}],"collection":[{"href":"http:\/\/delikatesy.wineport.pl\/index.php?rest_route=\/wp\/v2\/product"}],"about":[{"href":"http:\/\/delikatesy.wineport.pl\/index.php?rest_route=\/wp\/v2\/types\/product"}],"replies":[{"embeddable":true,"href":"http:\/\/delikatesy.wineport.pl\/index.php?rest_route=%2Fwp%2Fv2%2Fcomments&post=16397"}],"wp:featuredmedia":[{"embeddable":true,"href":"http:\/\/delikatesy.wineport.pl\/index.php?rest_route=\/wp\/v2\/media\/16396"}],"wp:attachment":[{"href":"http:\/\/delikatesy.wineport.pl\/index.php?rest_route=%2Fwp%2Fv2%2Fmedia&parent=16397"}],"wp:term":[{"taxonomy":"product_cat","embeddable":true,"href":"http:\/\/delikatesy.wineport.pl\/index.php?rest_route=%2Fwp%2Fv2%2Fproduct_cat&post=16397"},{"taxonomy":"product_tag","embeddable":true,"href":"http:\/\/delikatesy.wineport.pl\/index.php?rest_route=%2Fwp%2Fv2%2Fproduct_tag&post=16397"}],"curies":[{"name":"wp","href":"https:\/\/api.w.org\/{rel}","templated":true}]}}