{"id":16417,"date":"2024-03-14T14:18:34","date_gmt":"2024-03-14T13:18:34","guid":{"rendered":"http:\/\/delikatesy.wineport.pl\/?product=maurice-schueller-marc-dalsace-0-7l"},"modified":"2026-05-10T19:46:00","modified_gmt":"2026-05-10T17:46:00","slug":"maurice-schueller-marc-dalsace-0-7l","status":"publish","type":"product","link":"http:\/\/delikatesy.wineport.pl\/?product=maurice-schueller-marc-dalsace-0-7l","title":{"rendered":"MAURICE SCHUELLER MARC D&#8217;ALSACE 0.7l"},"content":{"rendered":"<div class=\"c-product__details c-text\" style=\"font-size: 1.4rem; font-family: Helvetica, Tahoma, sans-serif;\">\n<p><span class=\"h-ws-nw\">Kraj: Francja<\/span>\u00a0<span class=\"h-ws-nw\">Region: Alzacja<\/span>\u00a0<span class=\"h-ws-nw\">Producent:\u00a0<a href=\"https:\/\/wina-mp.pl\/producent\/maurice-schueller\">Maurice Schueller<\/a>\u00a0<\/span>\u00a0<span class=\"h-ws-nw\">Smak: Wytrawne<\/span>\u00a0<span class=\"h-ws-nw\">Poj.: 0.7<\/span>\u00a0<span class=\"h-ws-nw\">Zaw. Alk. %: 48.0<\/span><\/p>\n<\/p><\/div>\n<div class=\"c-product__desc c-text c-text--lh\" style=\"font-size: 1.4rem; font-family: Helvetica, Tahoma, sans-serif;\">\n<p>To wyj\u0105tkowy, bardzo owocowy destylat z winogron odmiany Gewurztraminer. Jest elegancki, wytrawny i urzekaj\u0105co aromatyczny. Odnajdziemy w nim akcenty charakterystyczne dla tego szczepu takie jak nuty r\u00f3\u017c i liczi. Przyjemny, kwiatowy finisz.<\/p>\n<\/p><\/div>\n","protected":false},"excerpt":{"rendered":"<div class=\"c-product__details c-text\" style=\"font-size: 1.4rem; font-family: Helvetica, Tahoma, sans-serif;\">\n<p><span class=\"h-ws-nw\">Kraj: Francja<\/span>\u00a0<span class=\"h-ws-nw\">Region: Alzacja<\/span>\u00a0<span class=\"h-ws-nw\">Producent:\u00a0<a href=\"https:\/\/wina-mp.pl\/producent\/maurice-schueller\">Maurice Schueller<\/a>\u00a0<\/span>\u00a0<span class=\"h-ws-nw\">Smak: Wytrawne<\/span>\u00a0<span class=\"h-ws-nw\">Poj.: 0.7<\/span>\u00a0<span class=\"h-ws-nw\">Zaw. Alk. %: 48.0<\/span><\/p>\n<\/p><\/div>\n<div class=\"c-product__desc c-text c-text--lh\" style=\"font-size: 1.4rem; font-family: Helvetica, Tahoma, sans-serif;\">\n<p>To wyj\u0105tkowy, bardzo owocowy destylat z winogron odmiany Gewurztraminer. Jest elegancki, wytrawny i urzekaj\u0105co aromatyczny. Odnajdziemy w nim akcenty charakterystyczne dla tego szczepu takie jak nuty r\u00f3\u017c i liczi. Przyjemny, kwiatowy finisz.<\/p>\n<\/p><\/div>\n","protected":false},"featured_media":16416,"comment_status":"open","ping_status":"closed","template":"","meta":[],"product_cat":[142,209],"product_tag":[],"class_list":{"0":"post-16417","1":"product","2":"type-product","3":"status-publish","4":"has-post-thumbnail","6":"product_cat-alkohole-mocne","7":"product_cat-grappa","9":"first","10":"instock","11":"shipping-taxable","12":"purchasable","13":"product-type-simple"},"_links":{"self":[{"href":"http:\/\/delikatesy.wineport.pl\/index.php?rest_route=\/wp\/v2\/product\/16417","targetHints":{"allow":["GET"]}}],"collection":[{"href":"http:\/\/delikatesy.wineport.pl\/index.php?rest_route=\/wp\/v2\/product"}],"about":[{"href":"http:\/\/delikatesy.wineport.pl\/index.php?rest_route=\/wp\/v2\/types\/product"}],"replies":[{"embeddable":true,"href":"http:\/\/delikatesy.wineport.pl\/index.php?rest_route=%2Fwp%2Fv2%2Fcomments&post=16417"}],"wp:featuredmedia":[{"embeddable":true,"href":"http:\/\/delikatesy.wineport.pl\/index.php?rest_route=\/wp\/v2\/media\/16416"}],"wp:attachment":[{"href":"http:\/\/delikatesy.wineport.pl\/index.php?rest_route=%2Fwp%2Fv2%2Fmedia&parent=16417"}],"wp:term":[{"taxonomy":"product_cat","embeddable":true,"href":"http:\/\/delikatesy.wineport.pl\/index.php?rest_route=%2Fwp%2Fv2%2Fproduct_cat&post=16417"},{"taxonomy":"product_tag","embeddable":true,"href":"http:\/\/delikatesy.wineport.pl\/index.php?rest_route=%2Fwp%2Fv2%2Fproduct_tag&post=16417"}],"curies":[{"name":"wp","href":"https:\/\/api.w.org\/{rel}","templated":true}]}}