{"id":16419,"date":"2024-03-14T14:18:35","date_gmt":"2024-03-14T13:18:35","guid":{"rendered":"http:\/\/delikatesy.wineport.pl\/?product=grappa-di-casalferro-castello-di-brolio-0-5l"},"modified":"2026-05-10T19:46:00","modified_gmt":"2026-05-10T17:46:00","slug":"grappa-di-casalferro-castello-di-brolio-0-5l","status":"publish","type":"product","link":"http:\/\/delikatesy.wineport.pl\/?product=grappa-di-casalferro-castello-di-brolio-0-5l","title":{"rendered":"GRAPPA DI CASALFERRO CASTELLO DI BROLIO 0.5l"},"content":{"rendered":"<div class=\"c-product__details c-text\" style=\"font-size: 1.4rem; font-family: Helvetica, Tahoma, sans-serif;\">\n<p><span class=\"h-ws-nw\">Kraj: W\u0142ochy<\/span>\u00a0<span class=\"h-ws-nw\">Producent:\u00a0<a href=\"https:\/\/wina-mp.pl\/producent\/ricasoli-1141\">Ricasoli 1141<\/a>\u00a0<\/span>\u00a0<span class=\"h-ws-nw\">Smak: Wytrawne<\/span>\u00a0<span class=\"h-ws-nw\">Poj.: 0.5<\/span>\u00a0<span class=\"h-ws-nw\">Zaw. Alk. %: 45.0<\/span><\/p>\n<\/p><\/div>\n<div class=\"c-product__desc c-text c-text--lh\" style=\"font-size: 1.4rem; font-family: Helvetica, Tahoma, sans-serif;\">\n<p>Grappa di Casalferro ma krystalicznie czysty kolor oraz przyjemny, winny bukiet z eleganckimi tonami marmolady. Smak, zr\u00f3wnowa\u017cony i przyjemnie przeci\u0105gni\u0119ty, sugeruje z\u0142o\u017cone i ciep\u0142e nuty d\u017cemu je\u017cynowego. \u015aredniej wielko\u015bci kieliszek w kszta\u0142cie tulipana uwydatni aromaty tego destylatu. Najlepiej podawa\u0107 w temperaturze 17 stopni.<\/p>\n<\/p><\/div>\n","protected":false},"excerpt":{"rendered":"<div class=\"c-product__details c-text\" style=\"font-size: 1.4rem; font-family: Helvetica, Tahoma, sans-serif;\">\n<p><span class=\"h-ws-nw\">Kraj: W\u0142ochy<\/span>\u00a0<span class=\"h-ws-nw\">Producent:\u00a0<a href=\"https:\/\/wina-mp.pl\/producent\/ricasoli-1141\">Ricasoli 1141<\/a>\u00a0<\/span>\u00a0<span class=\"h-ws-nw\">Smak: Wytrawne<\/span>\u00a0<span class=\"h-ws-nw\">Poj.: 0.5<\/span>\u00a0<span class=\"h-ws-nw\">Zaw. Alk. %: 45.0<\/span><\/p>\n<\/p><\/div>\n<div class=\"c-product__desc c-text c-text--lh\" style=\"font-size: 1.4rem; font-family: Helvetica, Tahoma, sans-serif;\">\n<p>Grappa di Casalferro ma krystalicznie czysty kolor oraz przyjemny, winny bukiet z eleganckimi tonami marmolady. Smak, zr\u00f3wnowa\u017cony i przyjemnie przeci\u0105gni\u0119ty, sugeruje z\u0142o\u017cone i ciep\u0142e nuty d\u017cemu je\u017cynowego. \u015aredniej wielko\u015bci kieliszek w kszta\u0142cie tulipana uwydatni aromaty tego destylatu. Najlepiej podawa\u0107 w temperaturze 17 stopni.<\/p>\n<\/p><\/div>\n","protected":false},"featured_media":16418,"comment_status":"open","ping_status":"closed","template":"","meta":[],"product_cat":[142,209],"product_tag":[],"class_list":{"0":"post-16419","1":"product","2":"type-product","3":"status-publish","4":"has-post-thumbnail","6":"product_cat-alkohole-mocne","7":"product_cat-grappa","9":"first","10":"instock","11":"shipping-taxable","12":"purchasable","13":"product-type-simple"},"_links":{"self":[{"href":"http:\/\/delikatesy.wineport.pl\/index.php?rest_route=\/wp\/v2\/product\/16419","targetHints":{"allow":["GET"]}}],"collection":[{"href":"http:\/\/delikatesy.wineport.pl\/index.php?rest_route=\/wp\/v2\/product"}],"about":[{"href":"http:\/\/delikatesy.wineport.pl\/index.php?rest_route=\/wp\/v2\/types\/product"}],"replies":[{"embeddable":true,"href":"http:\/\/delikatesy.wineport.pl\/index.php?rest_route=%2Fwp%2Fv2%2Fcomments&post=16419"}],"wp:featuredmedia":[{"embeddable":true,"href":"http:\/\/delikatesy.wineport.pl\/index.php?rest_route=\/wp\/v2\/media\/16418"}],"wp:attachment":[{"href":"http:\/\/delikatesy.wineport.pl\/index.php?rest_route=%2Fwp%2Fv2%2Fmedia&parent=16419"}],"wp:term":[{"taxonomy":"product_cat","embeddable":true,"href":"http:\/\/delikatesy.wineport.pl\/index.php?rest_route=%2Fwp%2Fv2%2Fproduct_cat&post=16419"},{"taxonomy":"product_tag","embeddable":true,"href":"http:\/\/delikatesy.wineport.pl\/index.php?rest_route=%2Fwp%2Fv2%2Fproduct_tag&post=16419"}],"curies":[{"name":"wp","href":"https:\/\/api.w.org\/{rel}","templated":true}]}}