{"id":16423,"date":"2024-03-14T14:18:35","date_gmt":"2024-03-14T13:18:35","guid":{"rendered":"http:\/\/delikatesy.wineport.pl\/?product=grappa-di-brunello-caparzo-0-7l"},"modified":"2026-05-17T21:55:08","modified_gmt":"2026-05-17T19:55:08","slug":"grappa-di-brunello-caparzo-0-7l","status":"publish","type":"product","link":"http:\/\/delikatesy.wineport.pl\/?product=grappa-di-brunello-caparzo-0-7l","title":{"rendered":"GRAPPA DI BRUNELLO CAPARZO 0.7l"},"content":{"rendered":"<div class=\"c-product__details c-text\" style=\"font-size: 1.4rem; font-family: Helvetica, Tahoma, sans-serif;\">\n<p><span class=\"h-ws-nw\">Kraj: W\u0142ochy<\/span>\u00a0<span class=\"h-ws-nw\">Region: Toskania<\/span>\u00a0<span class=\"h-ws-nw\">Producent:\u00a0<a href=\"https:\/\/wina-mp.pl\/producent\/caparzo\">Caparzo<\/a>\u00a0<\/span>\u00a0<span class=\"h-ws-nw\">Kolor: Bia\u0142e<\/span>\u00a0<span class=\"h-ws-nw\">Poj.: 0.7<\/span>\u00a0<span class=\"h-ws-nw\">Zaw. Alk. %: 41.0<\/span><\/p>\n<\/p><\/div>\n<div class=\"c-product__desc c-text c-text--lh\" style=\"font-size: 1.4rem; font-family: Helvetica, Tahoma, sans-serif;\">\n<p>Destylat z wyt\u0142oczyn winogron u\u017cywanych do wytwarzania wina Brunello wyprodukowany w 1980 roku. Kolor czysty i krystaliczny. Nos pe\u0142ny i zdecydowany, z odrobin\u0105 nut owocowych. Usta wytrawne, intensywne, charakterystyczne dla szczepu Sangiovese. Grapp\u0119 nale\u017cy podawa\u0107 lekko sch\u0142odzon\u0105 lub w temperaturze pokojowej.<\/p>\n<\/p><\/div>\n","protected":false},"excerpt":{"rendered":"<div class=\"c-product__details c-text\" style=\"font-size: 1.4rem; font-family: Helvetica, Tahoma, sans-serif;\">\n<p><span class=\"h-ws-nw\">Kraj: W\u0142ochy<\/span>\u00a0<span class=\"h-ws-nw\">Region: Toskania<\/span>\u00a0<span class=\"h-ws-nw\">Producent:\u00a0<a href=\"https:\/\/wina-mp.pl\/producent\/caparzo\">Caparzo<\/a>\u00a0<\/span>\u00a0<span class=\"h-ws-nw\">Kolor: Bia\u0142e<\/span>\u00a0<span class=\"h-ws-nw\">Poj.: 0.7<\/span>\u00a0<span class=\"h-ws-nw\">Zaw. Alk. %: 41.0<\/span><\/p>\n<\/p><\/div>\n<div class=\"c-product__desc c-text c-text--lh\" style=\"font-size: 1.4rem; font-family: Helvetica, Tahoma, sans-serif;\">\n<p>Destylat z wyt\u0142oczyn winogron u\u017cywanych do wytwarzania wina Brunello wyprodukowany w 1980 roku. Kolor czysty i krystaliczny. Nos pe\u0142ny i zdecydowany, z odrobin\u0105 nut owocowych. Usta wytrawne, intensywne, charakterystyczne dla szczepu Sangiovese. Grapp\u0119 nale\u017cy podawa\u0107 lekko sch\u0142odzon\u0105 lub w temperaturze pokojowej.<\/p>\n<\/p><\/div>\n","protected":false},"featured_media":16422,"comment_status":"open","ping_status":"closed","template":"","meta":[],"product_cat":[142,209],"product_tag":[],"class_list":{"0":"post-16423","1":"product","2":"type-product","3":"status-publish","4":"has-post-thumbnail","6":"product_cat-alkohole-mocne","7":"product_cat-grappa","9":"first","10":"instock","11":"shipping-taxable","12":"purchasable","13":"product-type-simple"},"_links":{"self":[{"href":"http:\/\/delikatesy.wineport.pl\/index.php?rest_route=\/wp\/v2\/product\/16423","targetHints":{"allow":["GET"]}}],"collection":[{"href":"http:\/\/delikatesy.wineport.pl\/index.php?rest_route=\/wp\/v2\/product"}],"about":[{"href":"http:\/\/delikatesy.wineport.pl\/index.php?rest_route=\/wp\/v2\/types\/product"}],"replies":[{"embeddable":true,"href":"http:\/\/delikatesy.wineport.pl\/index.php?rest_route=%2Fwp%2Fv2%2Fcomments&post=16423"}],"wp:featuredmedia":[{"embeddable":true,"href":"http:\/\/delikatesy.wineport.pl\/index.php?rest_route=\/wp\/v2\/media\/16422"}],"wp:attachment":[{"href":"http:\/\/delikatesy.wineport.pl\/index.php?rest_route=%2Fwp%2Fv2%2Fmedia&parent=16423"}],"wp:term":[{"taxonomy":"product_cat","embeddable":true,"href":"http:\/\/delikatesy.wineport.pl\/index.php?rest_route=%2Fwp%2Fv2%2Fproduct_cat&post=16423"},{"taxonomy":"product_tag","embeddable":true,"href":"http:\/\/delikatesy.wineport.pl\/index.php?rest_route=%2Fwp%2Fv2%2Fproduct_tag&post=16423"}],"curies":[{"name":"wp","href":"https:\/\/api.w.org\/{rel}","templated":true}]}}