{"id":16425,"date":"2024-03-14T14:18:36","date_gmt":"2024-03-14T13:18:36","guid":{"rendered":"http:\/\/delikatesy.wineport.pl\/?product=grappa-riserva-caparzo-0-5l"},"modified":"2026-05-10T19:47:01","modified_gmt":"2026-05-10T17:47:01","slug":"grappa-riserva-caparzo-0-5l","status":"publish","type":"product","link":"http:\/\/delikatesy.wineport.pl\/?product=grappa-riserva-caparzo-0-5l","title":{"rendered":"Grappa Riserva Caparzo 0.5l"},"content":{"rendered":"<div class=\"c-product__details c-text\" style=\"font-size: 1.4rem; font-family: Helvetica, Tahoma, sans-serif;\">\n<p><span class=\"h-ws-nw\">Kraj: W\u0142ochy<\/span>\u00a0<span class=\"h-ws-nw\">Region: Toskania<\/span>\u00a0<span class=\"h-ws-nw\">Producent:\u00a0<a href=\"https:\/\/wina-mp.pl\/producent\/caparzo\">Caparzo<\/a>\u00a0<\/span>\u00a0<span class=\"h-ws-nw\">Kolor: Bia\u0142e<\/span>\u00a0<span class=\"h-ws-nw\">Poj.: 0.5<\/span>\u00a0<span class=\"h-ws-nw\">Zaw. Alk. %: 43.0<\/span><\/p>\n<\/p><\/div>\n<div class=\"c-product__desc c-text c-text--lh\" style=\"font-size: 1.4rem; font-family: Helvetica, Tahoma, sans-serif;\">\n<p>Destylat z przefermentowanego winnego moszczu z bia\u0142ych i czerwonych winogron zbior\u00f3w z 1995 roku, le\u017cakuj\u0105cy 2 lata w d\u0119bowych beczkach. Kolor bursztynowy z krystalicznymi, z\u0142otymi przeb\u0142yskami. Bukiet aromat\u00f3w przypraw i owoc\u00f3w. W ustach kr\u0105g\u0142a, ciep\u0142a i wytrawna, z d\u0142ugim aromatycznym finiszem. Podawa\u0107 w temperaturze pokojowej.<\/p>\n<\/p><\/div>\n","protected":false},"excerpt":{"rendered":"<div class=\"c-product__details c-text\" style=\"font-size: 1.4rem; font-family: Helvetica, Tahoma, sans-serif;\">\n<p><span class=\"h-ws-nw\">Kraj: W\u0142ochy<\/span>\u00a0<span class=\"h-ws-nw\">Region: Toskania<\/span>\u00a0<span class=\"h-ws-nw\">Producent:\u00a0<a href=\"https:\/\/wina-mp.pl\/producent\/caparzo\">Caparzo<\/a>\u00a0<\/span>\u00a0<span class=\"h-ws-nw\">Kolor: Bia\u0142e<\/span>\u00a0<span class=\"h-ws-nw\">Poj.: 0.5<\/span>\u00a0<span class=\"h-ws-nw\">Zaw. Alk. %: 43.0<\/span><\/p>\n<\/p><\/div>\n<div class=\"c-product__desc c-text c-text--lh\" style=\"font-size: 1.4rem; font-family: Helvetica, Tahoma, sans-serif;\">\n<p>Destylat z przefermentowanego winnego moszczu z bia\u0142ych i czerwonych winogron zbior\u00f3w z 1995 roku, le\u017cakuj\u0105cy 2 lata w d\u0119bowych beczkach. Kolor bursztynowy z krystalicznymi, z\u0142otymi przeb\u0142yskami. Bukiet aromat\u00f3w przypraw i owoc\u00f3w. W ustach kr\u0105g\u0142a, ciep\u0142a i wytrawna, z d\u0142ugim aromatycznym finiszem. Podawa\u0107 w temperaturze pokojowej.<\/p>\n<\/p><\/div>\n","protected":false},"featured_media":16424,"comment_status":"open","ping_status":"closed","template":"","meta":[],"product_cat":[142,209],"product_tag":[],"class_list":{"0":"post-16425","1":"product","2":"type-product","3":"status-publish","4":"has-post-thumbnail","6":"product_cat-alkohole-mocne","7":"product_cat-grappa","9":"first","10":"instock","11":"shipping-taxable","12":"purchasable","13":"product-type-simple"},"_links":{"self":[{"href":"http:\/\/delikatesy.wineport.pl\/index.php?rest_route=\/wp\/v2\/product\/16425","targetHints":{"allow":["GET"]}}],"collection":[{"href":"http:\/\/delikatesy.wineport.pl\/index.php?rest_route=\/wp\/v2\/product"}],"about":[{"href":"http:\/\/delikatesy.wineport.pl\/index.php?rest_route=\/wp\/v2\/types\/product"}],"replies":[{"embeddable":true,"href":"http:\/\/delikatesy.wineport.pl\/index.php?rest_route=%2Fwp%2Fv2%2Fcomments&post=16425"}],"wp:featuredmedia":[{"embeddable":true,"href":"http:\/\/delikatesy.wineport.pl\/index.php?rest_route=\/wp\/v2\/media\/16424"}],"wp:attachment":[{"href":"http:\/\/delikatesy.wineport.pl\/index.php?rest_route=%2Fwp%2Fv2%2Fmedia&parent=16425"}],"wp:term":[{"taxonomy":"product_cat","embeddable":true,"href":"http:\/\/delikatesy.wineport.pl\/index.php?rest_route=%2Fwp%2Fv2%2Fproduct_cat&post=16425"},{"taxonomy":"product_tag","embeddable":true,"href":"http:\/\/delikatesy.wineport.pl\/index.php?rest_route=%2Fwp%2Fv2%2Fproduct_tag&post=16425"}],"curies":[{"name":"wp","href":"https:\/\/api.w.org\/{rel}","templated":true}]}}