{"id":16427,"date":"2024-03-14T14:18:37","date_gmt":"2024-03-14T13:18:37","guid":{"rendered":"http:\/\/delikatesy.wineport.pl\/?product=grappa-bianca-0-2l"},"modified":"2026-05-10T19:47:01","modified_gmt":"2026-05-10T17:47:01","slug":"grappa-bianca-0-2l","status":"publish","type":"product","link":"http:\/\/delikatesy.wineport.pl\/?product=grappa-bianca-0-2l","title":{"rendered":"GRAPPA BIANCA 0.2l"},"content":{"rendered":"<p><span style=\"font-size: 19.36px; font-family: latoM;\">Kompozycja winogron ze szczep\u00f3w Schiava gentile, Pinot Noir, Gew\u00fcrztraminer, Pinot Blanche, Chardonnay itp. pochodz\u0105cych z tyrolskich winnic. Produkcja tradycyjna odbywa si\u0119 wykorzystuj\u0105c najstarsze technologie destylacyjne. Najpierw alkohol podlega destylacji w bojlerkach bain-marie, po czym od 6 do 8 miesi\u0119cy dojrzewa kadziach z nierdzewnej stali. Jest to m\u0142oda i czysta grappa wyr\u00f3\u017cniaj\u0105ca si\u0119 na tle konkurencji przyjemnymi i \u015bwie\u017cymi aromatami doprawionymi mocnym i wytrawnym smakiem.<\/span><\/p>\n","protected":false},"excerpt":{"rendered":"<p><span style=\"font-size: 19.36px; font-family: latoM;\">Kompozycja winogron ze szczep\u00f3w Schiava gentile, Pinot Noir, Gew\u00fcrztraminer, Pinot Blanche, Chardonnay itp. pochodz\u0105cych z tyrolskich winnic. Produkcja tradycyjna odbywa si\u0119 wykorzystuj\u0105c najstarsze technologie destylacyjne. Najpierw alkohol podlega destylacji w bojlerkach bain-marie, po czym od 6 do 8 miesi\u0119cy dojrzewa kadziach z nierdzewnej stali. Jest to m\u0142oda i czysta grappa wyr\u00f3\u017cniaj\u0105ca si\u0119 na tle konkurencji przyjemnymi i \u015bwie\u017cymi aromatami doprawionymi mocnym i wytrawnym smakiem.<\/span><\/p>\n","protected":false},"featured_media":16426,"comment_status":"open","ping_status":"closed","template":"","meta":[],"product_cat":[142,209],"product_tag":[],"class_list":{"0":"post-16427","1":"product","2":"type-product","3":"status-publish","4":"has-post-thumbnail","6":"product_cat-alkohole-mocne","7":"product_cat-grappa","9":"first","10":"instock","11":"shipping-taxable","12":"purchasable","13":"product-type-simple"},"_links":{"self":[{"href":"http:\/\/delikatesy.wineport.pl\/index.php?rest_route=\/wp\/v2\/product\/16427","targetHints":{"allow":["GET"]}}],"collection":[{"href":"http:\/\/delikatesy.wineport.pl\/index.php?rest_route=\/wp\/v2\/product"}],"about":[{"href":"http:\/\/delikatesy.wineport.pl\/index.php?rest_route=\/wp\/v2\/types\/product"}],"replies":[{"embeddable":true,"href":"http:\/\/delikatesy.wineport.pl\/index.php?rest_route=%2Fwp%2Fv2%2Fcomments&post=16427"}],"wp:featuredmedia":[{"embeddable":true,"href":"http:\/\/delikatesy.wineport.pl\/index.php?rest_route=\/wp\/v2\/media\/16426"}],"wp:attachment":[{"href":"http:\/\/delikatesy.wineport.pl\/index.php?rest_route=%2Fwp%2Fv2%2Fmedia&parent=16427"}],"wp:term":[{"taxonomy":"product_cat","embeddable":true,"href":"http:\/\/delikatesy.wineport.pl\/index.php?rest_route=%2Fwp%2Fv2%2Fproduct_cat&post=16427"},{"taxonomy":"product_tag","embeddable":true,"href":"http:\/\/delikatesy.wineport.pl\/index.php?rest_route=%2Fwp%2Fv2%2Fproduct_tag&post=16427"}],"curies":[{"name":"wp","href":"https:\/\/api.w.org\/{rel}","templated":true}]}}