{"id":16431,"date":"2024-03-14T14:18:38","date_gmt":"2024-03-14T13:18:38","guid":{"rendered":"http:\/\/delikatesy.wineport.pl\/?product=grappa-blauburgunder-kartonik-invechiata-0-7l"},"modified":"2026-05-17T21:56:35","modified_gmt":"2026-05-17T19:56:35","slug":"grappa-blauburgunder-kartonik-invechiata-0-7l","status":"publish","type":"product","link":"http:\/\/delikatesy.wineport.pl\/?product=grappa-blauburgunder-kartonik-invechiata-0-7l","title":{"rendered":"GRAPPA BLAUBURGUNDER KARTONIK INVECHIATA 0.7l"},"content":{"rendered":"<div class=\"c-product__details c-text\" style=\"font-size: 1.4rem; font-family: Helvetica, Tahoma, sans-serif;\">\n<p><span class=\"h-ws-nw\">Kraj: W\u0142ochy<\/span>\u00a0<span class=\"h-ws-nw\">Producent:\u00a0<a href=\"https:\/\/wina-mp.pl\/producent\/roner\">Roner<\/a>\u00a0<\/span>\u00a0<span class=\"h-ws-nw\">Poj.: 0.7<\/span>\u00a0<span class=\"h-ws-nw\">Zaw. Alk. %: 42.0<\/span><\/p>\n<\/p><\/div>\n<div class=\"c-product__desc c-text c-text--lh\" style=\"font-size: 1.4rem; font-family: Helvetica, Tahoma, sans-serif;\">\n<p>Limitowana edycja doskona\u0142ej grappy, wyprodukowana w celu uhonorowania 70 urodzin Pana Gunthera Ronera. Powsta\u0142o jedynie 1300 butelek tego wyj\u0105tkowego, destylowanego w 2008r. z najlepszych wyt\u0142ok\u00f3w Pinot Noir, trunku. Zamys\u0142em tw\u00f3rc\u00f3w by\u0142o pokaza\u0107 najlepsze cechy tej odmiany winogron w doskona\u0142ej interakcji z aromatem d\u0119bowej i wi\u015bniowej beczki. W Nosie wyczuwalne \u0142agodne nuty drewna z typowymi dla szczepu aromatami owoc\u00f3w le\u015bnych, jag\u00f3d i wi\u015bni. W Ustach kr\u0105g\u0142a i dobrze zr\u00f3wnowa\u017cona, z wyczuwaln\u0105 odrobin\u0105 s\u0142odyczy pochodz\u0105c\u0105 z d\u0119biny. Pozostawia w Ustach d\u0142ugi i ciep\u0142y posmak.<\/p>\n<\/p><\/div>\n","protected":false},"excerpt":{"rendered":"<div class=\"c-product__details c-text\" style=\"font-size: 1.4rem; font-family: Helvetica, Tahoma, sans-serif;\">\n<p><span class=\"h-ws-nw\">Kraj: W\u0142ochy<\/span>\u00a0<span class=\"h-ws-nw\">Producent:\u00a0<a href=\"https:\/\/wina-mp.pl\/producent\/roner\">Roner<\/a>\u00a0<\/span>\u00a0<span class=\"h-ws-nw\">Poj.: 0.7<\/span>\u00a0<span class=\"h-ws-nw\">Zaw. Alk. %: 42.0<\/span><\/p>\n<\/p><\/div>\n<div class=\"c-product__desc c-text c-text--lh\" style=\"font-size: 1.4rem; font-family: Helvetica, Tahoma, sans-serif;\">\n<p>Limitowana edycja doskona\u0142ej grappy, wyprodukowana w celu uhonorowania 70 urodzin Pana Gunthera Ronera. Powsta\u0142o jedynie 1300 butelek tego wyj\u0105tkowego, destylowanego w 2008r. z najlepszych wyt\u0142ok\u00f3w Pinot Noir, trunku. Zamys\u0142em tw\u00f3rc\u00f3w by\u0142o pokaza\u0107 najlepsze cechy tej odmiany winogron w doskona\u0142ej interakcji z aromatem d\u0119bowej i wi\u015bniowej beczki. W Nosie wyczuwalne \u0142agodne nuty drewna z typowymi dla szczepu aromatami owoc\u00f3w le\u015bnych, jag\u00f3d i wi\u015bni. W Ustach kr\u0105g\u0142a i dobrze zr\u00f3wnowa\u017cona, z wyczuwaln\u0105 odrobin\u0105 s\u0142odyczy pochodz\u0105c\u0105 z d\u0119biny. Pozostawia w Ustach d\u0142ugi i ciep\u0142y posmak.<\/p>\n<\/p><\/div>\n","protected":false},"featured_media":16430,"comment_status":"open","ping_status":"closed","template":"","meta":[],"product_cat":[142,209],"product_tag":[],"class_list":{"0":"post-16431","1":"product","2":"type-product","3":"status-publish","4":"has-post-thumbnail","6":"product_cat-alkohole-mocne","7":"product_cat-grappa","9":"first","10":"instock","11":"shipping-taxable","12":"purchasable","13":"product-type-simple"},"_links":{"self":[{"href":"http:\/\/delikatesy.wineport.pl\/index.php?rest_route=\/wp\/v2\/product\/16431","targetHints":{"allow":["GET"]}}],"collection":[{"href":"http:\/\/delikatesy.wineport.pl\/index.php?rest_route=\/wp\/v2\/product"}],"about":[{"href":"http:\/\/delikatesy.wineport.pl\/index.php?rest_route=\/wp\/v2\/types\/product"}],"replies":[{"embeddable":true,"href":"http:\/\/delikatesy.wineport.pl\/index.php?rest_route=%2Fwp%2Fv2%2Fcomments&post=16431"}],"wp:featuredmedia":[{"embeddable":true,"href":"http:\/\/delikatesy.wineport.pl\/index.php?rest_route=\/wp\/v2\/media\/16430"}],"wp:attachment":[{"href":"http:\/\/delikatesy.wineport.pl\/index.php?rest_route=%2Fwp%2Fv2%2Fmedia&parent=16431"}],"wp:term":[{"taxonomy":"product_cat","embeddable":true,"href":"http:\/\/delikatesy.wineport.pl\/index.php?rest_route=%2Fwp%2Fv2%2Fproduct_cat&post=16431"},{"taxonomy":"product_tag","embeddable":true,"href":"http:\/\/delikatesy.wineport.pl\/index.php?rest_route=%2Fwp%2Fv2%2Fproduct_tag&post=16431"}],"curies":[{"name":"wp","href":"https:\/\/api.w.org\/{rel}","templated":true}]}}