{"id":16437,"date":"2024-03-14T14:18:39","date_gmt":"2024-03-14T13:18:39","guid":{"rendered":"http:\/\/delikatesy.wineport.pl\/?product=grappa-gewurztraminer-riserva-0-7l"},"modified":"2026-05-10T19:47:03","modified_gmt":"2026-05-10T17:47:03","slug":"grappa-gewurztraminer-riserva-0-7l","status":"publish","type":"product","link":"http:\/\/delikatesy.wineport.pl\/?product=grappa-gewurztraminer-riserva-0-7l","title":{"rendered":"GRAPPA GEWURZTRAMINER RISERVA 0.7l"},"content":{"rendered":"<div class=\"c-product__details c-text\" style=\"font-size: 1.4rem; font-family: Helvetica, Tahoma, sans-serif;\">\n<p><span class=\"h-ws-nw\">Kraj: W\u0142ochy<\/span>\u00a0<span class=\"h-ws-nw\">Producent:\u00a0<a href=\"https:\/\/wina-mp.pl\/producent\/roner\">Roner<\/a>\u00a0<\/span>\u00a0<span class=\"h-ws-nw\">Poj.: 0.7<\/span>\u00a0<span class=\"h-ws-nw\">Zaw. Alk. %: 43.0<\/span><\/p>\n<\/p><\/div>\n<div class=\"c-product__desc c-text c-text--lh\" style=\"font-size: 1.4rem; font-family: Helvetica, Tahoma, sans-serif;\">\n<p>Najwy\u017csza jako\u015b\u0107 jednoszczepowej grappy ze szczepu Gew\u00fcrztraminer starzonej 18 miesi\u0119cy w beczkach. Urzekaj\u0105cy aromat liczi i r\u00f3\u017cy. Bardzo bogaty, harmonijny smak. Zwyci\u0119zca wielu konkurs\u00f3w w kategorii Grappa. Zapakowana w eleganck\u0105, drewnian\u0105 skrzynk\u0119.<\/p>\n<\/p><\/div>\n","protected":false},"excerpt":{"rendered":"<div class=\"c-product__details c-text\" style=\"font-size: 1.4rem; font-family: Helvetica, Tahoma, sans-serif;\">\n<p><span class=\"h-ws-nw\">Kraj: W\u0142ochy<\/span>\u00a0<span class=\"h-ws-nw\">Producent:\u00a0<a href=\"https:\/\/wina-mp.pl\/producent\/roner\">Roner<\/a>\u00a0<\/span>\u00a0<span class=\"h-ws-nw\">Poj.: 0.7<\/span>\u00a0<span class=\"h-ws-nw\">Zaw. Alk. %: 43.0<\/span><\/p>\n<\/p><\/div>\n<div class=\"c-product__desc c-text c-text--lh\" style=\"font-size: 1.4rem; font-family: Helvetica, Tahoma, sans-serif;\">\n<p>Najwy\u017csza jako\u015b\u0107 jednoszczepowej grappy ze szczepu Gew\u00fcrztraminer starzonej 18 miesi\u0119cy w beczkach. Urzekaj\u0105cy aromat liczi i r\u00f3\u017cy. Bardzo bogaty, harmonijny smak. Zwyci\u0119zca wielu konkurs\u00f3w w kategorii Grappa. Zapakowana w eleganck\u0105, drewnian\u0105 skrzynk\u0119.<\/p>\n<\/p><\/div>\n","protected":false},"featured_media":16436,"comment_status":"open","ping_status":"closed","template":"","meta":[],"product_cat":[142,209],"product_tag":[],"class_list":{"0":"post-16437","1":"product","2":"type-product","3":"status-publish","4":"has-post-thumbnail","6":"product_cat-alkohole-mocne","7":"product_cat-grappa","9":"first","10":"instock","11":"shipping-taxable","12":"purchasable","13":"product-type-simple"},"_links":{"self":[{"href":"http:\/\/delikatesy.wineport.pl\/index.php?rest_route=\/wp\/v2\/product\/16437","targetHints":{"allow":["GET"]}}],"collection":[{"href":"http:\/\/delikatesy.wineport.pl\/index.php?rest_route=\/wp\/v2\/product"}],"about":[{"href":"http:\/\/delikatesy.wineport.pl\/index.php?rest_route=\/wp\/v2\/types\/product"}],"replies":[{"embeddable":true,"href":"http:\/\/delikatesy.wineport.pl\/index.php?rest_route=%2Fwp%2Fv2%2Fcomments&post=16437"}],"wp:featuredmedia":[{"embeddable":true,"href":"http:\/\/delikatesy.wineport.pl\/index.php?rest_route=\/wp\/v2\/media\/16436"}],"wp:attachment":[{"href":"http:\/\/delikatesy.wineport.pl\/index.php?rest_route=%2Fwp%2Fv2%2Fmedia&parent=16437"}],"wp:term":[{"taxonomy":"product_cat","embeddable":true,"href":"http:\/\/delikatesy.wineport.pl\/index.php?rest_route=%2Fwp%2Fv2%2Fproduct_cat&post=16437"},{"taxonomy":"product_tag","embeddable":true,"href":"http:\/\/delikatesy.wineport.pl\/index.php?rest_route=%2Fwp%2Fv2%2Fproduct_tag&post=16437"}],"curies":[{"name":"wp","href":"https:\/\/api.w.org\/{rel}","templated":true}]}}