{"id":16441,"date":"2024-03-14T14:18:40","date_gmt":"2024-03-14T13:18:40","guid":{"rendered":"http:\/\/delikatesy.wineport.pl\/?product=grappa-gold-mignon-mini-003l"},"modified":"2026-05-10T19:47:04","modified_gmt":"2026-05-10T17:47:04","slug":"grappa-gold-mignon-mini-003l","status":"publish","type":"product","link":"http:\/\/delikatesy.wineport.pl\/?product=grappa-gold-mignon-mini-003l","title":{"rendered":"Grappa Gold Mignon Mini 0,03L"},"content":{"rendered":"<div class=\"c-product__details c-text\" style=\"font-size: 1.4rem; font-family: Helvetica, Tahoma, sans-serif;\">\n<p><span class=\"h-ws-nw\">Kraj: W\u0142ochy<\/span>\u00a0<span class=\"h-ws-nw\">Producent:\u00a0<a href=\"https:\/\/wina-mp.pl\/producent\/roner\">Roner<\/a>\u00a0<\/span>\u00a0<span class=\"h-ws-nw\">Poj.: 0.03<\/span>\u00a0<span class=\"h-ws-nw\">Zaw. Alk. %: 42.0<\/span><\/p>\n<\/p><\/div>\n<div class=\"c-product__desc c-text c-text--lh\" style=\"font-size: 1.4rem; font-family: Helvetica, Tahoma, sans-serif;\">\n<p>Ta s\u0142omkowo-\u017c\u00f3\u0142ta grappa jest kompozycj\u0105 gron szczep\u00f3w Schiava Gentile, Pinot Noir, Chardonnay i innych rosn\u0105cych w s\u0142onecznych winnicach Po\u0142udniowego Tyrolu. Wytwarzana wed\u0142ug najstarszych technologii destylacyjnych. Rafinowana i le\u017cakowana w d\u0119bowych beczkach. Wyr\u00f3\u017cnia si\u0119 \u015bwie\u017cymi, czystymi aromatami z delikatnym posmakiem wanilii. Serwowa\u0107 w temperaturze 16\u00b0.<\/p>\n<\/p><\/div>\n","protected":false},"excerpt":{"rendered":"<div class=\"c-product__details c-text\" style=\"font-size: 1.4rem; font-family: Helvetica, Tahoma, sans-serif;\">\n<p><span class=\"h-ws-nw\">Kraj: W\u0142ochy<\/span>\u00a0<span class=\"h-ws-nw\">Producent:\u00a0<a href=\"https:\/\/wina-mp.pl\/producent\/roner\">Roner<\/a>\u00a0<\/span>\u00a0<span class=\"h-ws-nw\">Poj.: 0.03<\/span>\u00a0<span class=\"h-ws-nw\">Zaw. Alk. %: 42.0<\/span><\/p>\n<\/p><\/div>\n<div class=\"c-product__desc c-text c-text--lh\" style=\"font-size: 1.4rem; font-family: Helvetica, Tahoma, sans-serif;\">\n<p>Ta s\u0142omkowo-\u017c\u00f3\u0142ta grappa jest kompozycj\u0105 gron szczep\u00f3w Schiava Gentile, Pinot Noir, Chardonnay i innych rosn\u0105cych w s\u0142onecznych winnicach Po\u0142udniowego Tyrolu. Wytwarzana wed\u0142ug najstarszych technologii destylacyjnych. Rafinowana i le\u017cakowana w d\u0119bowych beczkach. Wyr\u00f3\u017cnia si\u0119 \u015bwie\u017cymi, czystymi aromatami z delikatnym posmakiem wanilii. Serwowa\u0107 w temperaturze 16\u00b0.<\/p>\n<\/p><\/div>\n","protected":false},"featured_media":16440,"comment_status":"open","ping_status":"closed","template":"","meta":[],"product_cat":[142,209],"product_tag":[],"class_list":{"0":"post-16441","1":"product","2":"type-product","3":"status-publish","4":"has-post-thumbnail","6":"product_cat-alkohole-mocne","7":"product_cat-grappa","9":"first","10":"instock","11":"shipping-taxable","12":"purchasable","13":"product-type-simple"},"_links":{"self":[{"href":"http:\/\/delikatesy.wineport.pl\/index.php?rest_route=\/wp\/v2\/product\/16441","targetHints":{"allow":["GET"]}}],"collection":[{"href":"http:\/\/delikatesy.wineport.pl\/index.php?rest_route=\/wp\/v2\/product"}],"about":[{"href":"http:\/\/delikatesy.wineport.pl\/index.php?rest_route=\/wp\/v2\/types\/product"}],"replies":[{"embeddable":true,"href":"http:\/\/delikatesy.wineport.pl\/index.php?rest_route=%2Fwp%2Fv2%2Fcomments&post=16441"}],"wp:featuredmedia":[{"embeddable":true,"href":"http:\/\/delikatesy.wineport.pl\/index.php?rest_route=\/wp\/v2\/media\/16440"}],"wp:attachment":[{"href":"http:\/\/delikatesy.wineport.pl\/index.php?rest_route=%2Fwp%2Fv2%2Fmedia&parent=16441"}],"wp:term":[{"taxonomy":"product_cat","embeddable":true,"href":"http:\/\/delikatesy.wineport.pl\/index.php?rest_route=%2Fwp%2Fv2%2Fproduct_cat&post=16441"},{"taxonomy":"product_tag","embeddable":true,"href":"http:\/\/delikatesy.wineport.pl\/index.php?rest_route=%2Fwp%2Fv2%2Fproduct_tag&post=16441"}],"curies":[{"name":"wp","href":"https:\/\/api.w.org\/{rel}","templated":true}]}}