{"id":16447,"date":"2024-03-14T14:18:42","date_gmt":"2024-03-14T13:18:42","guid":{"rendered":"http:\/\/delikatesy.wineport.pl\/?product=la-morbida-grappa-ambra-0-7l"},"modified":"2026-05-10T19:47:05","modified_gmt":"2026-05-10T17:47:05","slug":"la-morbida-grappa-ambra-0-7l","status":"publish","type":"product","link":"http:\/\/delikatesy.wineport.pl\/?product=la-morbida-grappa-ambra-0-7l","title":{"rendered":"LA MORBIDA GRAPPA AMBRA 0.7l"},"content":{"rendered":"<div class=\"c-product__details c-text\" style=\"font-size: 1.4rem; font-family: Helvetica, Tahoma, sans-serif;\">\n<p><span class=\"h-ws-nw\">Kraj: W\u0142ochy<\/span>\u00a0<span class=\"h-ws-nw\">Producent:\u00a0<a href=\"https:\/\/wina-mp.pl\/producent\/roner\">Roner<\/a>\u00a0<\/span>\u00a0<span class=\"h-ws-nw\">Poj.: 0.7<\/span>\u00a0<span class=\"h-ws-nw\">Zaw. Alk. %: 40.0<\/span><\/p>\n<\/p><\/div>\n<div class=\"c-product__desc c-text c-text--lh\" style=\"font-size: 1.4rem; font-family: Helvetica, Tahoma, sans-serif;\">\n<p>Grappa La Morbida Ambra jest mieszank\u0105 wyselekcjonowanych gron szczep\u00f3w Moscato i Chardonnay, pochodz\u0105cych z po\u0142udniowo tyrolskich winnic. Swoj\u0105 wspania\u0142\u0105 jako\u015b\u0107 zawdzi\u0119cza produkcji najnowocze\u015bniejszymi technikami destylacyjnymi. Dzi\u0119ki rafinacji w ma\u0142ych d\u0119bowych beczkach uzyskuje pi\u0119kny bursztynowy kolor oraz nabiera wyj\u0105tkowej g\u0142adko\u015bci i elegancji. Serwowa\u0107 w temperaturze 16\u00b0C.<\/p>\n<\/p><\/div>\n","protected":false},"excerpt":{"rendered":"<div class=\"c-product__details c-text\" style=\"font-size: 1.4rem; font-family: Helvetica, Tahoma, sans-serif;\">\n<p><span class=\"h-ws-nw\">Kraj: W\u0142ochy<\/span>\u00a0<span class=\"h-ws-nw\">Producent:\u00a0<a href=\"https:\/\/wina-mp.pl\/producent\/roner\">Roner<\/a>\u00a0<\/span>\u00a0<span class=\"h-ws-nw\">Poj.: 0.7<\/span>\u00a0<span class=\"h-ws-nw\">Zaw. Alk. %: 40.0<\/span><\/p>\n<\/p><\/div>\n<div class=\"c-product__desc c-text c-text--lh\" style=\"font-size: 1.4rem; font-family: Helvetica, Tahoma, sans-serif;\">\n<p>Grappa La Morbida Ambra jest mieszank\u0105 wyselekcjonowanych gron szczep\u00f3w Moscato i Chardonnay, pochodz\u0105cych z po\u0142udniowo tyrolskich winnic. Swoj\u0105 wspania\u0142\u0105 jako\u015b\u0107 zawdzi\u0119cza produkcji najnowocze\u015bniejszymi technikami destylacyjnymi. Dzi\u0119ki rafinacji w ma\u0142ych d\u0119bowych beczkach uzyskuje pi\u0119kny bursztynowy kolor oraz nabiera wyj\u0105tkowej g\u0142adko\u015bci i elegancji. Serwowa\u0107 w temperaturze 16\u00b0C.<\/p>\n<\/p><\/div>\n","protected":false},"featured_media":16446,"comment_status":"open","ping_status":"closed","template":"","meta":[],"product_cat":[142,209],"product_tag":[],"class_list":{"0":"post-16447","1":"product","2":"type-product","3":"status-publish","4":"has-post-thumbnail","6":"product_cat-alkohole-mocne","7":"product_cat-grappa","9":"first","10":"instock","11":"shipping-taxable","12":"purchasable","13":"product-type-simple"},"_links":{"self":[{"href":"http:\/\/delikatesy.wineport.pl\/index.php?rest_route=\/wp\/v2\/product\/16447","targetHints":{"allow":["GET"]}}],"collection":[{"href":"http:\/\/delikatesy.wineport.pl\/index.php?rest_route=\/wp\/v2\/product"}],"about":[{"href":"http:\/\/delikatesy.wineport.pl\/index.php?rest_route=\/wp\/v2\/types\/product"}],"replies":[{"embeddable":true,"href":"http:\/\/delikatesy.wineport.pl\/index.php?rest_route=%2Fwp%2Fv2%2Fcomments&post=16447"}],"wp:featuredmedia":[{"embeddable":true,"href":"http:\/\/delikatesy.wineport.pl\/index.php?rest_route=\/wp\/v2\/media\/16446"}],"wp:attachment":[{"href":"http:\/\/delikatesy.wineport.pl\/index.php?rest_route=%2Fwp%2Fv2%2Fmedia&parent=16447"}],"wp:term":[{"taxonomy":"product_cat","embeddable":true,"href":"http:\/\/delikatesy.wineport.pl\/index.php?rest_route=%2Fwp%2Fv2%2Fproduct_cat&post=16447"},{"taxonomy":"product_tag","embeddable":true,"href":"http:\/\/delikatesy.wineport.pl\/index.php?rest_route=%2Fwp%2Fv2%2Fproduct_tag&post=16447"}],"curies":[{"name":"wp","href":"https:\/\/api.w.org\/{rel}","templated":true}]}}