{"id":16455,"date":"2024-03-14T14:18:43","date_gmt":"2024-03-14T13:18:43","guid":{"rendered":"http:\/\/delikatesy.wineport.pl\/?product=roner-weissburgunder-grappa-invecchia-0-7l"},"modified":"2026-05-10T19:47:07","modified_gmt":"2026-05-10T17:47:07","slug":"roner-weissburgunder-grappa-invecchia-0-7l","status":"publish","type":"product","link":"http:\/\/delikatesy.wineport.pl\/?product=roner-weissburgunder-grappa-invecchia-0-7l","title":{"rendered":"RONER WEISSBURGUNDER GRAPPA INVECCHIA 0.7l"},"content":{"rendered":"<div class=\"c-product__details c-text\" style=\"font-size: 1.4rem; font-family: Helvetica, Tahoma, sans-serif;\">\n<p><span class=\"h-ws-nw\">Kraj: W\u0142ochy<\/span>\u00a0<span class=\"h-ws-nw\">Producent:\u00a0<a href=\"https:\/\/wina-mp.pl\/producent\/roner\">Roner<\/a>\u00a0<\/span>\u00a0<span class=\"h-ws-nw\">Poj.: 0.7<\/span>\u00a0<span class=\"h-ws-nw\">Zaw. Alk. %: 40.0<\/span><\/p>\n<\/p><\/div>\n<div class=\"c-product__desc c-text c-text--lh\" style=\"font-size: 1.4rem; font-family: Helvetica, Tahoma, sans-serif;\">\n<p>Ten unikalny trunek zosta\u0142 wydestylowany na cze\u015b\u0107 okr\u0105g\u0142ej rocznicy urodzin Karin Roner. Do produkcji u\u017cyto wyt\u0142ok\u00f3w wy\u0142\u0105cznie szczepu Pinot Blanc, pochodz\u0105cych z presti\u017cowej, idealnej dla tej odmiany, dzia\u0142ki po\u0142o\u017conej powy\u017cej jeziora Caldaro. Grappa ta powsta\u0142a w limitowanej ilo\u015bci tylko 890 butelek. Dojrzewa\u0142a przez 12 miesi\u0119cy, z czego najpierw przez 8 miesi\u0119cy w nowych, specjalnie wypalanych, d\u0119bowych beczkach, a nast\u0119pnie kolejne 4 miesi\u0105ce w beczkach z drzewa wi\u015bniowego. W aromacie odnajdujemy nuty jab\u0142ka wzmocnione akcentami czerwonych owoc\u00f3w. W Ustach jest uwodzicielska, elegancka i wyrafinowana- mo\u017cna powiedzie\u0107: kobieca. Idealnie \u0142\u0105czy delikatno\u015b\u0107 i pe\u0142ni\u0119 smaku. Karin Roner t\u0105 grapp\u0105 \u015bwi\u0119tuje najpi\u0119kniejsze i najprzyjemniejsze momenty w \u017cyciu. Teraz r\u00f3wnie\u017c my mo\u017cemy si\u0119 ni\u0105 cieszy\u0107 wraz z naszymi najbli\u017cszymi.<\/p>\n<\/p><\/div>\n","protected":false},"excerpt":{"rendered":"<div class=\"c-product__details c-text\" style=\"font-size: 1.4rem; font-family: Helvetica, Tahoma, sans-serif;\">\n<p><span class=\"h-ws-nw\">Kraj: W\u0142ochy<\/span>\u00a0<span class=\"h-ws-nw\">Producent:\u00a0<a href=\"https:\/\/wina-mp.pl\/producent\/roner\">Roner<\/a>\u00a0<\/span>\u00a0<span class=\"h-ws-nw\">Poj.: 0.7<\/span>\u00a0<span class=\"h-ws-nw\">Zaw. Alk. %: 40.0<\/span><\/p>\n<\/p><\/div>\n<div class=\"c-product__desc c-text c-text--lh\" style=\"font-size: 1.4rem; font-family: Helvetica, Tahoma, sans-serif;\">\n<p>Ten unikalny trunek zosta\u0142 wydestylowany na cze\u015b\u0107 okr\u0105g\u0142ej rocznicy urodzin Karin Roner. Do produkcji u\u017cyto wyt\u0142ok\u00f3w wy\u0142\u0105cznie szczepu Pinot Blanc, pochodz\u0105cych z presti\u017cowej, idealnej dla tej odmiany, dzia\u0142ki po\u0142o\u017conej powy\u017cej jeziora Caldaro. Grappa ta powsta\u0142a w limitowanej ilo\u015bci tylko 890 butelek. Dojrzewa\u0142a przez 12 miesi\u0119cy, z czego najpierw przez 8 miesi\u0119cy w nowych, specjalnie wypalanych, d\u0119bowych beczkach, a nast\u0119pnie kolejne 4 miesi\u0105ce w beczkach z drzewa wi\u015bniowego. W aromacie odnajdujemy nuty jab\u0142ka wzmocnione akcentami czerwonych owoc\u00f3w. W Ustach jest uwodzicielska, elegancka i wyrafinowana- mo\u017cna powiedzie\u0107: kobieca. Idealnie \u0142\u0105czy delikatno\u015b\u0107 i pe\u0142ni\u0119 smaku. Karin Roner t\u0105 grapp\u0105 \u015bwi\u0119tuje najpi\u0119kniejsze i najprzyjemniejsze momenty w \u017cyciu. Teraz r\u00f3wnie\u017c my mo\u017cemy si\u0119 ni\u0105 cieszy\u0107 wraz z naszymi najbli\u017cszymi.<\/p>\n<\/p><\/div>\n","protected":false},"featured_media":16454,"comment_status":"open","ping_status":"closed","template":"","meta":[],"product_cat":[142,209],"product_tag":[],"class_list":{"0":"post-16455","1":"product","2":"type-product","3":"status-publish","4":"has-post-thumbnail","6":"product_cat-alkohole-mocne","7":"product_cat-grappa","9":"first","10":"instock","11":"shipping-taxable","12":"purchasable","13":"product-type-simple"},"_links":{"self":[{"href":"http:\/\/delikatesy.wineport.pl\/index.php?rest_route=\/wp\/v2\/product\/16455","targetHints":{"allow":["GET"]}}],"collection":[{"href":"http:\/\/delikatesy.wineport.pl\/index.php?rest_route=\/wp\/v2\/product"}],"about":[{"href":"http:\/\/delikatesy.wineport.pl\/index.php?rest_route=\/wp\/v2\/types\/product"}],"replies":[{"embeddable":true,"href":"http:\/\/delikatesy.wineport.pl\/index.php?rest_route=%2Fwp%2Fv2%2Fcomments&post=16455"}],"wp:featuredmedia":[{"embeddable":true,"href":"http:\/\/delikatesy.wineport.pl\/index.php?rest_route=\/wp\/v2\/media\/16454"}],"wp:attachment":[{"href":"http:\/\/delikatesy.wineport.pl\/index.php?rest_route=%2Fwp%2Fv2%2Fmedia&parent=16455"}],"wp:term":[{"taxonomy":"product_cat","embeddable":true,"href":"http:\/\/delikatesy.wineport.pl\/index.php?rest_route=%2Fwp%2Fv2%2Fproduct_cat&post=16455"},{"taxonomy":"product_tag","embeddable":true,"href":"http:\/\/delikatesy.wineport.pl\/index.php?rest_route=%2Fwp%2Fv2%2Fproduct_tag&post=16455"}],"curies":[{"name":"wp","href":"https:\/\/api.w.org\/{rel}","templated":true}]}}